{"id":3318,"date":"2024-06-13T14:11:40","date_gmt":"2024-06-13T12:11:40","guid":{"rendered":"https:\/\/fojo.se\/faktajouren\/?page_id=3318"},"modified":"2025-11-13T07:26:47","modified_gmt":"2025-11-13T06:26:47","slug":"gyllene-bjallran","status":"publish","type":"page","link":"https:\/\/fojo.se\/verify\/gyllene-bjallran\/","title":{"rendered":"Gyllene Bj\u00e4llran"},"content":{"rendered":"\t\t<div data-elementor-type=\"wp-page\" data-elementor-id=\"3318\" class=\"elementor elementor-3318\" data-elementor-post-type=\"page\">\n\t\t\t\t<div class=\"elementor-element elementor-element-62bef1b3 e-flex e-con-boxed e-con e-parent\" data-id=\"62bef1b3\" data-element_type=\"container\" data-e-type=\"container\" data-settings=\"{&quot;background_background&quot;:&quot;gradient&quot;}\">\n\t\t\t\t\t<div class=\"e-con-inner\">\n\t\t\t\t<div class=\"elementor-element elementor-element-123ea950 elementor-widget elementor-widget-heading\" data-id=\"123ea950\" data-element_type=\"widget\" data-e-type=\"widget\" data-widget_type=\"heading.default\">\n\t\t\t\t<div class=\"elementor-widget-container\">\n\t\t\t\t\t<h1 class=\"elementor-heading-title elementor-size-default\">Gyllene bj\u00e4llran<\/h1>\t\t\t\t<\/div>\n\t\t\t\t<\/div>\n\t\t\t\t<div class=\"elementor-element elementor-element-7d2c7fb6 elementor-widget elementor-widget-heading\" data-id=\"7d2c7fb6\" data-element_type=\"widget\" data-e-type=\"widget\" data-widget_type=\"heading.default\">\n\t\t\t\t<div class=\"elementor-widget-container\">\n\t\t\t\t\t<h6 class=\"elementor-heading-title elementor-size-default\">Gyllene Bj\u00e4llran \u00e4r ett pris som delas ut \u00e5rligen till journalister som utm\u00e4rkt sig inom digital granskande journalistik<\/h6>\t\t\t\t<\/div>\n\t\t\t\t<\/div>\n\t\t\t\t\t<\/div>\n\t\t\t\t<\/div>\n\t\t<div class=\"elementor-element elementor-element-552007a2 e-flex e-con-boxed e-con e-parent\" data-id=\"552007a2\" data-element_type=\"container\" data-e-type=\"container\">\n\t\t\t\t\t<div class=\"e-con-inner\">\n\t\t\t\t<div class=\"elementor-element elementor-element-b0f82a2 elementor-widget elementor-widget-heading\" data-id=\"b0f82a2\" data-element_type=\"widget\" data-e-type=\"widget\" data-widget_type=\"heading.default\">\n\t\t\t\t<div class=\"elementor-widget-container\">\n\t\t\t\t\t<h5 class=\"elementor-heading-title elementor-size-default\">Tidskriften Expo vinner Gyllene Bj\u00e4llran 2025<\/h5>\t\t\t\t<\/div>\n\t\t\t\t<\/div>\n\t\t\t\t<div class=\"elementor-element elementor-element-de56df2 elementor-widget elementor-widget-image\" data-id=\"de56df2\" data-element_type=\"widget\" data-e-type=\"widget\" data-widget_type=\"image.default\">\n\t\t\t\t<div class=\"elementor-widget-container\">\n\t\t\t\t\t\t\t\t\t\t\t\t\t\t\t<img fetchpriority=\"high\" decoding=\"async\" width=\"800\" height=\"534\" src=\"https:\/\/fojo.se\/verify\/wp-content\/uploads\/sites\/5\/2025\/11\/Vinnare-1024x683.jpg\" class=\"attachment-large size-large wp-image-4037\" alt=\"\" srcset=\"https:\/\/fojo.se\/verify\/wp-content\/uploads\/sites\/5\/2025\/11\/Vinnare-1024x683.jpg 1024w, https:\/\/fojo.se\/verify\/wp-content\/uploads\/sites\/5\/2025\/11\/Vinnare-300x200.jpg 300w, https:\/\/fojo.se\/verify\/wp-content\/uploads\/sites\/5\/2025\/11\/Vinnare-768x512.jpg 768w, https:\/\/fojo.se\/verify\/wp-content\/uploads\/sites\/5\/2025\/11\/Vinnare.jpg 1200w\" sizes=\"(max-width: 800px) 100vw, 800px\" \/>\t\t\t\t\t\t\t\t\t\t\t\t\t\t\t<\/div>\n\t\t\t\t<\/div>\n\t\t<div class=\"elementor-element elementor-element-34b88b8 e-con-full e-flex e-con e-child\" data-id=\"34b88b8\" data-element_type=\"container\" data-e-type=\"container\">\n\t\t\t\t<div class=\"elementor-element elementor-element-d424371 elementor-widget elementor-widget-text-editor\" data-id=\"d424371\" data-element_type=\"widget\" data-e-type=\"widget\" data-widget_type=\"text-editor.default\">\n\t\t\t\t<div class=\"elementor-widget-container\">\n\t\t\t\t\t\t\t\t\t<p><b>Motiveringen lyder som f\u00f6ljer: <br \/><br \/><\/b>Tidskriften Expo vinner Gyllene Bj\u00e4llran f\u00f6r en modig granskning som genom noggrant nystande med hj\u00e4lp av OSINT-metoder riktade hela Sveriges str\u00e5lkastare mot en illa upplyst n\u00e4tmilj\u00f6, hur unga m\u00e4n radikaliseras d\u00e4r, och hur den v\u00e5ldsbejakande h\u00f6gerextremismen ouppt\u00e4ckt krupit sig n\u00e4ra makten.<\/p>\n<p><a href=\"https:\/\/fojo.se\/det-har-visar-att-langsiktiga-granskningar-lonar-sig\/\" target=\"_blank\" rel=\"noopener\">L\u00e4s en intervju med vinnarna h\u00e4r.\u00a0<\/a><\/p>\t\t\t\t\t\t\t\t<\/div>\n\t\t\t\t<\/div>\n\t\t\t\t<div class=\"elementor-element elementor-element-363ae15 elementor-widget elementor-widget-heading\" data-id=\"363ae15\" data-element_type=\"widget\" data-e-type=\"widget\" data-widget_type=\"heading.default\">\n\t\t\t\t<div class=\"elementor-widget-container\">\n\t\t\t\t\t<h6 class=\"elementor-heading-title elementor-size-default\">Hederspriset g\u00e5r till Lilla Aktuellt<\/h6>\t\t\t\t<\/div>\n\t\t\t\t<\/div>\n\t\t\t\t<div class=\"elementor-element elementor-element-a8b98b9 elementor-widget elementor-widget-image\" data-id=\"a8b98b9\" data-element_type=\"widget\" data-e-type=\"widget\" data-widget_type=\"image.default\">\n\t\t\t\t<div class=\"elementor-widget-container\">\n\t\t\t\t\t\t\t\t\t\t\t\t\t\t\t<img decoding=\"async\" width=\"800\" height=\"534\" src=\"https:\/\/fojo.se\/verify\/wp-content\/uploads\/sites\/5\/2025\/11\/Hederspris-1024x683.jpg\" class=\"attachment-large size-large wp-image-4038\" alt=\"\" srcset=\"https:\/\/fojo.se\/verify\/wp-content\/uploads\/sites\/5\/2025\/11\/Hederspris-1024x683.jpg 1024w, https:\/\/fojo.se\/verify\/wp-content\/uploads\/sites\/5\/2025\/11\/Hederspris-300x200.jpg 300w, https:\/\/fojo.se\/verify\/wp-content\/uploads\/sites\/5\/2025\/11\/Hederspris-768x512.jpg 768w, https:\/\/fojo.se\/verify\/wp-content\/uploads\/sites\/5\/2025\/11\/Hederspris.jpg 1200w\" sizes=\"(max-width: 800px) 100vw, 800px\" \/>\t\t\t\t\t\t\t\t\t\t\t\t\t\t\t<\/div>\n\t\t\t\t<\/div>\n\t\t\t\t<div class=\"elementor-element elementor-element-8a428ee elementor-widget elementor-widget-text-editor\" data-id=\"8a428ee\" data-element_type=\"widget\" data-e-type=\"widget\" data-widget_type=\"text-editor.default\">\n\t\t\t\t<div class=\"elementor-widget-container\">\n\t\t\t\t\t\t\t\t\t<p><span data-teams=\"true\"><strong>Motiveringen lyder som f\u00f6ljer: <\/strong><br \/><br \/>Ett hedersomn\u00e4mnande till Lilla Aktuellt f\u00f6r deras nyskapande pedagogiska arbete med verifiering och faktagranskning. I serien\u00a0<i>Hur vet jag om det st\u00e4mmer?<\/i>\u00a0lyckas de p\u00e5 ett genomt\u00e4nkt och tillg\u00e4ngligt s\u00e4tt engagera en ung publik i k\u00e4llkritikens och sanningss\u00f6kandets k\u00e4rna.<\/span><\/p>\n<p><a href=\"https:\/\/fojo.se\/vi-vill-ge-barn-verktyg-att-sjalva-ta-reda-pa-vad-som-stammer\/\" target=\"_blank\" rel=\"noopener\">L\u00e4s en intervju med vinnarna av hederspriset h\u00e4r.\u00a0<\/a><\/p>\t\t\t\t\t\t\t\t<\/div>\n\t\t\t\t<\/div>\n\t\t\t\t<\/div>\n\t\t\t\t<div class=\"elementor-element elementor-element-cc26d43 elementor-widget elementor-widget-heading\" data-id=\"cc26d43\" data-element_type=\"widget\" data-e-type=\"widget\" data-widget_type=\"heading.default\">\n\t\t\t\t<div class=\"elementor-widget-container\">\n\t\t\t\t\t<h6 class=\"elementor-heading-title elementor-size-default\">Om priset Gyllene Bj\u00e4llran<\/h6>\t\t\t\t<\/div>\n\t\t\t\t<\/div>\n\t\t\t\t<div class=\"elementor-element elementor-element-3260832b elementor-widget elementor-widget-text-editor\" data-id=\"3260832b\" data-element_type=\"widget\" data-e-type=\"widget\" data-widget_type=\"text-editor.default\">\n\t\t\t\t<div class=\"elementor-widget-container\">\n\t\t\t\t\t\t\t\t\t<p>F\u00f6r att stimulera intresset f\u00f6r den journalistiska genren fact-checking har Fojo instiftat priset Gyllene Bj\u00e4llran. Priset ska ge extra glans \u00e5t den eller de som ger sig p\u00e5 att granska vad som p\u00e5g\u00e5r i den digitala milj\u00f6n.\u00a0<\/p>\n<p>Priset ska g\u00e5 till en enskild journalist eller redaktion som har gjort allm\u00e4nheten uppm\u00e4rksam p\u00e5 felaktigheter i den digitala informationsmilj\u00f6n, eller som p\u00e5 annat s\u00e4tt bidragit till att \u00f6ka kunskap om fact-checking\/k\u00e4llkritik hos allm\u00e4nheten. Det kan till exempel handla om klassiska granskningar av makthavares uttalanden, sp\u00e5rande av avs\u00e4ndaren till m\u00e4rkliga filmer i sociala medier eller kartl\u00e4ggning av falska webbplatser.<\/p>\n<p><!-- \/wp:paragraph --><!-- wp:paragraph --><!-- \/wp:paragraph --><\/p>\t\t\t\t\t\t\t\t<\/div>\n\t\t\t\t<\/div>\n\t\t\t\t<div class=\"elementor-element elementor-element-97252e2 elementor-widget elementor-widget-image\" data-id=\"97252e2\" data-element_type=\"widget\" data-e-type=\"widget\" data-widget_type=\"image.default\">\n\t\t\t\t<div class=\"elementor-widget-container\">\n\t\t\t\t\t\t\t\t\t\t\t\t\t\t\t<img decoding=\"async\" width=\"800\" height=\"200\" src=\"https:\/\/fojo.se\/verify\/wp-content\/uploads\/sites\/5\/2025\/08\/GYLLENE-BJALLRAN-banner-1024x256.jpg\" class=\"attachment-large size-large wp-image-3822\" alt=\"\" srcset=\"https:\/\/fojo.se\/verify\/wp-content\/uploads\/sites\/5\/2025\/08\/GYLLENE-BJALLRAN-banner-1024x256.jpg 1024w, https:\/\/fojo.se\/verify\/wp-content\/uploads\/sites\/5\/2025\/08\/GYLLENE-BJALLRAN-banner-300x75.jpg 300w, https:\/\/fojo.se\/verify\/wp-content\/uploads\/sites\/5\/2025\/08\/GYLLENE-BJALLRAN-banner-768x192.jpg 768w, https:\/\/fojo.se\/verify\/wp-content\/uploads\/sites\/5\/2025\/08\/GYLLENE-BJALLRAN-banner-1536x384.jpg 1536w, https:\/\/fojo.se\/verify\/wp-content\/uploads\/sites\/5\/2025\/08\/GYLLENE-BJALLRAN-banner.jpg 1584w\" sizes=\"(max-width: 800px) 100vw, 800px\" \/>\t\t\t\t\t\t\t\t\t\t\t\t\t\t\t<\/div>\n\t\t\t\t<\/div>\n\t\t\t\t<div class=\"elementor-element elementor-element-1e97b0a elementor-widget-divider--view-line elementor-widget elementor-widget-divider\" data-id=\"1e97b0a\" data-element_type=\"widget\" data-e-type=\"widget\" data-widget_type=\"divider.default\">\n\t\t\t\t<div class=\"elementor-widget-container\">\n\t\t\t\t\t\t\t<div class=\"elementor-divider\">\n\t\t\t<span class=\"elementor-divider-separator\">\n\t\t\t\t\t\t<\/span>\n\t\t<\/div>\n\t\t\t\t\t\t<\/div>\n\t\t\t\t<\/div>\n\t\t\t\t<div class=\"elementor-element elementor-element-7a9b59e elementor-widget elementor-widget-text-editor\" data-id=\"7a9b59e\" data-element_type=\"widget\" data-e-type=\"widget\" data-widget_type=\"text-editor.default\">\n\t\t\t\t<div class=\"elementor-widget-container\">\n\t\t\t\t\t\t\t\t\t<p>Nomineringsperioden f\u00f6r Gyllene bj\u00e4llran \u00f6ppnar i juni och st\u00e4nger den 30 september. Priset, som 2024 gick till Sydsvenskans stj\u00e4rnskott Inas Hamdan och \u00e5ret dessf\u00f6rinnan till SVT:s Rysslandsdesk, delas ut i samband med Fojos \u00e5rliga konferens inom fact-checking, Fojo Verify Day (tidigare SweFactCheck), i november.<\/p>\n<p><strong style=\"text-align: var(--text-align); font-size: 1rem;\">Arbetet ska vara originaljournalistik och bed\u00f6ms av en jury som v\u00e4ger in f\u00f6ljande:<\/strong><\/p>\n<ul>\n<li>Sj\u00e4lvst\u00e4ndigheten och originaliteten i arbetet<\/li>\n<li>Hur IFCN:s kriterier f\u00f6r den journalistiska genren fact-checking har tagits i beaktande n\u00e4r det g\u00e4ller val av publicering att granska\/kartl\u00e4gga och transparens gentemot publiken n\u00e4r det g\u00e4ller metoden<\/li>\n<li>Presentation av materialet<\/li>\n<li>Metod<\/li>\n<li>Granskningens genomslag.&nbsp;<\/li>\n<\/ul>\t\t\t\t\t\t\t\t<\/div>\n\t\t\t\t<\/div>\n\t\t\t\t<div class=\"elementor-element elementor-element-d11adae elementor-hidden-desktop elementor-hidden-laptop elementor-hidden-tablet elementor-hidden-mobile elementor-widget elementor-widget-heading\" data-id=\"d11adae\" data-element_type=\"widget\" data-e-type=\"widget\" data-widget_type=\"heading.default\">\n\t\t\t\t<div class=\"elementor-widget-container\">\n\t\t\t\t\t<h4 class=\"elementor-heading-title elementor-size-default\">Nominera<\/h4>\t\t\t\t<\/div>\n\t\t\t\t<\/div>\n\t\t\t\t<div class=\"elementor-element elementor-element-aadb203 elementor-hidden-desktop elementor-hidden-laptop elementor-hidden-tablet elementor-hidden-mobile elementor-button-align-stretch elementor-widget elementor-widget-form\" data-id=\"aadb203\" data-element_type=\"widget\" data-e-type=\"widget\" data-settings=\"{&quot;step_next_label&quot;:&quot;N\\u00e4sta&quot;,&quot;step_previous_label&quot;:&quot;F\\u00f6reg\\u00e5ende&quot;,&quot;button_width&quot;:&quot;100&quot;,&quot;step_type&quot;:&quot;number_text&quot;,&quot;step_icon_shape&quot;:&quot;circle&quot;}\" data-widget_type=\"form.default\">\n\t\t\t\t<div class=\"elementor-widget-container\">\n\t\t\t\t\t\t\t<form class=\"elementor-form\" method=\"post\" id=\"gyllenebjallran2025\" name=\"Gyllene bj\u00e4llran 2025\" aria-label=\"Gyllene bj\u00e4llran 2025\">\n\t\t\t<input type=\"hidden\" name=\"post_id\" value=\"3318\"\/>\n\t\t\t<input type=\"hidden\" name=\"form_id\" value=\"aadb203\"\/>\n\t\t\t<input type=\"hidden\" name=\"referer_title\" value=\"Gyllene Bj\u00e4llran - Fojo Verify\" \/>\n\n\t\t\t\t\t\t\t<input type=\"hidden\" name=\"queried_id\" value=\"3318\"\/>\n\t\t\t\n\t\t\t<div class=\"elementor-form-fields-wrapper elementor-labels-\">\n\t\t\t\t\t\t\t\t<div class=\"elementor-field-type-text elementor-field-group elementor-column elementor-field-group-name elementor-col-100\">\n\t\t\t\t\t\t\t\t\t\t\t\t<label for=\"form-field-name\" class=\"elementor-field-label elementor-screen-only\">\n\t\t\t\t\t\t\t\tNamn nominerad\t\t\t\t\t\t\t<\/label>\n\t\t\t\t\t\t\t\t\t\t\t\t\t\t<input size=\"1\" type=\"text\" name=\"form_fields[name]\" id=\"form-field-name\" class=\"elementor-field elementor-size-lg  elementor-field-textual\" placeholder=\"Namn p\u00e5 den\/de nominerade\">\n\t\t\t\t\t\t\t\t\t\t\t<\/div>\n\t\t\t\t\t\t\t\t<div class=\"elementor-field-type-text elementor-field-group elementor-column elementor-field-group-email elementor-col-100 elementor-field-required\">\n\t\t\t\t\t\t\t\t\t\t\t\t<label for=\"form-field-email\" class=\"elementor-field-label elementor-screen-only\">\n\t\t\t\t\t\t\t\tE-post nominerad\t\t\t\t\t\t\t<\/label>\n\t\t\t\t\t\t\t\t\t\t\t\t\t\t<input size=\"1\" type=\"text\" name=\"form_fields[email]\" id=\"form-field-email\" class=\"elementor-field elementor-size-lg  elementor-field-textual\" placeholder=\"E-post till den\/de nominerade\" required=\"required\">\n\t\t\t\t\t\t\t\t\t\t\t<\/div>\n\t\t\t\t\t\t\t\t<div class=\"elementor-field-type-textarea elementor-field-group elementor-column elementor-field-group-message elementor-col-100 elementor-field-required\">\n\t\t\t\t\t\t\t\t\t\t\t\t<label for=\"form-field-message\" class=\"elementor-field-label elementor-screen-only\">\n\t\t\t\t\t\t\t\tMotivering\t\t\t\t\t\t\t<\/label>\n\t\t\t\t\t\t<textarea class=\"elementor-field-textual elementor-field  elementor-size-lg\" name=\"form_fields[message]\" id=\"form-field-message\" rows=\"6\" placeholder=\"Motivering\" required=\"required\"><\/textarea>\t\t\t\t<\/div>\n\t\t\t\t\t\t\t\t<div class=\"elementor-field-type-url elementor-field-group elementor-column elementor-field-group-field_8b4fb5e elementor-col-100\">\n\t\t\t\t\t\t\t\t\t\t\t\t<label for=\"form-field-field_8b4fb5e\" class=\"elementor-field-label elementor-screen-only\">\n\t\t\t\t\t\t\t\tL\u00e4nk\t\t\t\t\t\t\t<\/label>\n\t\t\t\t\t\t\t\t\t\t\t\t\t\t<input size=\"1\" type=\"url\" name=\"form_fields[field_8b4fb5e]\" id=\"form-field-field_8b4fb5e\" class=\"elementor-field elementor-size-lg  elementor-field-textual\" placeholder=\"L\u00e4nk till material\">\n\t\t\t\t\t\t\t\t\t\t\t<\/div>\n\t\t\t\t\t\t\t\t<div class=\"elementor-field-type-text elementor-field-group elementor-column elementor-field-group-field_bf7f45d elementor-col-100 elementor-field-required\">\n\t\t\t\t\t\t\t\t\t\t\t\t<label for=\"form-field-field_bf7f45d\" class=\"elementor-field-label elementor-screen-only\">\n\t\t\t\t\t\t\t\tNamn anm\u00e4lare\t\t\t\t\t\t\t<\/label>\n\t\t\t\t\t\t\t\t\t\t\t\t\t\t<input size=\"1\" type=\"text\" name=\"form_fields[field_bf7f45d]\" id=\"form-field-field_bf7f45d\" class=\"elementor-field elementor-size-lg  elementor-field-textual\" placeholder=\"Namn p\u00e5 dig som nominerar\" required=\"required\">\n\t\t\t\t\t\t\t\t\t\t\t<\/div>\n\t\t\t\t\t\t\t\t<div class=\"elementor-field-type-email elementor-field-group elementor-column elementor-field-group-field_6bc15eb elementor-col-100\">\n\t\t\t\t\t\t\t\t\t\t\t\t<label for=\"form-field-field_6bc15eb\" class=\"elementor-field-label elementor-screen-only\">\n\t\t\t\t\t\t\t\tEpost anm\u00e4lare\t\t\t\t\t\t\t<\/label>\n\t\t\t\t\t\t\t\t\t\t\t\t\t\t<input size=\"1\" type=\"email\" name=\"form_fields[field_6bc15eb]\" id=\"form-field-field_6bc15eb\" class=\"elementor-field elementor-size-lg  elementor-field-textual\" placeholder=\"Epost till dig som nominerar\">\n\t\t\t\t\t\t\t\t\t\t\t<\/div>\n\t\t\t\t\t\t\t\t<div class=\"elementor-field-group elementor-column elementor-field-type-submit elementor-col-100 e-form__buttons\">\n\t\t\t\t\t<button class=\"elementor-button elementor-size-lg\" type=\"submit\">\n\t\t\t\t\t\t<span class=\"elementor-button-content-wrapper\">\n\t\t\t\t\t\t\t\t\t\t\t\t\t\t\t\t\t\t\t\t\t\t<span class=\"elementor-button-text\">Skicka<\/span>\n\t\t\t\t\t\t\t\t\t\t\t\t\t<\/span>\n\t\t\t\t\t<\/button>\n\t\t\t\t<\/div>\n\t\t\t<\/div>\n\t\t<\/form>\n\t\t\t\t\t\t<\/div>\n\t\t\t\t<\/div>\n\t\t\t\t<div class=\"elementor-element elementor-element-24e7ec8 elementor-widget elementor-widget-text-editor\" data-id=\"24e7ec8\" data-element_type=\"widget\" data-e-type=\"widget\" data-widget_type=\"text-editor.default\">\n\t\t\t\t<div class=\"elementor-widget-container\">\n\t\t\t\t\t\t\t\t\t<p><strong>Priset best\u00e5r av:<\/strong><\/p>\n<ul>\n<li>En garanterad plats p\u00e5 valfri Fojokurs inom ett \u00e5r efter mottagandet av priset.<\/li>\n<li>Diplom.<\/li>\n<li>Ingraverat namn p\u00e5 ett vandringspris.\u00a0\u00a0<\/li>\n<\/ul>\n<p>Ps: Vill du se exempel p\u00e5 genren fact-checking kan du bland annat kolla in norska <a href=\"https:\/\/www.faktisk.no\/\" target=\"_blank\" rel=\"noopener\">faktisk.no<\/a> eller brittiska <a href=\"https:\/\/fullfact.org\/\" target=\"_blank\" rel=\"noopener\">fullfact.org<\/a>.<\/p>\n<p><b>Mer om priset:<\/b><\/p>\n<p>Priset \u00e4r designat och framtaget i gjutj\u00e4rn och m\u00e4ssing av Fojos kommunikat\u00f6r Maya Verma Alm. Vinnaren f\u00e5r, ut\u00f6ver en valfri Fojokurs, ett diplom samt sitt namn ingraverat p\u00e5 en bricka p\u00e5 priset men priset \u00e4r ett vandringspris och kommer att stanna kvar f\u00f6r allm\u00e4n besk\u00e5dan p\u00e5 Fojo.<\/p>\t\t\t\t\t\t\t\t<\/div>\n\t\t\t\t<\/div>\n\t\t\t\t\t<\/div>\n\t\t\t\t<\/div>\n\t\t\t\t<\/div>\n\t\t","protected":false},"excerpt":{"rendered":"<p>Gyllene bj\u00e4llran Gyllene Bj\u00e4llran \u00e4r ett pris som delas ut \u00e5rligen till journalister som utm\u00e4rkt sig inom digital granskande journalistik Tidskriften Expo vinner Gyllene Bj\u00e4llran 2025 Motiveringen lyder som f\u00f6ljer: Tidskriften Expo vinner Gyllene Bj\u00e4llran f\u00f6r en modig granskning som genom noggrant nystande med hj\u00e4lp av OSINT-metoder riktade hela Sveriges str\u00e5lkastare mot en illa upplyst [&hellip;]<\/p>\n","protected":false},"author":6,"featured_media":3362,"parent":0,"menu_order":3,"comment_status":"closed","ping_status":"closed","template":"","meta":{"_monsterinsights_skip_tracking":false,"_monsterinsights_sitenote_active":false,"_monsterinsights_sitenote_note":"","_monsterinsights_sitenote_category":0,"footnotes":""},"class_list":["post-3318","page","type-page","status-publish","has-post-thumbnail","hentry"],"_links":{"self":[{"href":"https:\/\/fojo.se\/verify\/wp-json\/wp\/v2\/pages\/3318","targetHints":{"allow":["GET"]}}],"collection":[{"href":"https:\/\/fojo.se\/verify\/wp-json\/wp\/v2\/pages"}],"about":[{"href":"https:\/\/fojo.se\/verify\/wp-json\/wp\/v2\/types\/page"}],"author":[{"embeddable":true,"href":"https:\/\/fojo.se\/verify\/wp-json\/wp\/v2\/users\/6"}],"replies":[{"embeddable":true,"href":"https:\/\/fojo.se\/verify\/wp-json\/wp\/v2\/comments?post=3318"}],"version-history":[{"count":117,"href":"https:\/\/fojo.se\/verify\/wp-json\/wp\/v2\/pages\/3318\/revisions"}],"predecessor-version":[{"id":4047,"href":"https:\/\/fojo.se\/verify\/wp-json\/wp\/v2\/pages\/3318\/revisions\/4047"}],"wp:featuredmedia":[{"embeddable":true,"href":"https:\/\/fojo.se\/verify\/wp-json\/wp\/v2\/media\/3362"}],"wp:attachment":[{"href":"https:\/\/fojo.se\/verify\/wp-json\/wp\/v2\/media?parent=3318"}],"curies":[{"name":"wp","href":"https:\/\/api.w.org\/{rel}","templated":true}]}}