{"id":113,"date":"2024-01-18T08:08:49","date_gmt":"2024-01-18T07:08:49","guid":{"rendered":"https:\/\/fojo.se\/faktajouren\/?page_id=113"},"modified":"2024-04-17T11:12:05","modified_gmt":"2024-04-17T09:12:05","slug":"inspiration","status":"publish","type":"page","link":"https:\/\/fojo.se\/verify\/inspiration\/","title":{"rendered":"Inspiration"},"content":{"rendered":"\t\t<div data-elementor-type=\"wp-page\" data-elementor-id=\"113\" class=\"elementor elementor-113\" data-elementor-post-type=\"page\">\n\t\t\t\t<div class=\"elementor-element elementor-element-9f9f392 e-flex e-con-boxed e-con e-parent\" data-id=\"9f9f392\" data-element_type=\"container\" data-e-type=\"container\" data-settings=\"{&quot;background_background&quot;:&quot;classic&quot;}\">\n\t\t\t\t\t<div class=\"e-con-inner\">\n\t\t\t\t<div class=\"elementor-element elementor-element-11ad1b2 elementor-widget elementor-widget-heading\" data-id=\"11ad1b2\" data-element_type=\"widget\" data-e-type=\"widget\" data-widget_type=\"heading.default\">\n\t\t\t\t<div class=\"elementor-widget-container\">\n\t\t\t\t\t<h1 class=\"elementor-heading-title elementor-size-default\">Inspiration<\/h1>\t\t\t\t<\/div>\n\t\t\t\t<\/div>\n\t\t\t\t\t<\/div>\n\t\t\t\t<\/div>\n\t\t<div class=\"elementor-element elementor-element-cadee6d e-flex e-con-boxed e-con e-parent\" data-id=\"cadee6d\" data-element_type=\"container\" data-e-type=\"container\">\n\t\t\t\t\t<div class=\"e-con-inner\">\n\t\t\t\t<div class=\"elementor-element elementor-element-4822f081 elementor-widget elementor-widget-heading\" data-id=\"4822f081\" data-element_type=\"widget\" data-e-type=\"widget\" data-widget_type=\"heading.default\">\n\t\t\t\t<div class=\"elementor-widget-container\">\n\t\t\t\t\t<h6 class=\"elementor-heading-title elementor-size-default\">Det g\u00f6rs mycket relevant journalistik i av faktakollare \u00f6ver hela v\u00e4rlden. H\u00e4r finns exempel att inspireras av och intervjuer med experter av olika slag.<\/h6>\t\t\t\t<\/div>\n\t\t\t\t<\/div>\n\t\t\t\t\t<\/div>\n\t\t\t\t<\/div>\n\t\t<div class=\"elementor-element elementor-element-e287c9b e-flex e-con-boxed e-con e-parent\" data-id=\"e287c9b\" data-element_type=\"container\" data-e-type=\"container\">\n\t\t\t\t\t<div class=\"e-con-inner\">\n\t\t\t\t<div class=\"elementor-element elementor-element-657986d elementor-grid-3 elementor-grid-tablet-2 elementor-grid-mobile-1 elementor-widget elementor-widget-loop-grid\" data-id=\"657986d\" data-element_type=\"widget\" data-e-type=\"widget\" data-settings=\"{&quot;template_id&quot;:&quot;65&quot;,&quot;_skin&quot;:&quot;post&quot;,&quot;columns&quot;:&quot;3&quot;,&quot;columns_tablet&quot;:&quot;2&quot;,&quot;columns_mobile&quot;:&quot;1&quot;,&quot;edit_handle_selector&quot;:&quot;[data-elementor-type=\\&quot;loop-item\\&quot;]&quot;,&quot;row_gap&quot;:{&quot;unit&quot;:&quot;px&quot;,&quot;size&quot;:&quot;&quot;,&quot;sizes&quot;:[]},&quot;row_gap_laptop&quot;:{&quot;unit&quot;:&quot;px&quot;,&quot;size&quot;:&quot;&quot;,&quot;sizes&quot;:[]},&quot;row_gap_tablet&quot;:{&quot;unit&quot;:&quot;px&quot;,&quot;size&quot;:&quot;&quot;,&quot;sizes&quot;:[]},&quot;row_gap_mobile&quot;:{&quot;unit&quot;:&quot;px&quot;,&quot;size&quot;:&quot;&quot;,&quot;sizes&quot;:[]}}\" data-widget_type=\"loop-grid.post\">\n\t\t\t\t<div class=\"elementor-widget-container\">\n\t\t\t\t\t\t\t<div class=\"elementor-loop-container elementor-grid\" role=\"list\">\n\t\t<style id=\"loop-dynamic-65\">.e-loop-item-575 .elementor-element.elementor-element-05782ef:not(.elementor-motion-effects-element-type-background), .e-loop-item-575 .elementor-element.elementor-element-05782ef > .elementor-motion-effects-container > .elementor-motion-effects-layer{background-image:url(\"https:\/\/fojo.se\/verify\/wp-content\/uploads\/sites\/5\/2020\/02\/FJ-puffbild_sverigevanner.jpg\");}<\/style><style id=\"loop-65\">.elementor-65 .elementor-element.elementor-element-b7a39fe{--display:flex;--flex-direction:column;--container-widget-width:100%;--container-widget-height:initial;--container-widget-flex-grow:0;--container-widget-align-self:initial;--flex-wrap-mobile:wrap;--gap:0px 0px;--row-gap:0px;--column-gap:0px;--border-radius:25px 25px 25px 25px;box-shadow:0px 0px 10px 0px rgba(0,0,0,0.5);--margin-top:0px;--margin-bottom:0px;--margin-left:0px;--margin-right:0px;--padding-top:0px;--padding-bottom:0px;--padding-left:0px;--padding-right:0px;}.elementor-65 .elementor-element.elementor-element-05782ef{--display:flex;--min-height:200px;--border-radius:25px 25px 0px 0px;--margin-top:0px;--margin-bottom:0px;--margin-left:0px;--margin-right:0px;--padding-top:0px;--padding-bottom:0px;--padding-left:0px;--padding-right:0px;}.elementor-65 .elementor-element.elementor-element-05782ef:not(.elementor-motion-effects-element-type-background), .elementor-65 .elementor-element.elementor-element-05782ef > .elementor-motion-effects-container > .elementor-motion-effects-layer{background-position:center center;background-repeat:no-repeat;background-size:cover;}.elementor-65 .elementor-element.elementor-element-c3d6b8e{--display:flex;--margin-top:-12px;--margin-bottom:0px;--margin-left:0px;--margin-right:0px;--padding-top:0px;--padding-bottom:20px;--padding-left:20px;--padding-right:20px;}.elementor-65 .elementor-element.elementor-element-0584758 .elementor-button{font-size:0.75rem;fill:var( --e-global-color-c39bf05 );color:var( --e-global-color-c39bf05 );padding:5px 10px 5px 10px;}.elementor-65 .elementor-element.elementor-element-021f238 .elementor-heading-title{font-size:20px;}@media(min-width:768px){.elementor-65 .elementor-element.elementor-element-05782ef{--width:100%;}}@media(max-width:1450px) and (min-width:768px){.elementor-65 .elementor-element.elementor-element-b7a39fe{--width:100%;}}<\/style>\t\t<div data-elementor-type=\"loop-item\" data-elementor-id=\"65\" class=\"elementor elementor-65 e-loop-item e-loop-item-575 post-575 post type-post status-publish format-standard has-post-thumbnail hentry category-lastips category-inspiration tag-bildlos\" data-elementor-post-type=\"elementor_library\" data-custom-edit-handle=\"1\">\n\t\t\t<div class=\"elementor-element elementor-element-b7a39fe e-con-full e-flex e-con e-parent\" data-id=\"b7a39fe\" data-element_type=\"container\" data-e-type=\"container\">\n\t\t<a class=\"elementor-element elementor-element-05782ef e-con-full e-flex e-con e-child\" data-id=\"05782ef\" data-element_type=\"container\" data-e-type=\"container\" data-settings=\"{&quot;background_background&quot;:&quot;classic&quot;}\" href=\"https:\/\/fojo.se\/verify\/lastips-sverigevanner\/\">\n\t\t\t\t<\/a>\n\t\t<div class=\"elementor-element elementor-element-c3d6b8e e-flex e-con-boxed e-con e-child\" data-id=\"c3d6b8e\" data-element_type=\"container\" data-e-type=\"container\">\n\t\t\t\t\t<div class=\"e-con-inner\">\n\t\t\t\t<div class=\"elementor-element elementor-element-0584758 elementor-widget elementor-widget-button\" data-id=\"0584758\" data-element_type=\"widget\" data-e-type=\"widget\" data-widget_type=\"button.default\">\n\t\t\t\t<div class=\"elementor-widget-container\">\n\t\t\t\t\t\t\t\t\t<div class=\"elementor-button-wrapper\">\n\t\t\t\t\t<a class=\"elementor-button elementor-size-xs\" role=\"button\">\n\t\t\t\t\t\t<span class=\"elementor-button-content-wrapper\">\n\t\t\t\t\t\t\t\t\t<span class=\"elementor-button-text\"><span>L\u00e4stips<\/span> \/ <span>Inspiration<\/span><\/span>\n\t\t\t\t\t<\/span>\n\t\t\t\t\t<\/a>\n\t\t\t\t<\/div>\n\t\t\t\t\t\t\t\t<\/div>\n\t\t\t\t<\/div>\n\t\t\t\t<div class=\"elementor-element elementor-element-021f238 elementor-widget elementor-widget-theme-post-title elementor-page-title elementor-widget-heading\" data-id=\"021f238\" data-element_type=\"widget\" data-e-type=\"widget\" data-widget_type=\"theme-post-title.default\">\n\t\t\t\t<div class=\"elementor-widget-container\">\n\t\t\t\t\t<h6 class=\"elementor-heading-title elementor-size-default\"><a href=\"https:\/\/fojo.se\/verify\/lastips-sverigevanner\/\">L\u00e4stips: &#8221;Sverigev\u00e4nner&#8221;<\/a><\/h6>\t\t\t\t<\/div>\n\t\t\t\t<\/div>\n\t\t\t\t\t<\/div>\n\t\t\t\t<\/div>\n\t\t\t\t<\/div>\n\t\t\t\t<\/div>\n\t\t<style id=\"loop-dynamic-65\">.e-loop-item-309 .elementor-element.elementor-element-05782ef:not(.elementor-motion-effects-element-type-background), .e-loop-item-309 .elementor-element.elementor-element-05782ef > .elementor-motion-effects-container > .elementor-motion-effects-layer{background-image:url(\"https:\/\/fojo.se\/verify\/wp-content\/uploads\/sites\/5\/2018\/09\/FJ-puffbild_propaganda.jpg\");}<\/style>\t\t<div data-elementor-type=\"loop-item\" data-elementor-id=\"65\" class=\"elementor elementor-65 e-loop-item e-loop-item-309 post-309 post type-post status-publish format-standard has-post-thumbnail hentry category-inspiration category-lastips tag-bildlos\" data-elementor-post-type=\"elementor_library\" data-custom-edit-handle=\"1\">\n\t\t\t<div class=\"elementor-element elementor-element-b7a39fe e-con-full e-flex e-con e-parent\" data-id=\"b7a39fe\" data-element_type=\"container\" data-e-type=\"container\">\n\t\t<a class=\"elementor-element elementor-element-05782ef e-con-full e-flex e-con e-child\" data-id=\"05782ef\" data-element_type=\"container\" data-e-type=\"container\" data-settings=\"{&quot;background_background&quot;:&quot;classic&quot;}\" href=\"https:\/\/fojo.se\/verify\/lastips-propagandans-berattarteknik\/\">\n\t\t\t\t<\/a>\n\t\t<div class=\"elementor-element elementor-element-c3d6b8e e-flex e-con-boxed e-con e-child\" data-id=\"c3d6b8e\" data-element_type=\"container\" data-e-type=\"container\">\n\t\t\t\t\t<div class=\"e-con-inner\">\n\t\t\t\t<div class=\"elementor-element elementor-element-0584758 elementor-widget elementor-widget-button\" data-id=\"0584758\" data-element_type=\"widget\" data-e-type=\"widget\" data-widget_type=\"button.default\">\n\t\t\t\t<div class=\"elementor-widget-container\">\n\t\t\t\t\t\t\t\t\t<div class=\"elementor-button-wrapper\">\n\t\t\t\t\t<a class=\"elementor-button elementor-size-xs\" role=\"button\">\n\t\t\t\t\t\t<span class=\"elementor-button-content-wrapper\">\n\t\t\t\t\t\t\t\t\t<span class=\"elementor-button-text\"><span>Inspiration<\/span> \/ <span>L\u00e4stips<\/span><\/span>\n\t\t\t\t\t<\/span>\n\t\t\t\t\t<\/a>\n\t\t\t\t<\/div>\n\t\t\t\t\t\t\t\t<\/div>\n\t\t\t\t<\/div>\n\t\t\t\t<div class=\"elementor-element elementor-element-021f238 elementor-widget elementor-widget-theme-post-title elementor-page-title elementor-widget-heading\" data-id=\"021f238\" data-element_type=\"widget\" data-e-type=\"widget\" data-widget_type=\"theme-post-title.default\">\n\t\t\t\t<div class=\"elementor-widget-container\">\n\t\t\t\t\t<h6 class=\"elementor-heading-title elementor-size-default\"><a href=\"https:\/\/fojo.se\/verify\/lastips-propagandans-berattarteknik\/\">L\u00e4stips: &#8221;Propagandans ber\u00e4ttarteknik&#8221;<\/a><\/h6>\t\t\t\t<\/div>\n\t\t\t\t<\/div>\n\t\t\t\t\t<\/div>\n\t\t\t\t<\/div>\n\t\t\t\t<\/div>\n\t\t\t\t<\/div>\n\t\t<style id=\"loop-dynamic-65\">.e-loop-item-304 .elementor-element.elementor-element-05782ef:not(.elementor-motion-effects-element-type-background), .e-loop-item-304 .elementor-element.elementor-element-05782ef > .elementor-motion-effects-container > .elementor-motion-effects-layer{background-image:url(\"https:\/\/fojo.se\/verify\/wp-content\/uploads\/sites\/5\/2018\/09\/FJ-puffbild_bullshit.jpg\");}<\/style>\t\t<div data-elementor-type=\"loop-item\" data-elementor-id=\"65\" class=\"elementor elementor-65 e-loop-item e-loop-item-304 post-304 post type-post status-publish format-standard has-post-thumbnail hentry category-inspiration category-lastips tag-bildlos\" data-elementor-post-type=\"elementor_library\" data-custom-edit-handle=\"1\">\n\t\t\t<div class=\"elementor-element elementor-element-b7a39fe e-con-full e-flex e-con e-parent\" data-id=\"b7a39fe\" data-element_type=\"container\" data-e-type=\"container\">\n\t\t<a class=\"elementor-element elementor-element-05782ef e-con-full e-flex e-con e-child\" data-id=\"05782ef\" data-element_type=\"container\" data-e-type=\"container\" data-settings=\"{&quot;background_background&quot;:&quot;classic&quot;}\" href=\"https:\/\/fojo.se\/verify\/lastips-how-to-become-a-human-bullshit-detector\/\">\n\t\t\t\t<\/a>\n\t\t<div class=\"elementor-element elementor-element-c3d6b8e e-flex e-con-boxed e-con e-child\" data-id=\"c3d6b8e\" data-element_type=\"container\" data-e-type=\"container\">\n\t\t\t\t\t<div class=\"e-con-inner\">\n\t\t\t\t<div class=\"elementor-element elementor-element-0584758 elementor-widget elementor-widget-button\" data-id=\"0584758\" data-element_type=\"widget\" data-e-type=\"widget\" data-widget_type=\"button.default\">\n\t\t\t\t<div class=\"elementor-widget-container\">\n\t\t\t\t\t\t\t\t\t<div class=\"elementor-button-wrapper\">\n\t\t\t\t\t<a class=\"elementor-button elementor-size-xs\" role=\"button\">\n\t\t\t\t\t\t<span class=\"elementor-button-content-wrapper\">\n\t\t\t\t\t\t\t\t\t<span class=\"elementor-button-text\"><span>Inspiration<\/span> \/ <span>L\u00e4stips<\/span><\/span>\n\t\t\t\t\t<\/span>\n\t\t\t\t\t<\/a>\n\t\t\t\t<\/div>\n\t\t\t\t\t\t\t\t<\/div>\n\t\t\t\t<\/div>\n\t\t\t\t<div class=\"elementor-element elementor-element-021f238 elementor-widget elementor-widget-theme-post-title elementor-page-title elementor-widget-heading\" data-id=\"021f238\" data-element_type=\"widget\" data-e-type=\"widget\" data-widget_type=\"theme-post-title.default\">\n\t\t\t\t<div class=\"elementor-widget-container\">\n\t\t\t\t\t<h6 class=\"elementor-heading-title elementor-size-default\"><a href=\"https:\/\/fojo.se\/verify\/lastips-how-to-become-a-human-bullshit-detector\/\">L\u00e4stips: &#8221;How to become a human bullshit detector&#8221;<\/a><\/h6>\t\t\t\t<\/div>\n\t\t\t\t<\/div>\n\t\t\t\t\t<\/div>\n\t\t\t\t<\/div>\n\t\t\t\t<\/div>\n\t\t\t\t<\/div>\n\t\t<style id=\"loop-dynamic-65\">.e-loop-item-241 .elementor-element.elementor-element-05782ef:not(.elementor-motion-effects-element-type-background), .e-loop-item-241 .elementor-element.elementor-element-05782ef > .elementor-motion-effects-container > .elementor-motion-effects-layer{background-image:url(\"https:\/\/fojo.se\/verify\/wp-content\/uploads\/sites\/5\/2018\/08\/FJ-puffbild_factfulness.jpg\");}<\/style>\t\t<div data-elementor-type=\"loop-item\" data-elementor-id=\"65\" class=\"elementor elementor-65 e-loop-item e-loop-item-241 post-241 post type-post status-publish format-standard has-post-thumbnail hentry category-inspiration category-lastips tag-bildlos\" data-elementor-post-type=\"elementor_library\" data-custom-edit-handle=\"1\">\n\t\t\t<div class=\"elementor-element elementor-element-b7a39fe e-con-full e-flex e-con e-parent\" data-id=\"b7a39fe\" data-element_type=\"container\" data-e-type=\"container\">\n\t\t<a class=\"elementor-element elementor-element-05782ef e-con-full e-flex e-con e-child\" data-id=\"05782ef\" data-element_type=\"container\" data-e-type=\"container\" data-settings=\"{&quot;background_background&quot;:&quot;classic&quot;}\" href=\"https:\/\/fojo.se\/verify\/lastips-factfulness\/\">\n\t\t\t\t<\/a>\n\t\t<div class=\"elementor-element elementor-element-c3d6b8e e-flex e-con-boxed e-con e-child\" data-id=\"c3d6b8e\" data-element_type=\"container\" data-e-type=\"container\">\n\t\t\t\t\t<div class=\"e-con-inner\">\n\t\t\t\t<div class=\"elementor-element elementor-element-0584758 elementor-widget elementor-widget-button\" data-id=\"0584758\" data-element_type=\"widget\" data-e-type=\"widget\" data-widget_type=\"button.default\">\n\t\t\t\t<div class=\"elementor-widget-container\">\n\t\t\t\t\t\t\t\t\t<div class=\"elementor-button-wrapper\">\n\t\t\t\t\t<a class=\"elementor-button elementor-size-xs\" role=\"button\">\n\t\t\t\t\t\t<span class=\"elementor-button-content-wrapper\">\n\t\t\t\t\t\t\t\t\t<span class=\"elementor-button-text\"><span>Inspiration<\/span> \/ <span>L\u00e4stips<\/span><\/span>\n\t\t\t\t\t<\/span>\n\t\t\t\t\t<\/a>\n\t\t\t\t<\/div>\n\t\t\t\t\t\t\t\t<\/div>\n\t\t\t\t<\/div>\n\t\t\t\t<div class=\"elementor-element elementor-element-021f238 elementor-widget elementor-widget-theme-post-title elementor-page-title elementor-widget-heading\" data-id=\"021f238\" data-element_type=\"widget\" data-e-type=\"widget\" data-widget_type=\"theme-post-title.default\">\n\t\t\t\t<div class=\"elementor-widget-container\">\n\t\t\t\t\t<h6 class=\"elementor-heading-title elementor-size-default\"><a href=\"https:\/\/fojo.se\/verify\/lastips-factfulness\/\">L\u00e4stips: &#8221;Factfulness&#8221;<\/a><\/h6>\t\t\t\t<\/div>\n\t\t\t\t<\/div>\n\t\t\t\t\t<\/div>\n\t\t\t\t<\/div>\n\t\t\t\t<\/div>\n\t\t\t\t<\/div>\n\t\t<style id=\"loop-dynamic-65\">.e-loop-item-2502 .elementor-element.elementor-element-05782ef:not(.elementor-motion-effects-element-type-background), .e-loop-item-2502 .elementor-element.elementor-element-05782ef > .elementor-motion-effects-container > .elementor-motion-effects-layer{background-image:url(\"https:\/\/fojo.se\/verify\/wp-content\/uploads\/sites\/5\/2018\/07\/FJ-puffbild_goodsweden.jpg\");}<\/style>\t\t<div data-elementor-type=\"loop-item\" data-elementor-id=\"65\" class=\"elementor elementor-65 e-loop-item e-loop-item-2502 post-2502 post type-post status-publish format-standard has-post-thumbnail hentry category-lastips category-inspiration tag-bildlos\" data-elementor-post-type=\"elementor_library\" data-custom-edit-handle=\"1\">\n\t\t\t<div class=\"elementor-element elementor-element-b7a39fe e-con-full e-flex e-con e-parent\" data-id=\"b7a39fe\" data-element_type=\"container\" data-e-type=\"container\">\n\t\t<a class=\"elementor-element elementor-element-05782ef e-con-full e-flex e-con e-child\" data-id=\"05782ef\" data-element_type=\"container\" data-e-type=\"container\" data-settings=\"{&quot;background_background&quot;:&quot;classic&quot;}\" href=\"https:\/\/fojo.se\/verify\/lastips-good-sweden-bad-sweden\/\">\n\t\t\t\t<\/a>\n\t\t<div class=\"elementor-element elementor-element-c3d6b8e e-flex e-con-boxed e-con e-child\" data-id=\"c3d6b8e\" data-element_type=\"container\" data-e-type=\"container\">\n\t\t\t\t\t<div class=\"e-con-inner\">\n\t\t\t\t<div class=\"elementor-element elementor-element-0584758 elementor-widget elementor-widget-button\" data-id=\"0584758\" data-element_type=\"widget\" data-e-type=\"widget\" data-widget_type=\"button.default\">\n\t\t\t\t<div class=\"elementor-widget-container\">\n\t\t\t\t\t\t\t\t\t<div class=\"elementor-button-wrapper\">\n\t\t\t\t\t<a class=\"elementor-button elementor-size-xs\" role=\"button\">\n\t\t\t\t\t\t<span class=\"elementor-button-content-wrapper\">\n\t\t\t\t\t\t\t\t\t<span class=\"elementor-button-text\"><span>L\u00e4stips<\/span> \/ <span>Inspiration<\/span><\/span>\n\t\t\t\t\t<\/span>\n\t\t\t\t\t<\/a>\n\t\t\t\t<\/div>\n\t\t\t\t\t\t\t\t<\/div>\n\t\t\t\t<\/div>\n\t\t\t\t<div class=\"elementor-element elementor-element-021f238 elementor-widget elementor-widget-theme-post-title elementor-page-title elementor-widget-heading\" data-id=\"021f238\" data-element_type=\"widget\" data-e-type=\"widget\" data-widget_type=\"theme-post-title.default\">\n\t\t\t\t<div class=\"elementor-widget-container\">\n\t\t\t\t\t<h6 class=\"elementor-heading-title elementor-size-default\"><a href=\"https:\/\/fojo.se\/verify\/lastips-good-sweden-bad-sweden\/\">L\u00e4stips: &#8221;Good Sweden, Bad Sweden&#8221;<\/a><\/h6>\t\t\t\t<\/div>\n\t\t\t\t<\/div>\n\t\t\t\t\t<\/div>\n\t\t\t\t<\/div>\n\t\t\t\t<\/div>\n\t\t\t\t<\/div>\n\t\t\t\t<\/div>\n\t\t\n\t\t\t\t\t\t<\/div>\n\t\t\t\t<\/div>\n\t\t\t\t\t<\/div>\n\t\t\t\t<\/div>\n\t\t\t\t<\/div>\n\t\t","protected":false},"excerpt":{"rendered":"<p>Inspiration Det g\u00f6rs mycket relevant journalistik i av faktakollare \u00f6ver hela v\u00e4rlden. H\u00e4r finns exempel att inspireras av och intervjuer med experter av olika slag.<\/p>\n","protected":false},"author":2,"featured_media":0,"parent":0,"menu_order":11,"comment_status":"closed","ping_status":"closed","template":"","meta":{"_monsterinsights_skip_tracking":false,"_monsterinsights_sitenote_active":false,"_monsterinsights_sitenote_note":"","_monsterinsights_sitenote_category":0,"footnotes":""},"class_list":["post-113","page","type-page","status-publish","hentry"],"_links":{"self":[{"href":"https:\/\/fojo.se\/verify\/wp-json\/wp\/v2\/pages\/113","targetHints":{"allow":["GET"]}}],"collection":[{"href":"https:\/\/fojo.se\/verify\/wp-json\/wp\/v2\/pages"}],"about":[{"href":"https:\/\/fojo.se\/verify\/wp-json\/wp\/v2\/types\/page"}],"author":[{"embeddable":true,"href":"https:\/\/fojo.se\/verify\/wp-json\/wp\/v2\/users\/2"}],"replies":[{"embeddable":true,"href":"https:\/\/fojo.se\/verify\/wp-json\/wp\/v2\/comments?post=113"}],"version-history":[{"count":4,"href":"https:\/\/fojo.se\/verify\/wp-json\/wp\/v2\/pages\/113\/revisions"}],"predecessor-version":[{"id":2970,"href":"https:\/\/fojo.se\/verify\/wp-json\/wp\/v2\/pages\/113\/revisions\/2970"}],"wp:attachment":[{"href":"https:\/\/fojo.se\/verify\/wp-json\/wp\/v2\/media?parent=113"}],"curies":[{"name":"wp","href":"https:\/\/api.w.org\/{rel}","templated":true}]}}