{"id":111,"date":"2024-01-18T08:08:39","date_gmt":"2024-01-18T07:08:39","guid":{"rendered":"https:\/\/fojo.se\/faktajouren\/?page_id=111"},"modified":"2026-02-05T14:55:38","modified_gmt":"2026-02-05T13:55:38","slug":"verify-day","status":"publish","type":"page","link":"https:\/\/fojo.se\/verify\/verify-day\/","title":{"rendered":"Fojo Verify Day"},"content":{"rendered":"\t\t<div data-elementor-type=\"wp-page\" data-elementor-id=\"111\" class=\"elementor elementor-111\" data-elementor-post-type=\"page\">\n\t\t\t\t<div class=\"elementor-element elementor-element-8f6b21c e-flex e-con-boxed e-con e-parent\" data-id=\"8f6b21c\" data-element_type=\"container\" data-e-type=\"container\" data-settings=\"{&quot;background_background&quot;:&quot;classic&quot;}\">\n\t\t\t\t\t<div class=\"e-con-inner\">\n\t\t\t\t<div class=\"elementor-element elementor-element-f6c50e6 elementor-widget elementor-widget-heading\" data-id=\"f6c50e6\" data-element_type=\"widget\" data-e-type=\"widget\" data-widget_type=\"heading.default\">\n\t\t\t\t<div class=\"elementor-widget-container\">\n\t\t\t\t\t<h1 class=\"elementor-heading-title elementor-size-default\">Fojo Verify Day<\/h1>\t\t\t\t<\/div>\n\t\t\t\t<\/div>\n\t\t\t\t\t<\/div>\n\t\t\t\t<\/div>\n\t\t<div class=\"elementor-element elementor-element-77cf6d1 e-flex e-con-boxed e-con e-parent\" data-id=\"77cf6d1\" data-element_type=\"container\" data-e-type=\"container\">\n\t\t\t\t\t<div class=\"e-con-inner\">\n\t\t\t\t<div class=\"elementor-element elementor-element-d57a86e elementor-widget elementor-widget-heading\" data-id=\"d57a86e\" data-element_type=\"widget\" data-e-type=\"widget\" data-widget_type=\"heading.default\">\n\t\t\t\t<div class=\"elementor-widget-container\">\n\t\t\t\t\t<h2 class=\"elementor-heading-title elementor-size-default\">SuCC\u00c9 f\u00f6r Fojo verify day<\/h2>\t\t\t\t<\/div>\n\t\t\t\t<\/div>\n\t\t\t\t<div class=\"elementor-element elementor-element-b9a4e1d elementor-widget elementor-widget-heading\" data-id=\"b9a4e1d\" data-element_type=\"widget\" data-e-type=\"widget\" data-widget_type=\"heading.default\">\n\t\t\t\t<div class=\"elementor-widget-container\">\n\t\t\t\t\t<h3 class=\"elementor-heading-title elementor-size-default\">\u201dVerifikation i valtider \u2013 sanningen och slopagandan\u201d<\/h3>\t\t\t\t<\/div>\n\t\t\t\t<\/div>\n\t\t\t\t<div class=\"elementor-element elementor-element-7f7787c elementor-icon-list--layout-traditional elementor-list-item-link-full_width elementor-widget elementor-widget-icon-list\" data-id=\"7f7787c\" data-element_type=\"widget\" data-e-type=\"widget\" data-widget_type=\"icon-list.default\">\n\t\t\t\t<div class=\"elementor-widget-container\">\n\t\t\t\t\t\t\t<ul class=\"elementor-icon-list-items\">\n\t\t\t\t\t\t\t<li class=\"elementor-icon-list-item\">\n\t\t\t\t\t\t\t\t\t\t\t<span class=\"elementor-icon-list-icon\">\n\t\t\t\t\t\t\t<svg aria-hidden=\"true\" class=\"e-font-icon-svg e-far-calendar-check\" viewBox=\"0 0 448 512\" xmlns=\"http:\/\/www.w3.org\/2000\/svg\"><path d=\"M400 64h-48V12c0-6.627-5.373-12-12-12h-40c-6.627 0-12 5.373-12 12v52H160V12c0-6.627-5.373-12-12-12h-40c-6.627 0-12 5.373-12 12v52H48C21.49 64 0 85.49 0 112v352c0 26.51 21.49 48 48 48h352c26.51 0 48-21.49 48-48V112c0-26.51-21.49-48-48-48zm-6 400H54a6 6 0 0 1-6-6V160h352v298a6 6 0 0 1-6 6zm-52.849-200.65L198.842 404.519c-4.705 4.667-12.303 4.637-16.971-.068l-75.091-75.699c-4.667-4.705-4.637-12.303.068-16.971l22.719-22.536c4.705-4.667 12.303-4.637 16.97.069l44.104 44.461 111.072-110.181c4.705-4.667 12.303-4.637 16.971.068l22.536 22.718c4.667 4.705 4.636 12.303-.069 16.97z\"><\/path><\/svg>\t\t\t\t\t\t<\/span>\n\t\t\t\t\t\t\t\t\t\t<span class=\"elementor-icon-list-text\"><strong>N\u00e4r?<\/strong> 12 november 2025, kl 09-19<\/span>\n\t\t\t\t\t\t\t\t\t<\/li>\n\t\t\t\t\t\t\t\t<li class=\"elementor-icon-list-item\">\n\t\t\t\t\t\t\t\t\t\t\t<span class=\"elementor-icon-list-icon\">\n\t\t\t\t\t\t\t<svg aria-hidden=\"true\" class=\"e-font-icon-svg e-fas-map-marker-alt\" viewBox=\"0 0 384 512\" xmlns=\"http:\/\/www.w3.org\/2000\/svg\"><path d=\"M172.268 501.67C26.97 291.031 0 269.413 0 192 0 85.961 85.961 0 192 0s192 85.961 192 192c0 77.413-26.97 99.031-172.268 309.67-9.535 13.774-29.93 13.773-39.464 0zM192 272c44.183 0 80-35.817 80-80s-35.817-80-80-80-80 35.817-80 80 35.817 80 80 80z\"><\/path><\/svg>\t\t\t\t\t\t<\/span>\n\t\t\t\t\t\t\t\t\t\t<span class=\"elementor-icon-list-text\"><strong>Var?<\/strong> World Trade Center, Stockholm<\/span>\n\t\t\t\t\t\t\t\t\t<\/li>\n\t\t\t\t\t\t<\/ul>\n\t\t\t\t\t\t<\/div>\n\t\t\t\t<\/div>\n\t\t\t\t<div class=\"elementor-element elementor-element-b3a8eeb elementor-widget elementor-widget-text-editor\" data-id=\"b3a8eeb\" data-element_type=\"widget\" data-e-type=\"widget\" data-widget_type=\"text-editor.default\">\n\t\t\t\t<div class=\"elementor-widget-container\">\n\t\t\t\t\t\t\t\t\t<div class=\"elementor-element elementor-element-70b887c elementor-widget elementor-widget-heading\" data-id=\"70b887c\" data-element_type=\"widget\" data-widget_type=\"heading.default\"><span style=\"font-family: -apple-system, BlinkMacSystemFont, 'Segoe UI', Roboto, 'Helvetica Neue', Arial, 'Noto Sans', sans-serif, 'Apple Color Emoji', 'Segoe UI Emoji', 'Segoe UI Symbol', 'Noto Color Emoji';\">Fojo Verify Day flyttade f\u00f6r f\u00f6rsta g\u00e5ngen till Stockholm och lockade stor publik. Dagen bj\u00f6d p\u00e5 keynotes, paneler, workshops och samtal om journalistikens utmaningar inf\u00f6r kommande val\u00e5r, desinformationens utveckling och AI:s p\u00e5verkan p\u00e5 det offentliga samtalet.<\/span><\/div><div class=\"elementor-element elementor-element-35d37ce elementor-widget elementor-widget-text-editor\" data-id=\"35d37ce\" data-element_type=\"widget\" data-widget_type=\"text-editor.default\"><div class=\"elementor-widget-container\"><div class=\"elementor-element elementor-element-35d37ce elementor-widget elementor-widget-text-editor\" data-id=\"35d37ce\" data-element_type=\"widget\" data-widget_type=\"text-editor.default\"><div class=\"elementor-widget-container\"><p data-start=\"3265\" data-end=\"3316\">Bland h\u00f6jdpunkterna fanns keynote-f\u00f6rel\u00e4sningar av:<\/p><ul data-start=\"3318\" data-end=\"3469\"><li data-start=\"3318\" data-end=\"3384\"><p data-start=\"3320\" data-end=\"3384\"><strong data-start=\"3320\" data-end=\"3337\">Glenn Kessler<\/strong>, tidigare\u00a0<em data-start=\"3348\" data-end=\"3382\">The Washington Post Fact Checker,<\/em><\/p><\/li><li data-start=\"3385\" data-end=\"3434\"><p data-start=\"3387\" data-end=\"3434\"><b>\u00c5sa Larsson<\/b>\u00a0fr\u00e5n K\u00e4llkritikbyr\u00e5n,<\/p><\/li><li data-start=\"3385\" data-end=\"3434\"><p data-start=\"3387\" data-end=\"3434\"><b>Faktagranskare fr\u00e5n Norden<\/b>\u00a0i ett panelsamtal om val och faktagranskning,<\/p><\/li><li data-start=\"3435\" data-end=\"3469\"><p data-start=\"3437\" data-end=\"3469\"><strong data-start=\"3437\" data-end=\"3455\">Gaute Kokkvoll<\/strong>, Factiverse.<\/p><\/li><\/ul><p data-start=\"3471\" data-end=\"3560\">Kv\u00e4llen avslutades med prisutdelningen av\u00a0<b>Gyllene Bj\u00e4llran<\/b>, priset som uppm\u00e4rksammar utm\u00e4rkt digital faktagranskning och verifikation,<\/p><p data-start=\"3562\" data-end=\"3703\"><img decoding=\"async\" class=\"emoji\" role=\"img\" draggable=\"false\" src=\"https:\/\/s.w.org\/images\/core\/emoji\/17.0.2\/svg\/1f3c6.svg\" alt=\"\ud83c\udfc6\" \/>\u00a0<strong data-start=\"3635\" data-end=\"3655\">Tidskriften Expo\u00a0<\/strong><span data-start=\"3635\" data-end=\"3655\">vann<\/span><span data-start=\"3635\" data-end=\"3655\">\u00a0Gyllene Bj\u00e4llran 2025 och hederspriset gick till\u00a0<strong>Lilla Aktuellt<\/strong>. Priset delades ut inf\u00f6r en fullsatt piazza p\u00e5 World Trade Center i Stockholm den 12 november 2025!\u00a0\u00a0<\/span><\/p><p data-start=\"3562\" data-end=\"3703\"><span data-start=\"3635\" data-end=\"3655\"><a href=\"https:\/\/fojo.se\/vi-vill-ge-barn-verktyg-att-sjalva-ta-reda-pa-vad-som-stammer\/\">H\u00e4r<\/a> och <a href=\"https:\/\/fojo.se\/det-har-visar-att-langsiktiga-granskningar-lonar-sig\/\">h\u00e4r<\/a> kan du l\u00e4sa intervjuer med journalisterna om granskningarna som vann.\u00a0<\/span><\/p><\/div><\/div><\/div><\/div><p><a href=\"https:\/\/fojo.se\/kunskapsveckan\/\">Fojo Verify Day \u00e4r en del av Fojos Kunskapsvecka som du kan l\u00e4sa mer om h\u00e4r &gt;&gt;<\/a><\/p><p>H\u00e5ll utkik h\u00e4r f\u00f6r information om 2026 \u00e5rs Fojo Verify Day.<\/p>\t\t\t\t\t\t\t\t<\/div>\n\t\t\t\t<\/div>\n\t\t\t\t<div class=\"elementor-element elementor-element-6c452ff elementor-widget elementor-widget-button\" data-id=\"6c452ff\" data-element_type=\"widget\" data-e-type=\"widget\" data-widget_type=\"button.default\">\n\t\t\t\t<div class=\"elementor-widget-container\">\n\t\t\t\t\t\t\t\t\t<div class=\"elementor-button-wrapper\">\n\t\t\t\t\t<a class=\"elementor-button elementor-size-sm\" role=\"button\">\n\t\t\t\t\t\t<span class=\"elementor-button-content-wrapper\">\n\t\t\t\t\t\t\t\t\t<span class=\"elementor-button-text\">Det g\u00e5r inte l\u00e4ngre att anm\u00e4la sig<\/span>\n\t\t\t\t\t<\/span>\n\t\t\t\t\t<\/a>\n\t\t\t\t<\/div>\n\t\t\t\t\t\t\t\t<\/div>\n\t\t\t\t<\/div>\n\t\t\t\t\t<\/div>\n\t\t\t\t<\/div>\n\t\t<div class=\"elementor-element elementor-element-a4496ce e-flex e-con-boxed e-con e-parent\" data-id=\"a4496ce\" data-element_type=\"container\" data-e-type=\"container\">\n\t\t\t\t\t<div class=\"e-con-inner\">\n\t\t\t\t<div class=\"elementor-element elementor-element-267009c elementor-grid-3 elementor-grid-tablet-2 elementor-grid-mobile-1 elementor-widget elementor-widget-loop-grid\" data-id=\"267009c\" data-element_type=\"widget\" data-e-type=\"widget\" data-settings=\"{&quot;template_id&quot;:&quot;65&quot;,&quot;_skin&quot;:&quot;post&quot;,&quot;columns&quot;:&quot;3&quot;,&quot;columns_tablet&quot;:&quot;2&quot;,&quot;columns_mobile&quot;:&quot;1&quot;,&quot;edit_handle_selector&quot;:&quot;[data-elementor-type=\\&quot;loop-item\\&quot;]&quot;,&quot;row_gap&quot;:{&quot;unit&quot;:&quot;px&quot;,&quot;size&quot;:&quot;&quot;,&quot;sizes&quot;:[]},&quot;row_gap_laptop&quot;:{&quot;unit&quot;:&quot;px&quot;,&quot;size&quot;:&quot;&quot;,&quot;sizes&quot;:[]},&quot;row_gap_tablet&quot;:{&quot;unit&quot;:&quot;px&quot;,&quot;size&quot;:&quot;&quot;,&quot;sizes&quot;:[]},&quot;row_gap_mobile&quot;:{&quot;unit&quot;:&quot;px&quot;,&quot;size&quot;:&quot;&quot;,&quot;sizes&quot;:[]}}\" data-widget_type=\"loop-grid.post\">\n\t\t\t\t<div class=\"elementor-widget-container\">\n\t\t\t\t\t\t\t<div class=\"e-loop-nothing-found-message\">\n\t\t<\/div>\n\t\t\t\t\t\t<\/div>\n\t\t\t\t<\/div>\n\t\t\t\t\t<\/div>\n\t\t\t\t<\/div>\n\t\t\t\t<\/div>\n\t\t","protected":false},"excerpt":{"rendered":"<p>Fojo Verify Day SuCC\u00c9 f\u00f6r Fojo verify day \u201dVerifikation i valtider \u2013 sanningen och slopagandan\u201d N\u00e4r? 12 november 2025, kl 09-19 Var? World Trade Center, Stockholm Fojo Verify Day flyttade f\u00f6r f\u00f6rsta g\u00e5ngen till Stockholm och lockade stor publik. Dagen bj\u00f6d p\u00e5 keynotes, paneler, workshops och samtal om journalistikens utmaningar inf\u00f6r kommande val\u00e5r, desinformationens utveckling [&hellip;]<\/p>\n","protected":false},"author":2,"featured_media":548,"parent":0,"menu_order":13,"comment_status":"closed","ping_status":"closed","template":"","meta":{"_monsterinsights_skip_tracking":false,"_monsterinsights_sitenote_active":false,"_monsterinsights_sitenote_note":"","_monsterinsights_sitenote_category":0,"footnotes":""},"class_list":["post-111","page","type-page","status-publish","has-post-thumbnail","hentry"],"_links":{"self":[{"href":"https:\/\/fojo.se\/verify\/wp-json\/wp\/v2\/pages\/111","targetHints":{"allow":["GET"]}}],"collection":[{"href":"https:\/\/fojo.se\/verify\/wp-json\/wp\/v2\/pages"}],"about":[{"href":"https:\/\/fojo.se\/verify\/wp-json\/wp\/v2\/types\/page"}],"author":[{"embeddable":true,"href":"https:\/\/fojo.se\/verify\/wp-json\/wp\/v2\/users\/2"}],"replies":[{"embeddable":true,"href":"https:\/\/fojo.se\/verify\/wp-json\/wp\/v2\/comments?post=111"}],"version-history":[{"count":65,"href":"https:\/\/fojo.se\/verify\/wp-json\/wp\/v2\/pages\/111\/revisions"}],"predecessor-version":[{"id":4113,"href":"https:\/\/fojo.se\/verify\/wp-json\/wp\/v2\/pages\/111\/revisions\/4113"}],"wp:featuredmedia":[{"embeddable":true,"href":"https:\/\/fojo.se\/verify\/wp-json\/wp\/v2\/media\/548"}],"wp:attachment":[{"href":"https:\/\/fojo.se\/verify\/wp-json\/wp\/v2\/media?parent=111"}],"curies":[{"name":"wp","href":"https:\/\/api.w.org\/{rel}","templated":true}]}}