{"id":6,"date":"2024-01-08T11:40:18","date_gmt":"2024-01-08T10:40:18","guid":{"rendered":"https:\/\/fojo.se\/offentlighetsjouren\/?page_id=6"},"modified":"2026-03-13T13:10:12","modified_gmt":"2026-03-13T12:10:12","slug":"offentlighetsjouren","status":"publish","type":"page","link":"https:\/\/fojo.se\/offentlighetsjouren\/","title":{"rendered":"Offentlighetsjouren"},"content":{"rendered":"\t\t<div data-elementor-type=\"wp-page\" data-elementor-id=\"6\" class=\"elementor elementor-6\" data-elementor-post-type=\"page\">\n\t\t\t\t<div class=\"elementor-element elementor-element-13056a5c e-flex e-con-boxed e-con e-parent\" data-id=\"13056a5c\" data-element_type=\"container\" data-e-type=\"container\" data-settings=\"{&quot;background_background&quot;:&quot;gradient&quot;}\">\n\t\t\t\t\t<div class=\"e-con-inner\">\n\t\t\t\t<div class=\"elementor-element elementor-element-49d9c252 elementor-widget elementor-widget-heading\" data-id=\"49d9c252\" data-element_type=\"widget\" data-e-type=\"widget\" data-widget_type=\"heading.default\">\n\t\t\t\t<div class=\"elementor-widget-container\">\n\t\t\t\t\t<h1 class=\"elementor-heading-title elementor-size-default\">Offentlighets&shy;jouren<\/h1>\t\t\t\t<\/div>\n\t\t\t\t<\/div>\n\t\t\t\t<div class=\"elementor-element elementor-element-2a3ea3b0 elementor-widget elementor-widget-heading\" data-id=\"2a3ea3b0\" data-element_type=\"widget\" data-e-type=\"widget\" data-widget_type=\"heading.default\">\n\t\t\t\t<div class=\"elementor-widget-container\">\n\t\t\t\t\t<h6 class=\"elementor-heading-title elementor-size-default\">Kostnadsfri hj\u00e4lp till dig som \u00e4r journalist i fr\u00e5gor om offentlighet och sekretess<\/h6>\t\t\t\t<\/div>\n\t\t\t\t<\/div>\n\t\t\t\t\t<\/div>\n\t\t\t\t<\/div>\n\t\t<div class=\"elementor-element elementor-element-fe10995 e-flex e-con-boxed e-con e-parent\" data-id=\"fe10995\" data-element_type=\"container\" data-e-type=\"container\">\n\t\t\t\t\t<div class=\"e-con-inner\">\n\t\t<div class=\"elementor-element elementor-element-4badca7 e-con-full e-flex e-con e-child\" data-id=\"4badca7\" data-element_type=\"container\" data-e-type=\"container\" data-settings=\"{&quot;background_background&quot;:&quot;classic&quot;}\">\n\t\t<div class=\"elementor-element elementor-element-af2f201 e-flex e-con-boxed e-con e-child\" data-id=\"af2f201\" data-element_type=\"container\" data-e-type=\"container\" data-settings=\"{&quot;background_background&quot;:&quot;classic&quot;}\">\n\t\t\t\t\t<div class=\"e-con-inner\">\n\t\t\t\t\t<\/div>\n\t\t\t\t<\/div>\n\t\t<div class=\"elementor-element elementor-element-15781dc e-flex e-con-boxed e-con e-child\" data-id=\"15781dc\" data-element_type=\"container\" data-e-type=\"container\">\n\t\t\t\t\t<div class=\"e-con-inner\">\n\t\t\t\t<div class=\"elementor-element elementor-element-2581e37 elementor-widget elementor-widget-heading\" data-id=\"2581e37\" data-element_type=\"widget\" data-e-type=\"widget\" data-widget_type=\"heading.default\">\n\t\t\t\t<div class=\"elementor-widget-container\">\n\t\t\t\t\t<h4 class=\"elementor-heading-title elementor-size-default\"><a href=\"https:\/\/fojo.se\/offentlighetsjouren\/18-vanliga-fragor\/\">21 vanliga fr\u00e5gor<\/a><\/h4>\t\t\t\t<\/div>\n\t\t\t\t<\/div>\n\t\t\t\t\t<\/div>\n\t\t\t\t<\/div>\n\t\t\t\t<\/div>\n\t\t<div class=\"elementor-element elementor-element-91766a4 e-con-full e-flex e-con e-child\" data-id=\"91766a4\" data-element_type=\"container\" data-e-type=\"container\">\n\t\t<div class=\"elementor-element elementor-element-e850a46 e-flex e-con-boxed e-con e-child\" data-id=\"e850a46\" data-element_type=\"container\" data-e-type=\"container\" data-settings=\"{&quot;background_background&quot;:&quot;classic&quot;}\">\n\t\t\t\t\t<div class=\"e-con-inner\">\n\t\t<div class=\"elementor-element elementor-element-fc71796 e-con-full e-flex e-con e-child\" data-id=\"fc71796\" data-element_type=\"container\" data-e-type=\"container\">\n\t\t\t\t<div class=\"elementor-element elementor-element-f2495da elementor-widget elementor-widget-heading\" data-id=\"f2495da\" data-element_type=\"widget\" data-e-type=\"widget\" data-widget_type=\"heading.default\">\n\t\t\t\t<div class=\"elementor-widget-container\">\n\t\t\t\t\t<h4 class=\"elementor-heading-title elementor-size-default\"><a href=\"https:\/\/fojo.se\/offentlighetsjouren\/offentlighetsprincipen\/\">S\u00e5 funkar offentlighets-principen<\/a><\/h4>\t\t\t\t<\/div>\n\t\t\t\t<\/div>\n\t\t\t\t<\/div>\n\t\t<div class=\"elementor-element elementor-element-cc6d084 e-flex e-con-boxed e-con e-child\" data-id=\"cc6d084\" data-element_type=\"container\" data-e-type=\"container\" data-settings=\"{&quot;background_background&quot;:&quot;classic&quot;}\">\n\t\t\t\t\t<div class=\"e-con-inner\">\n\t\t\t\t\t<\/div>\n\t\t\t\t<\/div>\n\t\t\t\t\t<\/div>\n\t\t\t\t<\/div>\n\t\t<div class=\"elementor-element elementor-element-052c66c e-flex e-con-boxed e-con e-child\" data-id=\"052c66c\" data-element_type=\"container\" data-e-type=\"container\" data-settings=\"{&quot;background_background&quot;:&quot;classic&quot;}\">\n\t\t\t\t\t<div class=\"e-con-inner\">\n\t\t<div class=\"elementor-element elementor-element-8770d71 e-con-full e-flex e-con e-child\" data-id=\"8770d71\" data-element_type=\"container\" data-e-type=\"container\">\n\t\t\t\t<div class=\"elementor-element elementor-element-f537a2e elementor-widget elementor-widget-heading\" data-id=\"f537a2e\" data-element_type=\"widget\" data-e-type=\"widget\" data-widget_type=\"heading.default\">\n\t\t\t\t<div class=\"elementor-widget-container\">\n\t\t\t\t\t<h4 class=\"elementor-heading-title elementor-size-default\"><a href=\"https:\/\/fojo.se\/offentlighetsjouren\/kontakt\/\">Kontakta Offentlighets-jouren<\/a><\/h4>\t\t\t\t<\/div>\n\t\t\t\t<\/div>\n\t\t\t\t<\/div>\n\t\t<div class=\"elementor-element elementor-element-2e4bc6b e-flex e-con-boxed e-con e-child\" data-id=\"2e4bc6b\" data-element_type=\"container\" data-e-type=\"container\" data-settings=\"{&quot;background_background&quot;:&quot;classic&quot;}\">\n\t\t\t\t\t<div class=\"e-con-inner\">\n\t\t\t\t\t<\/div>\n\t\t\t\t<\/div>\n\t\t\t\t\t<\/div>\n\t\t\t\t<\/div>\n\t\t\t\t<\/div>\n\t\t\t\t\t<\/div>\n\t\t\t\t<\/div>\n\t\t<div class=\"elementor-element elementor-element-43576f4 e-flex e-con-boxed e-con e-parent\" data-id=\"43576f4\" data-element_type=\"container\" data-e-type=\"container\" data-settings=\"{&quot;background_background&quot;:&quot;gradient&quot;}\">\n\t\t\t\t\t<div class=\"e-con-inner\">\n\t\t<div class=\"elementor-element elementor-element-07ead7b e-con-full e-flex e-con e-child\" data-id=\"07ead7b\" data-element_type=\"container\" data-e-type=\"container\">\n\t\t\t\t<div class=\"elementor-element elementor-element-5871dcd elementor-widget elementor-widget-text-editor\" data-id=\"5871dcd\" data-element_type=\"widget\" data-e-type=\"widget\" data-widget_type=\"text-editor.default\">\n\t\t\t\t<div class=\"elementor-widget-container\">\n\t\t\t\t\t\t\t\t\t<p>Mats Amnell \u00e4r journalist p\u00e5 Sydsvenskan men har \u00e4ven bland annat arbetat som kommunreporter och f\u00f6rel\u00e4sare p\u00e5 Fojo i gr\u00e4vande journalistik och ekonomi f\u00f6r samh\u00e4llsjournalister.<\/p><p>Har du blivit nekad att ta del av en offentlig handling, och beh\u00f6ver hj\u00e4lp att komma vidare?<\/p><p><a href=\"mailto:offentlighetsjouren.fojo@lnu.se\">Mejla<\/a> d\u00e5 en kortfattad beskrivning till Mats av vad \u00e4rendet handlar om och hur man motiverat att inte ge dig handlingen s\u00e5 hj\u00e4lper han dig.<\/p>\t\t\t\t\t\t\t\t<\/div>\n\t\t\t\t<\/div>\n\t\t\t\t<\/div>\n\t\t<div class=\"elementor-element elementor-element-9f2c3c5 e-con-full e-flex e-con e-child\" data-id=\"9f2c3c5\" data-element_type=\"container\" data-e-type=\"container\">\n\t\t\t\t<div class=\"elementor-element elementor-element-80f51fc elementor-widget elementor-widget-image\" data-id=\"80f51fc\" data-element_type=\"widget\" data-e-type=\"widget\" data-widget_type=\"image.default\">\n\t\t\t\t<div class=\"elementor-widget-container\">\n\t\t\t\t\t\t\t\t\t\t\t\t\t\t\t<img fetchpriority=\"high\" decoding=\"async\" width=\"800\" height=\"800\" src=\"https:\/\/fojo.se\/offentlighetsjouren\/wp-content\/uploads\/sites\/7\/2024\/10\/matsamnell.jpg\" class=\"attachment-full size-full wp-image-696\" alt=\"\" srcset=\"https:\/\/fojo.se\/offentlighetsjouren\/wp-content\/uploads\/sites\/7\/2024\/10\/matsamnell.jpg 800w, https:\/\/fojo.se\/offentlighetsjouren\/wp-content\/uploads\/sites\/7\/2024\/10\/matsamnell-300x300.jpg 300w, https:\/\/fojo.se\/offentlighetsjouren\/wp-content\/uploads\/sites\/7\/2024\/10\/matsamnell-150x150.jpg 150w, https:\/\/fojo.se\/offentlighetsjouren\/wp-content\/uploads\/sites\/7\/2024\/10\/matsamnell-768x768.jpg 768w\" sizes=\"(max-width: 800px) 100vw, 800px\" \/>\t\t\t\t\t\t\t\t\t\t\t\t\t\t\t<\/div>\n\t\t\t\t<\/div>\n\t\t\t\t<\/div>\n\t\t\t\t\t<\/div>\n\t\t\t\t<\/div>\n\t\t<div class=\"elementor-element elementor-element-8aa0bea e-flex e-con-boxed e-con e-parent\" data-id=\"8aa0bea\" data-element_type=\"container\" data-e-type=\"container\">\n\t\t\t\t\t<div class=\"e-con-inner\">\n\t\t\t\t<div class=\"elementor-element elementor-element-74ab684 elementor-widget elementor-widget-heading\" data-id=\"74ab684\" data-element_type=\"widget\" data-e-type=\"widget\" data-widget_type=\"heading.default\">\n\t\t\t\t<div class=\"elementor-widget-container\">\n\t\t\t\t\t<h6 class=\"elementor-heading-title elementor-size-default\">Titta p\u00e5 en webbf\u00f6rel\u00e4sning med Mats Amnell:<\/h6>\t\t\t\t<\/div>\n\t\t\t\t<\/div>\n\t\t\t\t<div class=\"elementor-element elementor-element-c4db13b elementor-widget elementor-widget-heading\" data-id=\"c4db13b\" data-element_type=\"widget\" data-e-type=\"widget\" data-widget_type=\"heading.default\">\n\t\t\t\t<div class=\"elementor-widget-container\">\n\t\t\t\t\t<h4 class=\"elementor-heading-title elementor-size-default\">\"S\u00e5 tar du fajten f\u00f6r \u00f6kad insyn\"<\/h4>\t\t\t\t<\/div>\n\t\t\t\t<\/div>\n\t\t\t\t<div class=\"elementor-element elementor-element-444bcf8 elementor-widget elementor-widget-image\" data-id=\"444bcf8\" data-element_type=\"widget\" data-e-type=\"widget\" data-widget_type=\"image.default\">\n\t\t\t\t<div class=\"elementor-widget-container\">\n\t\t\t\t\t\t\t\t\t\t\t\t\t\t\t\t<a href=\"https:\/\/play.lnu.se\/media\/t\/0_vlitps6l\" target=\"_blank\" rel=\"noopener\">\n\t\t\t\t\t\t\t<img decoding=\"async\" width=\"800\" height=\"500\" src=\"https:\/\/fojo.se\/offentlighetsjouren\/wp-content\/uploads\/sites\/7\/2024\/01\/mats-video.jpeg\" class=\"attachment-full size-full wp-image-286\" alt=\"\" srcset=\"https:\/\/fojo.se\/offentlighetsjouren\/wp-content\/uploads\/sites\/7\/2024\/01\/mats-video.jpeg 800w, https:\/\/fojo.se\/offentlighetsjouren\/wp-content\/uploads\/sites\/7\/2024\/01\/mats-video-300x188.jpeg 300w, https:\/\/fojo.se\/offentlighetsjouren\/wp-content\/uploads\/sites\/7\/2024\/01\/mats-video-768x480.jpeg 768w\" sizes=\"(max-width: 800px) 100vw, 800px\" \/>\t\t\t\t\t\t\t\t<\/a>\n\t\t\t\t\t\t\t\t\t\t\t\t\t\t\t<\/div>\n\t\t\t\t<\/div>\n\t\t\t\t\t<\/div>\n\t\t\t\t<\/div>\n\t\t\t\t<\/div>\n\t\t","protected":false},"excerpt":{"rendered":"<p>Offentlighets&shy;jouren Kostnadsfri hj\u00e4lp till dig som \u00e4r journalist i fr\u00e5gor om offentlighet och sekretess 21 vanliga fr\u00e5gor S\u00e5 funkar offentlighets-principen Kontakta Offentlighets-jouren Mats Amnell \u00e4r journalist p\u00e5 Sydsvenskan men har \u00e4ven bland annat arbetat som kommunreporter och f\u00f6rel\u00e4sare p\u00e5 Fojo i gr\u00e4vande journalistik och ekonomi f\u00f6r samh\u00e4llsjournalister. Har du blivit nekad att ta del av [&hellip;]<\/p>\n","protected":false},"author":2,"featured_media":714,"parent":0,"menu_order":0,"comment_status":"closed","ping_status":"closed","template":"","meta":{"_monsterinsights_skip_tracking":false,"_monsterinsights_sitenote_active":false,"_monsterinsights_sitenote_note":"","_monsterinsights_sitenote_category":0,"footnotes":""},"class_list":["post-6","page","type-page","status-publish","has-post-thumbnail","hentry"],"_links":{"self":[{"href":"https:\/\/fojo.se\/offentlighetsjouren\/wp-json\/wp\/v2\/pages\/6","targetHints":{"allow":["GET"]}}],"collection":[{"href":"https:\/\/fojo.se\/offentlighetsjouren\/wp-json\/wp\/v2\/pages"}],"about":[{"href":"https:\/\/fojo.se\/offentlighetsjouren\/wp-json\/wp\/v2\/types\/page"}],"author":[{"embeddable":true,"href":"https:\/\/fojo.se\/offentlighetsjouren\/wp-json\/wp\/v2\/users\/2"}],"replies":[{"embeddable":true,"href":"https:\/\/fojo.se\/offentlighetsjouren\/wp-json\/wp\/v2\/comments?post=6"}],"version-history":[{"count":98,"href":"https:\/\/fojo.se\/offentlighetsjouren\/wp-json\/wp\/v2\/pages\/6\/revisions"}],"predecessor-version":[{"id":770,"href":"https:\/\/fojo.se\/offentlighetsjouren\/wp-json\/wp\/v2\/pages\/6\/revisions\/770"}],"wp:featuredmedia":[{"embeddable":true,"href":"https:\/\/fojo.se\/offentlighetsjouren\/wp-json\/wp\/v2\/media\/714"}],"wp:attachment":[{"href":"https:\/\/fojo.se\/offentlighetsjouren\/wp-json\/wp\/v2\/media?parent=6"}],"curies":[{"name":"wp","href":"https:\/\/api.w.org\/{rel}","templated":true}]}}