{"id":141,"date":"2024-01-08T12:24:41","date_gmt":"2024-01-08T11:24:41","guid":{"rendered":"https:\/\/fojo.se\/offentlighetsjouren\/?page_id=141"},"modified":"2024-05-29T14:10:24","modified_gmt":"2024-05-29T12:10:24","slug":"kontakt","status":"publish","type":"page","link":"https:\/\/fojo.se\/offentlighetsjouren\/kontakt\/","title":{"rendered":"Kontakt"},"content":{"rendered":"\t\t<div data-elementor-type=\"wp-page\" data-elementor-id=\"141\" class=\"elementor elementor-141\" data-elementor-post-type=\"page\">\n\t\t\t\t<div class=\"elementor-element elementor-element-6a490eb7 e-flex e-con-boxed e-con e-parent\" data-id=\"6a490eb7\" data-element_type=\"container\" data-e-type=\"container\" data-settings=\"{&quot;background_background&quot;:&quot;gradient&quot;}\">\n\t\t\t\t\t<div class=\"e-con-inner\">\n\t\t\t\t<div class=\"elementor-element elementor-element-38879acc elementor-widget elementor-widget-heading\" data-id=\"38879acc\" data-element_type=\"widget\" data-e-type=\"widget\" data-widget_type=\"heading.default\">\n\t\t\t\t<div class=\"elementor-widget-container\">\n\t\t\t\t\t<h1 class=\"elementor-heading-title elementor-size-default\">Ta kontakt med Offentlighetsjouren<\/h1>\t\t\t\t<\/div>\n\t\t\t\t<\/div>\n\t\t\t\t\t<\/div>\n\t\t\t\t<\/div>\n\t\t<div class=\"elementor-element elementor-element-ebbb89f e-flex e-con-boxed e-con e-parent\" data-id=\"ebbb89f\" data-element_type=\"container\" data-e-type=\"container\">\n\t\t\t\t\t<div class=\"e-con-inner\">\n\t\t<div class=\"elementor-element elementor-element-617c879 e-con-full e-flex e-con e-child\" data-id=\"617c879\" data-element_type=\"container\" data-e-type=\"container\">\n\t\t\t\t<div class=\"elementor-element elementor-element-bc09e93 elementor-widget elementor-widget-text-editor\" data-id=\"bc09e93\" data-element_type=\"widget\" data-e-type=\"widget\" data-widget_type=\"text-editor.default\">\n\t\t\t\t<div class=\"elementor-widget-container\">\n\t\t\t\t\t\t\t\t\t<p>Mats Amnell \u00e4r Fojos expert p\u00e5 Offentlighetsprincipen. Mats jobbar till vardags som reporter p\u00e5 Sydvenskan och har m\u00e5nga \u00e5rs erfarenhet av att beg\u00e4ra ut handlingar och driva \u00e4renden till olika instanser.<\/p><p>Beh\u00f6ver du hj\u00e4lp eller r\u00e5d? Skicka ett mejl till Mats s\u00e5 hj\u00e4lper han dig.<\/p>\t\t\t\t\t\t\t\t<\/div>\n\t\t\t\t<\/div>\n\t\t\t\t<div class=\"elementor-element elementor-element-fce48a5 elementor-icon-list--layout-traditional elementor-list-item-link-full_width elementor-widget elementor-widget-icon-list\" data-id=\"fce48a5\" data-element_type=\"widget\" data-e-type=\"widget\" data-widget_type=\"icon-list.default\">\n\t\t\t\t<div class=\"elementor-widget-container\">\n\t\t\t\t\t\t\t<ul class=\"elementor-icon-list-items\">\n\t\t\t\t\t\t\t<li class=\"elementor-icon-list-item\">\n\t\t\t\t\t\t\t\t\t\t\t<a href=\"mailto:offentlighetsjouren.fojo@lnu.se\">\n\n\t\t\t\t\t\t\t\t\t\t\t\t<span class=\"elementor-icon-list-icon\">\n\t\t\t\t\t\t\t<svg aria-hidden=\"true\" class=\"e-font-icon-svg e-fas-envelope\" viewBox=\"0 0 512 512\" xmlns=\"http:\/\/www.w3.org\/2000\/svg\"><path d=\"M502.3 190.8c3.9-3.1 9.7-.2 9.7 4.7V400c0 26.5-21.5 48-48 48H48c-26.5 0-48-21.5-48-48V195.6c0-5 5.7-7.8 9.7-4.7 22.4 17.4 52.1 39.5 154.1 113.6 21.1 15.4 56.7 47.8 92.2 47.6 35.7.3 72-32.8 92.3-47.6 102-74.1 131.6-96.3 154-113.7zM256 320c23.2.4 56.6-29.2 73.4-41.4 132.7-96.3 142.8-104.7 173.4-128.7 5.8-4.5 9.2-11.5 9.2-18.9v-19c0-26.5-21.5-48-48-48H48C21.5 64 0 85.5 0 112v19c0 7.4 3.4 14.3 9.2 18.9 30.6 23.9 40.7 32.4 173.4 128.7 16.8 12.2 50.2 41.8 73.4 41.4z\"><\/path><\/svg>\t\t\t\t\t\t<\/span>\n\t\t\t\t\t\t\t\t\t\t<span class=\"elementor-icon-list-text\">offentlighetsjouren.fojo@lnu.se<\/span>\n\t\t\t\t\t\t\t\t\t\t\t<\/a>\n\t\t\t\t\t\t\t\t\t<\/li>\n\t\t\t\t\t\t<\/ul>\n\t\t\t\t\t\t<\/div>\n\t\t\t\t<\/div>\n\t\t\t\t<\/div>\n\t\t<div class=\"elementor-element elementor-element-d903d4a e-con-full e-flex e-con e-child\" data-id=\"d903d4a\" data-element_type=\"container\" data-e-type=\"container\">\n\t\t\t\t<div class=\"elementor-element elementor-element-330e1c2 elementor-widget elementor-widget-image\" data-id=\"330e1c2\" data-element_type=\"widget\" data-e-type=\"widget\" data-widget_type=\"image.default\">\n\t\t\t\t<div class=\"elementor-widget-container\">\n\t\t\t\t\t\t\t\t\t\t\t\t\t\t\t<img decoding=\"async\" src=\"https:\/\/fojo.se\/offentlighetsjouren\/wp-content\/uploads\/sites\/7\/2024\/05\/IMG_1767.jpg\" title=\"\" alt=\"\" loading=\"lazy\" \/>\t\t\t\t\t\t\t\t\t\t\t\t\t\t\t<\/div>\n\t\t\t\t<\/div>\n\t\t\t\t<\/div>\n\t\t\t\t\t<\/div>\n\t\t\t\t<\/div>\n\t\t\t\t<\/div>\n\t\t","protected":false},"excerpt":{"rendered":"<p>Ta kontakt med Offentlighetsjouren Mats Amnell \u00e4r Fojos expert p\u00e5 Offentlighetsprincipen. Mats jobbar till vardags som reporter p\u00e5 Sydvenskan och har m\u00e5nga \u00e5rs erfarenhet av att beg\u00e4ra ut handlingar och driva \u00e4renden till olika instanser. Beh\u00f6ver du hj\u00e4lp eller r\u00e5d? Skicka ett mejl till Mats s\u00e5 hj\u00e4lper han dig. offentlighetsjouren.fojo@lnu.se<\/p>\n","protected":false},"author":2,"featured_media":0,"parent":0,"menu_order":4,"comment_status":"closed","ping_status":"closed","template":"","meta":{"_monsterinsights_skip_tracking":false,"_monsterinsights_sitenote_active":false,"_monsterinsights_sitenote_note":"","_monsterinsights_sitenote_category":0,"footnotes":""},"class_list":["post-141","page","type-page","status-publish","hentry"],"_links":{"self":[{"href":"https:\/\/fojo.se\/offentlighetsjouren\/wp-json\/wp\/v2\/pages\/141","targetHints":{"allow":["GET"]}}],"collection":[{"href":"https:\/\/fojo.se\/offentlighetsjouren\/wp-json\/wp\/v2\/pages"}],"about":[{"href":"https:\/\/fojo.se\/offentlighetsjouren\/wp-json\/wp\/v2\/types\/page"}],"author":[{"embeddable":true,"href":"https:\/\/fojo.se\/offentlighetsjouren\/wp-json\/wp\/v2\/users\/2"}],"replies":[{"embeddable":true,"href":"https:\/\/fojo.se\/offentlighetsjouren\/wp-json\/wp\/v2\/comments?post=141"}],"version-history":[{"count":16,"href":"https:\/\/fojo.se\/offentlighetsjouren\/wp-json\/wp\/v2\/pages\/141\/revisions"}],"predecessor-version":[{"id":654,"href":"https:\/\/fojo.se\/offentlighetsjouren\/wp-json\/wp\/v2\/pages\/141\/revisions\/654"}],"wp:attachment":[{"href":"https:\/\/fojo.se\/offentlighetsjouren\/wp-json\/wp\/v2\/media?parent=141"}],"curies":[{"name":"wp","href":"https:\/\/api.w.org\/{rel}","templated":true}]}}