{"id":414,"date":"2024-04-15T12:58:15","date_gmt":"2024-04-15T10:58:15","guid":{"rendered":"https:\/\/fojo.se\/hathot\/?page_id=414"},"modified":"2024-04-15T16:41:37","modified_gmt":"2024-04-15T14:41:37","slug":"hot-och-riskbedomning","status":"publish","type":"page","link":"https:\/\/fojo.se\/hathot\/verktyg\/hot-och-riskbedomning\/","title":{"rendered":"Hot- och riskbed\u00f6mning"},"content":{"rendered":"\t\t<div data-elementor-type=\"wp-page\" data-elementor-id=\"414\" class=\"elementor elementor-414\" data-elementor-post-type=\"page\">\n\t\t\t\t<div class=\"elementor-element elementor-element-7f3bcd41 e-flex e-con-boxed e-con e-parent\" data-id=\"7f3bcd41\" data-element_type=\"container\" data-e-type=\"container\" data-settings=\"{&quot;background_background&quot;:&quot;gradient&quot;}\">\n\t\t\t\t\t<div class=\"e-con-inner\">\n\t\t\t\t<div class=\"elementor-element elementor-element-3dc3c784 elementor-widget elementor-widget-heading\" data-id=\"3dc3c784\" data-element_type=\"widget\" data-e-type=\"widget\" data-widget_type=\"heading.default\">\n\t\t\t\t<div class=\"elementor-widget-container\">\n\t\t\t\t\t<h1 class=\"elementor-heading-title elementor-size-default\">Hot- och riskbed\u00f6mning<\/h1>\t\t\t\t<\/div>\n\t\t\t\t<\/div>\n\t\t\t\t\t<\/div>\n\t\t\t\t<\/div>\n\t\t<div class=\"elementor-element elementor-element-86fdd58 e-flex e-con-boxed e-con e-parent\" data-id=\"86fdd58\" data-element_type=\"container\" data-e-type=\"container\">\n\t\t\t\t\t<div class=\"e-con-inner\">\n\t\t\t\t<div class=\"elementor-element elementor-element-f38273b elementor-widget elementor-widget-heading\" data-id=\"f38273b\" data-element_type=\"widget\" data-e-type=\"widget\" data-widget_type=\"heading.default\">\n\t\t\t\t<div class=\"elementor-widget-container\">\n\t\t\t\t\t<h2 class=\"elementor-heading-title elementor-size-default\">Sven Stensson, polis p\u00e5 Brottsoffer- och persons\u00e4kerhetsgruppen i Region Syd, svarar:<\/h2>\t\t\t\t<\/div>\n\t\t\t\t<\/div>\n\t\t\t\t<div class=\"elementor-element elementor-element-b4d6913 elementor-widget elementor-widget-text-editor\" data-id=\"b4d6913\" data-element_type=\"widget\" data-e-type=\"widget\" data-widget_type=\"text-editor.default\">\n\t\t\t\t<div class=\"elementor-widget-container\">\n\t\t\t\t\t\t\t\t\t<h6>Hur ska jag agera om jag blir hotad?<\/h6><p>\u2013 Det vanliga \u00e4r ju att man kontaktar polisen ganska omg\u00e5ende. I \u00f6vrigt ska man snarast b\u00f6rja dokumentera hotet. Att f\u00f6ra loggbok \u00f6ver vad som h\u00e4nder \u00e4r ett vanligt r\u00e5d vi brukar ge.<\/p><h6>P\u00e5 vilka s\u00e4tt kan jag s\u00e4kra bevis?<\/h6><p>\u2013 N\u00e4r man befinner sig i en hotsituation \u00e4r det naturligt att man blir pressad, blockerad och har sv\u00e5rt med tidsbegreppen, d\u00e4rf\u00f6r \u00e4r det bra att skriva ned allt man kan. Loggboken eller dagboken \u00e4r v\u00e4ldigt bra att ha vid en r\u00e4tteg\u00e5ng senare. I \u00f6vrigt kan du fotografera eller g\u00e5 till l\u00e4kare f\u00f6r att f\u00e5 eventuella skador dokumenterade.<\/p><h6>Hur bed\u00f6mer jag hotet?<\/h6><p>\u2013 Att det \u00e4r n\u00e5gon helt ok\u00e4nd som har hotat dig \u00e4r v\u00e4ldigt ovanligt. Ofta \u00e4r det ju n\u00e5gon du har varit i kontakt med p\u00e5 n\u00e5got vis, n\u00e5gon du har haft en relation med eller tr\u00e4ffat p\u00e5 i ett m\u00f6te, n\u00e5gon som k\u00e4nner sig f\u00f6rf\u00f6rdelad. Det finns tv\u00e5 vanliga syften med hotet. Antingen vill man hota f\u00f6r att se r\u00e4dsla hos motparten. Eller s\u00e5 vill man tysta n\u00e5gon. Det sista \u00e4r n\u00e5got kriminella organisationer ofta anv\u00e4nder sig av f\u00f6r att undkomma att bli st\u00f6rda eller avbrutna i sin brottsliga verksamhet. Viktiga faktorer i en bed\u00f6mning av ett hot \u00e4r vilken typ av v\u00e5ldskapital den som hotar kan t\u00e4nkas ha tillg\u00e5ng till. Fr\u00e5n polisens sida har vi m\u00f6jlighet att studera det mer i detalj genom att titta p\u00e5 om den som hotar har tillg\u00e5ng till vapen, finns i v\u00e5ra register sedan tidigare, tillh\u00f6r n\u00e5gon slags kriminell organisation eller \u00e4r psykisk sjuk.<\/p><h6>\u00c4r det n\u00e5gon skillnad p\u00e5 hot som framf\u00f6rs personligen och p\u00e5 n\u00e4tet?<\/h6><p>\u2013 Jag tror personligen att om n\u00e5gon har lagt ned s\u00e5 mycket tid och kraft p\u00e5 att ringa upp en person, eller komma hem och knacka p\u00e5 dennes d\u00f6rr, d\u00e5 \u00e4r det hotet allvarligare \u00e4n om n\u00e5gon sitter hemma vid sin dator och skriver hotfulla meddelanden i sociala medier eller liknande.<\/p><h6>I vilka fall ska jag ta hotet mer p\u00e5 allvar?<\/h6><p>\u2013 Om den som hotar till exempel tillh\u00f6r en kriminell organisation, m\u00e5r d\u00e5ligt psykiskt eller har tillg\u00e5ng till vapen.<\/p><h6>N\u00e4r ska jag kontakta polisen?<\/h6><p>\u2013 S\u00e5 fort som m\u00f6jligt om du k\u00e4nner att du \u00e4r r\u00e4dd. N\u00e4r det inverkar p\u00e5 din vardag. D\u00e5 har det g\u00e5tt \u00f6ver gr\u00e4nsen f\u00f6r vad som \u00e4r acceptabelt. Ingen person ska k\u00e4nna sig hindrad att leva som vanligt.<\/p><h6>Vilken hj\u00e4lp kan jag f\u00e5 av polisen?<\/h6><p>\u2013 Ofta b\u00f6rjar man med att uppr\u00e4tta en anm\u00e4lan om olaga hot. Det intr\u00e4ffade ska d\u00e5 uppfylla kriterierna f\u00f6r att inneb\u00e4ra en allvarlig fara eller oro f\u00f6r h\u00e4lsa och liv. Efter uppr\u00e4ttad anm\u00e4lan kontaktas ibland Bops-gruppen direkt av den som tagit emot anm\u00e4lan. Annars scannar vi sj\u00e4lva igenom inkomna anm\u00e4lningar varje morgon. Ser vi n\u00e5got d\u00e4r v\u00e5r hj\u00e4lp kan beh\u00f6vas kontaktar vi brottsoffret och inleder en diskussion om s\u00e4kerhet och hotbild.<\/p><h6>Vad \u00e4r Brottsoffer-och persons\u00e4kerhetsgruppens uppgift?<\/h6><p>\u2013 V\u00e5rt arbete \u00e4r helt isolerat fr\u00e5n utredningsarbetet inom polisen. V\u00e5r uppgift \u00e4r att hj\u00e4lpa brottsoffret att k\u00e4nnas sig trygg under medverkandet i utredning, och senare i en r\u00e4tteg\u00e5ng. Det h\u00e4r har identifierats som ett tydligt behov, m\u00e5nga brottsoffer k\u00e4nner en stor r\u00e4dsla f\u00f6r att medverka i polisutredning och r\u00e4tteg\u00e5ng. Vi kan hj\u00e4lpa brottsoffret med olika skydds- och s\u00e4kerhets\u00e5tg\u00e4rder. Vi kan till exempel l\u00e4mna ut en s\u00e4rskild larmtelefon, titta p\u00e5 om personens hemd\u00f6rr beh\u00f6ver f\u00f6rst\u00e4rkas, hj\u00e4lpa till med att ans\u00f6ka om kontaktf\u00f6rbud hos \u00e5klagare och annat.<\/p><h6>Har du skyldighet att dokumentera information du f\u00e5r, och att anm\u00e4la brott?<\/h6><p>\u2013 Vi h\u00e4mtar in information fr\u00e5n flera olika h\u00e5ll, ofta uppgifter som beh\u00f6ver skyddas. N\u00e4r vi g\u00f6r anteckningar har vi d\u00e4rf\u00f6r m\u00f6jlighet att ha ett s\u00e5 kallat hemligt arkiv, d\u00e4r alla v\u00e5ra papper inte blir automatiskt offentliga som vid andra brottsm\u00e5l. Alla poliser har anm\u00e4lningsplikt. Vi f\u00f6rs\u00f6ker dock att f\u00f6rvalta f\u00f6rtroenden och s\u00e5 l\u00e5ngt det \u00e4r m\u00f6jligt undvika att sj\u00e4lva g\u00f6ra anm\u00e4lan. Vi f\u00f6rs\u00f6ker ist\u00e4llet uppmana personer att g\u00f6ra anm\u00e4lan, eller s\u00e4tta dem i kontakt med en person som kan ta upp anm\u00e4lan. Vi anm\u00e4ler inte mot n\u00e5gons vilja.<\/p><h6>Hur kan jag bed\u00f6ma risker innan jag ger mig ut p\u00e5 f\u00e4ltet?<\/h6><p>\u2013 Som journalist kan jag t\u00e4nka mig att man \u00e4r beredd att g\u00e5 ganska l\u00e5ngt f\u00f6r att f\u00e5 den information man vill ha. Men d\u00e5 \u00e4r det viktigt att f\u00f6rbereda sig noga inf\u00f6r situationen. Ha en tydlig plan. Om du ska g\u00f6ra en intervju med en person som du vet \u00e4r potentiellt farlig, \u00e4r kriminell eller psykiskt sjuk eller liknande, ska du f\u00f6r det f\u00f6rsta helst inte vara ensam. Var noga med m\u00f6tesplats, och var noga med att det som ni har avtalat om h\u00e5lls \u00e4ven fr\u00e5n intervjupersonens sida. Och se till att alltid ha en n\u00f6dutg\u00e5ng, en m\u00f6jlighet att backa ur situationen.<\/p>\t\t\t\t\t\t\t\t<\/div>\n\t\t\t\t<\/div>\n\t\t\t\t<div class=\"elementor-element elementor-element-6b46d05 elementor-widget-divider--view-line elementor-widget elementor-widget-divider\" data-id=\"6b46d05\" data-element_type=\"widget\" data-e-type=\"widget\" data-widget_type=\"divider.default\">\n\t\t\t\t<div class=\"elementor-widget-container\">\n\t\t\t\t\t\t\t<div class=\"elementor-divider\">\n\t\t\t<span class=\"elementor-divider-separator\">\n\t\t\t\t\t\t<\/span>\n\t\t<\/div>\n\t\t\t\t\t\t<\/div>\n\t\t\t\t<\/div>\n\t\t\t\t<div class=\"elementor-element elementor-element-731c41a elementor-widget elementor-widget-text-editor\" data-id=\"731c41a\" data-element_type=\"widget\" data-e-type=\"widget\" data-widget_type=\"text-editor.default\">\n\t\t\t\t<div class=\"elementor-widget-container\">\n\t\t\t\t\t\t\t\t\t<h5>Sven Stenssons r\u00e5d<\/h5><ul><li>Var f\u00f6rsiktig, g\u00f6r en bed\u00f6mning innan du g\u00f6r n\u00e5gonting.<\/li><li>Ha kontakt med polisen. Just nu arbetar jag och m\u00e5nga av mina kollegor med att skapa kontakt med lokala utgivare och journalister, inte minst med tanke p\u00e5 valr\u00f6relsen i h\u00f6st. Tveka inte att h\u00f6ra av dig till oss s\u00e5 vi vet om varandra.<\/li><li>Ha mobilen laddad och med dig. Ring alltid 112 i en akut situation. Om du har en iPhone finns det ett knep som jag vill sprida till s\u00e5 m\u00e5nga som m\u00f6jligt. Tryck snabbt p\u00e5 avst\u00e4ngningsknappen fem g\u00e5nger i rad s\u00e5 kan du automatiskt starta ett n\u00f6dsamtal till SOS. N\u00e4r samtalet avslutas skickas ett automatiskt sms med din gps-position till dina n\u00f6dkontakter i telefonen. Vilka dina n\u00f6dkontakter \u00e4r kan du ange i appen \u201dH\u00e4lsa\u201d i telefonen.<\/li><\/ul>\t\t\t\t\t\t\t\t<\/div>\n\t\t\t\t<\/div>\n\t\t\t\t<div class=\"elementor-element elementor-element-361f2a4 elementor-widget-divider--view-line elementor-widget elementor-widget-divider\" data-id=\"361f2a4\" data-element_type=\"widget\" data-e-type=\"widget\" data-widget_type=\"divider.default\">\n\t\t\t\t<div class=\"elementor-widget-container\">\n\t\t\t\t\t\t\t<div class=\"elementor-divider\">\n\t\t\t<span class=\"elementor-divider-separator\">\n\t\t\t\t\t\t<\/span>\n\t\t<\/div>\n\t\t\t\t\t\t<\/div>\n\t\t\t\t<\/div>\n\t\t\t\t<div class=\"elementor-element elementor-element-bf295f1 elementor-widget elementor-widget-text-editor\" data-id=\"bf295f1\" data-element_type=\"widget\" data-e-type=\"widget\" data-widget_type=\"text-editor.default\">\n\t\t\t\t<div class=\"elementor-widget-container\">\n\t\t\t\t\t\t\t\t\t<h5>Fakta om Brottsoffer- och persons\u00e4kerhetsverksamhet (BOPS)<\/h5><ul><li>Det finns en brottsoffer- och persons\u00e4kerhetsverksamhet i alla polisomr\u00e5den.<\/li><li>Den best\u00e5r av brottsoffersamordnare och persons\u00e4kerhetshandl\u00e4ggare.<\/li><li>Den lokala polisen kan erbjuda \u00e5tg\u00e4rder f\u00f6r de flesta som beh\u00f6ver st\u00f6d och skydd och \u00e4r utsatta f\u00f6r brott.<\/li><li>Polisen bed\u00f6mer hur stort behovet av skydd \u00e4r, och vilken skydds\u00e5tg\u00e4rd som ska anv\u00e4ndas i det enskilda fallet.<\/li><li>Skyddspaket f\u00f6r hotade kan best\u00e5 av larmtelefon med gps-funktion, inspelningsenhet och akustiskt larm.<\/li><li>En hotad kan \u00e4ven f\u00e5 en kontaktperson hos polisen och m\u00f6jlighet till informations- och s\u00e4kerhetssamtal.<\/li><\/ul><p><em>K\u00e4lla: Polisen.se<\/em><\/p>\t\t\t\t\t\t\t\t<\/div>\n\t\t\t\t<\/div>\n\t\t\t\t\t<\/div>\n\t\t\t\t<\/div>\n\t\t\t\t<\/div>\n\t\t","protected":false},"excerpt":{"rendered":"<p>Hot- och riskbed\u00f6mning Sven Stensson, polis p\u00e5 Brottsoffer- och persons\u00e4kerhetsgruppen i Region Syd, svarar: Hur ska jag agera om jag blir hotad? \u2013 Det vanliga \u00e4r ju att man kontaktar polisen ganska omg\u00e5ende. I \u00f6vrigt ska man snarast b\u00f6rja dokumentera hotet. Att f\u00f6ra loggbok \u00f6ver vad som h\u00e4nder \u00e4r ett vanligt r\u00e5d vi brukar ge. [&hellip;]<\/p>\n","protected":false},"author":2,"featured_media":0,"parent":160,"menu_order":6,"comment_status":"closed","ping_status":"closed","template":"","meta":{"_monsterinsights_skip_tracking":false,"_monsterinsights_sitenote_active":false,"_monsterinsights_sitenote_note":"","_monsterinsights_sitenote_category":0,"footnotes":""},"class_list":["post-414","page","type-page","status-publish","hentry"],"_links":{"self":[{"href":"https:\/\/fojo.se\/hathot\/wp-json\/wp\/v2\/pages\/414","targetHints":{"allow":["GET"]}}],"collection":[{"href":"https:\/\/fojo.se\/hathot\/wp-json\/wp\/v2\/pages"}],"about":[{"href":"https:\/\/fojo.se\/hathot\/wp-json\/wp\/v2\/types\/page"}],"author":[{"embeddable":true,"href":"https:\/\/fojo.se\/hathot\/wp-json\/wp\/v2\/users\/2"}],"replies":[{"embeddable":true,"href":"https:\/\/fojo.se\/hathot\/wp-json\/wp\/v2\/comments?post=414"}],"version-history":[{"count":11,"href":"https:\/\/fojo.se\/hathot\/wp-json\/wp\/v2\/pages\/414\/revisions"}],"predecessor-version":[{"id":476,"href":"https:\/\/fojo.se\/hathot\/wp-json\/wp\/v2\/pages\/414\/revisions\/476"}],"up":[{"embeddable":true,"href":"https:\/\/fojo.se\/hathot\/wp-json\/wp\/v2\/pages\/160"}],"wp:attachment":[{"href":"https:\/\/fojo.se\/hathot\/wp-json\/wp\/v2\/media?parent=414"}],"curies":[{"name":"wp","href":"https:\/\/api.w.org\/{rel}","templated":true}]}}