{"id":410,"date":"2024-04-15T12:57:16","date_gmt":"2024-04-15T10:57:16","guid":{"rendered":"https:\/\/fojo.se\/hathot\/?page_id=410"},"modified":"2024-04-15T15:31:19","modified_gmt":"2024-04-15T13:31:19","slug":"utsatt","status":"publish","type":"page","link":"https:\/\/fojo.se\/hathot\/verktyg\/utsatt\/","title":{"rendered":"Om du har blivit utsatt f\u00f6r brott"},"content":{"rendered":"\t\t<div data-elementor-type=\"wp-page\" data-elementor-id=\"410\" class=\"elementor elementor-410\" data-elementor-post-type=\"page\">\n\t\t\t\t<div class=\"elementor-element elementor-element-b7d60d8 e-flex e-con-boxed e-con e-parent\" data-id=\"b7d60d8\" data-element_type=\"container\" data-e-type=\"container\" data-settings=\"{&quot;background_background&quot;:&quot;gradient&quot;}\">\n\t\t\t\t\t<div class=\"e-con-inner\">\n\t\t\t\t<div class=\"elementor-element elementor-element-f5c24b2 elementor-widget elementor-widget-heading\" data-id=\"f5c24b2\" data-element_type=\"widget\" data-e-type=\"widget\" data-widget_type=\"heading.default\">\n\t\t\t\t<div class=\"elementor-widget-container\">\n\t\t\t\t\t<h1 class=\"elementor-heading-title elementor-size-default\">Om du har blivit utsatt f\u00f6r brott<\/h1>\t\t\t\t<\/div>\n\t\t\t\t<\/div>\n\t\t\t\t\t<\/div>\n\t\t\t\t<\/div>\n\t\t<div class=\"elementor-element elementor-element-456b689 e-flex e-con-boxed e-con e-parent\" data-id=\"456b689\" data-element_type=\"container\" data-e-type=\"container\">\n\t\t\t\t\t<div class=\"e-con-inner\">\n\t\t\t\t<div class=\"elementor-element elementor-element-1763bd5 elementor-widget elementor-widget-heading\" data-id=\"1763bd5\" data-element_type=\"widget\" data-e-type=\"widget\" data-widget_type=\"heading.default\">\n\t\t\t\t<div class=\"elementor-widget-container\">\n\t\t\t\t\t<h2 class=\"elementor-heading-title elementor-size-default\">Eva Larsson, generalsekreterare p\u00e5 Brottsofferjouren, svarar:<\/h2>\t\t\t\t<\/div>\n\t\t\t\t<\/div>\n\t\t\t\t<div class=\"elementor-element elementor-element-79dbd45 elementor-widget elementor-widget-text-editor\" data-id=\"79dbd45\" data-element_type=\"widget\" data-e-type=\"widget\" data-widget_type=\"text-editor.default\">\n\t\t\t\t<div class=\"elementor-widget-container\">\n\t\t\t\t\t\t\t\t\t<h6>Hur kan Brottsofferjouren hj\u00e4lpa mig?<\/h6><p>\u2013 Vi kan erbjuda st\u00f6d, r\u00e5d och hj\u00e4lp. Mer precist handlar det om att v\u00e5ra jourarbetare vid landets 73 lokala brottsofferjourer kan vara ett samtalsst\u00f6d f\u00f6r den som \u00e4r utsatt, den som har varit vittne till ett brott eller \u00e4r anh\u00f6rig till ett brottsoffer. Vi kan ocks\u00e5 vara r\u00e5dgivande och ge information kring polisanm\u00e4lan och informera om vad som h\u00e4nder i en r\u00e4ttsprocess. Vi kan \u00e4ven ge r\u00e5d n\u00e4r det g\u00e4ller att kontakta myndigheter och f\u00f6rs\u00e4kringsbolag i samband med brott. Dessutom erbjuder vi vittnesst\u00f6d vid alla tingsr\u00e4tter, vi kan st\u00f6tta om man ska vittna i r\u00e4tteg\u00e5ng. Att ta hj\u00e4lp av oss \u00e4r helt avgiftsfritt, och vi har tystnadsl\u00f6fte.<\/p><h6>Vad kan ni inte hj\u00e4lpa mig med?<\/h6><p>\u2013 Vi \u00e4r en ideell organisation, och kan d\u00e4rmed inte erbjuda till exempel psykologhj\u00e4lp. Vi kan enbart erbjuda st\u00f6djande samtal. D\u00e4remot kan vi guida vidare till professionell hj\u00e4lp om man \u00f6nskar det. Vi har heller inte m\u00f6jlighet att erbjuda n\u00e5gra skydds\u00e5tg\u00e4rder, det \u00e4r Polisens uppgift.<\/p><h6>Har ni tystnadsplikt?<\/h6><p>\u2013 Alla v\u00e5ra st\u00f6djare har avgett ett tystnadsl\u00f6fte. I och med att vi inte \u00e4r en myndighet har vi inte tystnadsplikt, men vi ser lika str\u00e4ngt p\u00e5 tystnadsl\u00f6ftet som om det vore tystnadsplikt.<\/p><h6>Har ni f\u00f6rberett er p\u00e5 n\u00e5got s\u00e4rskilt s\u00e4tt f\u00f6r att hantera samtal fr\u00e5n mig som journalist?<\/h6><p>\u2013 Under v\u00e5ren 2018 har vi haft en intern vidareutbildning f\u00f6r att f\u00f6rbereda alla v\u00e5ra jourarbetare f\u00f6r samtal fr\u00e5n journalister och konstn\u00e4rer, en \u00e5tg\u00e4rd som ing\u00e5r i regeringens handlingsplan \u201dTill det fria ordets f\u00f6rsvar\u201d. Vi har gett v\u00e5ra jourarbetare utbildning i bland annat yttrandefrihetsgrundlagen och tryckfrihetsf\u00f6rordningen f\u00f6r att de l\u00e4ttare och snabbare ska kunna s\u00e4tta sig in i journalisters situation n\u00e4r de h\u00f6r av sig. Po\u00e4ngtera g\u00e4rna att du \u00e4r journalist n\u00e4r du h\u00f6r av sig till oss, d\u00e5 kan vi rikta in v\u00e5rt st\u00f6d s\u00e4rskilt f\u00f6r att hj\u00e4lpa dig.<\/p><h6>Har ni gjort n\u00e5got annat f\u00f6r att s\u00e4rskilt st\u00f6tta journalister?<\/h6><p>\u2013 Vi har tagit fram en checklista som Polisen och organisationen Tidningsutgivarna har bidragit till. Den kan v\u00e5ra st\u00f6djare anv\u00e4nda f\u00f6r att s\u00e4rskilt st\u00f6tta journalister i de brott som \u00e4r vanligt f\u00f6rekommande mot dem, till exempel hot i sociala medier och p\u00e5 n\u00e4tet i allm\u00e4nhet. Med checklistan g\u00e5r vi igenom vad journalisten kan g\u00f6ra i ett inledande skede, betonar vikten av att polisanm\u00e4la, ger instruktioner om hur man s\u00e4krar bevis och annat.<\/p><h6>Hur n\u00e5r jag er?<\/h6><p>\u2013 Vi har en nationell telefon med nummer 0200-21 20 19 dit man kan v\u00e4nda sig f\u00f6r r\u00e5d och hj\u00e4lp. Sen kan vi guida vidare till den lokala brottsofferjouren d\u00e4r man \u00e4r bosatt. V\u00e5r hemsida p\u00e5 adressen<a href=\"http:\/\/www.brottsofferjouren.se\/\" target=\"_blank\" rel=\"noopener\"> www.brottsofferjouren.se<\/a> \u00e4r ocks\u00e5 fylld av nyttig information.<\/p><h6>Vad vill du s\u00e4ga till mig som tvekar \u00f6ver att kontakta er?<\/h6><p>\u2013 Du har all r\u00e4tt till st\u00f6d som brottsutsatt \u2013 det g\u00e4ller s\u00e5klart \u00e4ven journalister! Det \u00e4r en m\u00e4nsklig r\u00e4ttighet. Och, viktigt att betona, vi ger st\u00f6d \u00e4ven till dig som v\u00e4ljer att inte polisanm\u00e4la. Ofta k\u00e4nner man sig v\u00e4ldigt ensam i sin situation, b\u00e5de som brottsoffer och som anh\u00f6rig till brottsoffer. D\u00e4r kan vi vara ett st\u00f6d, du beh\u00f6ver inte vara ensam. Vi ser att vi kan vara ett st\u00f6d f\u00f6r frilansare, kr\u00f6nik\u00f6rer och mindre redaktioner som inte har s\u00e5 m\u00e5nga andra att luta sig mot. Men \u00e4ven journalister i st\u00f6rre mediehus \u00e4r sj\u00e4lvklart v\u00e4lkomna att s\u00f6ka st\u00f6d och r\u00e5d hos oss om de k\u00e4nner att de beh\u00f6ver det.<\/p>\t\t\t\t\t\t\t\t<\/div>\n\t\t\t\t<\/div>\n\t\t\t\t<div class=\"elementor-element elementor-element-7593183 elementor-widget-divider--view-line elementor-widget elementor-widget-divider\" data-id=\"7593183\" data-element_type=\"widget\" data-e-type=\"widget\" data-widget_type=\"divider.default\">\n\t\t\t\t<div class=\"elementor-widget-container\">\n\t\t\t\t\t\t\t<div class=\"elementor-divider\">\n\t\t\t<span class=\"elementor-divider-separator\">\n\t\t\t\t\t\t<\/span>\n\t\t<\/div>\n\t\t\t\t\t\t<\/div>\n\t\t\t\t<\/div>\n\t\t\t\t<div class=\"elementor-element elementor-element-c8d2918 elementor-widget elementor-widget-text-editor\" data-id=\"c8d2918\" data-element_type=\"widget\" data-e-type=\"widget\" data-widget_type=\"text-editor.default\">\n\t\t\t\t<div class=\"elementor-widget-container\">\n\t\t\t\t\t\t\t\t\t<h5>Eva Larssons tre b\u00e4sta tips<\/h5><ol><li><strong>Dokumentera<\/strong><br \/>G\u00f6r detta \u00e4ven om du inte vet om du vill anm\u00e4la. M\u00e5nga t\u00e4nker att detta \u00e4r sj\u00e4lvklart, \u00e4nd\u00e5 \u00e4r det en vanlig impuls att kasta och radera allt n\u00e4r det v\u00e4l kommer hot och hat. Om du blivit utsatt f\u00f6r hot via sms, e-post eller i sociala medier \u00e4r det viktigt att du sparar allt du mottagit s\u00e5 att det kan ges till polisen vid en anm\u00e4lan.<\/li><li><strong>S\u00f6k st\u00f6d<\/strong><br \/>Forskning visar att de som blivit utsatta f\u00f6r brott och f\u00e5tt ett snabbt st\u00f6d m\u00e5r b\u00e4ttre \u00e4n de som inte f\u00e5tt st\u00f6d alls eller f\u00e5r st\u00f6d f\u00f6rst efter en l\u00e4ngre tid. Du kan f\u00e5 st\u00f6d hos oss \u00e4ven om du inte polisanm\u00e4lt!<\/li><li><strong>T\u00e4nk p\u00e5 dina anh\u00f6riga<\/strong><br \/>Det \u00e4r inte ovanligt att anh\u00f6riga blir mer r\u00e4dda \u00e4n vad journalisten sj\u00e4lv blir. Ibland uts\u00e4tts d\u00e4rf\u00f6r anh\u00f6riga medvetet f\u00f6r hot. Vittnen till det intr\u00e4ffade kan ocks\u00e5 bli r\u00e4dda. B\u00e5da dessa grupper kan f\u00e5 st\u00f6d av Brottsofferjouren.<\/li><\/ol>\t\t\t\t\t\t\t\t<\/div>\n\t\t\t\t<\/div>\n\t\t\t\t\t<\/div>\n\t\t\t\t<\/div>\n\t\t\t\t<\/div>\n\t\t","protected":false},"excerpt":{"rendered":"<p>Om du har blivit utsatt f\u00f6r brott Eva Larsson, generalsekreterare p\u00e5 Brottsofferjouren, svarar: Hur kan Brottsofferjouren hj\u00e4lpa mig? \u2013 Vi kan erbjuda st\u00f6d, r\u00e5d och hj\u00e4lp. Mer precist handlar det om att v\u00e5ra jourarbetare vid landets 73 lokala brottsofferjourer kan vara ett samtalsst\u00f6d f\u00f6r den som \u00e4r utsatt, den som har varit vittne till ett [&hellip;]<\/p>\n","protected":false},"author":2,"featured_media":0,"parent":160,"menu_order":8,"comment_status":"closed","ping_status":"closed","template":"","meta":{"_monsterinsights_skip_tracking":false,"_monsterinsights_sitenote_active":false,"_monsterinsights_sitenote_note":"","_monsterinsights_sitenote_category":0,"footnotes":""},"class_list":["post-410","page","type-page","status-publish","hentry"],"_links":{"self":[{"href":"https:\/\/fojo.se\/hathot\/wp-json\/wp\/v2\/pages\/410","targetHints":{"allow":["GET"]}}],"collection":[{"href":"https:\/\/fojo.se\/hathot\/wp-json\/wp\/v2\/pages"}],"about":[{"href":"https:\/\/fojo.se\/hathot\/wp-json\/wp\/v2\/types\/page"}],"author":[{"embeddable":true,"href":"https:\/\/fojo.se\/hathot\/wp-json\/wp\/v2\/users\/2"}],"replies":[{"embeddable":true,"href":"https:\/\/fojo.se\/hathot\/wp-json\/wp\/v2\/comments?post=410"}],"version-history":[{"count":7,"href":"https:\/\/fojo.se\/hathot\/wp-json\/wp\/v2\/pages\/410\/revisions"}],"predecessor-version":[{"id":459,"href":"https:\/\/fojo.se\/hathot\/wp-json\/wp\/v2\/pages\/410\/revisions\/459"}],"up":[{"embeddable":true,"href":"https:\/\/fojo.se\/hathot\/wp-json\/wp\/v2\/pages\/160"}],"wp:attachment":[{"href":"https:\/\/fojo.se\/hathot\/wp-json\/wp\/v2\/media?parent=410"}],"curies":[{"name":"wp","href":"https:\/\/api.w.org\/{rel}","templated":true}]}}