{"id":156,"date":"2024-01-16T14:16:44","date_gmt":"2024-01-16T13:16:44","guid":{"rendered":"https:\/\/fojo.se\/hathot\/?page_id=156"},"modified":"2024-04-05T10:12:49","modified_gmt":"2024-04-05T08:12:49","slug":"helpdesk","status":"publish","type":"page","link":"https:\/\/fojo.se\/hathot\/helpdesk\/","title":{"rendered":"Helpdesk"},"content":{"rendered":"\t\t<div data-elementor-type=\"wp-page\" data-elementor-id=\"156\" class=\"elementor elementor-156\" data-elementor-post-type=\"page\">\n\t\t\t\t<div class=\"elementor-element elementor-element-196b38c1 e-flex e-con-boxed e-con e-parent\" data-id=\"196b38c1\" data-element_type=\"container\" data-e-type=\"container\" data-settings=\"{&quot;background_background&quot;:&quot;gradient&quot;}\">\n\t\t\t\t\t<div class=\"e-con-inner\">\n\t\t\t\t<div class=\"elementor-element elementor-element-1bf3a6df elementor-widget elementor-widget-heading\" data-id=\"1bf3a6df\" data-element_type=\"widget\" data-e-type=\"widget\" data-widget_type=\"heading.default\">\n\t\t\t\t<div class=\"elementor-widget-container\">\n\t\t\t\t\t<h1 class=\"elementor-heading-title elementor-size-default\">Helpdesk<\/h1>\t\t\t\t<\/div>\n\t\t\t\t<\/div>\n\t\t\t\t<div class=\"elementor-element elementor-element-40d910d1 elementor-widget elementor-widget-heading\" data-id=\"40d910d1\" data-element_type=\"widget\" data-e-type=\"widget\" data-widget_type=\"heading.default\">\n\t\t\t\t<div class=\"elementor-widget-container\">\n\t\t\t\t\t<h6 class=\"elementor-heading-title elementor-size-default\">Om du beh\u00f6ver hj\u00e4lp, r\u00e5d eller st\u00f6d n\u00e4r du har blivit eller riskerar att bli utsatt f\u00f6r hat eller hot i din yrkesroll som journalist<\/h6>\t\t\t\t<\/div>\n\t\t\t\t<\/div>\n\t\t\t\t\t<\/div>\n\t\t\t\t<\/div>\n\t\t<div class=\"elementor-element elementor-element-1635cd96 e-flex e-con-boxed e-con e-parent\" data-id=\"1635cd96\" data-element_type=\"container\" data-e-type=\"container\">\n\t\t\t\t\t<div class=\"e-con-inner\">\n\t\t\t\t<div class=\"elementor-element elementor-element-5e0ecc50 elementor-widget elementor-widget-text-editor\" data-id=\"5e0ecc50\" data-element_type=\"widget\" data-e-type=\"widget\" data-widget_type=\"text-editor.default\">\n\t\t\t\t<div class=\"elementor-widget-container\">\n\t\t\t\t\t\t\t\t\t<p>R\u00f6r \u00e4rendet k\u00e4nsliga uppgifter ber vi dig att inte skriver ut dessa i ditt mejl, utan endast kortfattat n\u00e4mna vad det handlar om, och be om att bli kontaktad. Observera att Demokratijourens tips och r\u00e5d endast \u00e4r lekmannam\u00e4ssiga, inte juridiskt v\u00e4gledande, och de baseras uteslutande p\u00e5 offentlig information fr\u00e5n forskare, experter och myndigheter. F\u00f6r professionell och juridisk hj\u00e4lp h\u00e4nvisar vi alltid till ansvariga yrkesm\u00e4n, till exempel inom Polisen.<\/p>\t\t\t\t\t\t\t\t<\/div>\n\t\t\t\t<\/div>\n\t\t\t\t\t<\/div>\n\t\t\t\t<\/div>\n\t\t<div class=\"elementor-element elementor-element-eef6efc e-flex e-con-boxed e-con e-parent\" data-id=\"eef6efc\" data-element_type=\"container\" data-e-type=\"container\">\n\t\t\t\t\t<div class=\"e-con-inner\">\n\t\t\t\t<div class=\"elementor-element elementor-element-1b40962 elementor-widget elementor-widget-text-editor\" data-id=\"1b40962\" data-element_type=\"widget\" data-e-type=\"widget\" data-widget_type=\"text-editor.default\">\n\t\t\t\t<div class=\"elementor-widget-container\">\n\t\t\t\t\t\t\t\t\t<p>Demokratijourens helpdesk \u00e4r bemannad under kontorstid och n\u00e5s via mejladressen <strong><a href=\"mailto:bjallran.fojo@lnu.se\">bjallran.fojo@lnu.se<\/a><\/strong>.<\/p><p>H\u00e4r kan du f\u00e5 hj\u00e4lp med<\/p><ul><li>kontakter med ber\u00f6rda myndigheter, till exempel kontaktuppgifter till lokal eller regional polis som arbetar med personskydd eller brottsutredningar.<\/li><li>grundl\u00e4ggande r\u00e5d om hur beredskapen kan \u00f6kas hos frilansaren eller redaktionen.<\/li><li>information om det s\u00e4rskilda st\u00f6d till just journalister som tagits fram hos olika samh\u00e4llsinstanser och myndigheter.<\/li><li>tips om aktuell statistik, forskning och expertkunskap kring hat och hot mot Sveriges journalister.<\/li><\/ul><p><strong>OBS!\u2009I en akut farlig situation ska uteslutande polis, ansvarig chef eller uppdragsgivare kontaktas.<\/strong> Men det finns mindre akuta situationer och problem som vi p\u00e5 Fojo absolut ser att vi kan hj\u00e4lpa till med f\u00f6r att om m\u00f6jligt underl\u00e4tta f\u00f6r journalister och chefer.<\/p><p>Via helpdesken kan Fojo \u00e4ven bjudas in till ett fysiskt m\u00f6te p\u00e5 redaktionen eller frilansm\u00f6ten landet \u00f6ver. D\u00e4r kan vi bland annat ber\u00e4tta mer om v\u00e5rt arbete, tipsa om hur beredskapen mot hat och hot kan \u00f6kas, ge information om det samh\u00e4llsst\u00f6d som finns framtaget f\u00f6r att st\u00f6tta landets journalister och svara p\u00e5 eventuella fr\u00e5gor.<\/p>\t\t\t\t\t\t\t\t<\/div>\n\t\t\t\t<\/div>\n\t\t\t\t\t<\/div>\n\t\t\t\t<\/div>\n\t\t\t\t<\/div>\n\t\t","protected":false},"excerpt":{"rendered":"<p>Helpdesk Om du beh\u00f6ver hj\u00e4lp, r\u00e5d eller st\u00f6d n\u00e4r du har blivit eller riskerar att bli utsatt f\u00f6r hat eller hot i din yrkesroll som journalist R\u00f6r \u00e4rendet k\u00e4nsliga uppgifter ber vi dig att inte skriver ut dessa i ditt mejl, utan endast kortfattat n\u00e4mna vad det handlar om, och be om att bli kontaktad. [&hellip;]<\/p>\n","protected":false},"author":2,"featured_media":282,"parent":0,"menu_order":17,"comment_status":"closed","ping_status":"closed","template":"","meta":{"_monsterinsights_skip_tracking":false,"_monsterinsights_sitenote_active":false,"_monsterinsights_sitenote_note":"","_monsterinsights_sitenote_category":0,"footnotes":""},"class_list":["post-156","page","type-page","status-publish","has-post-thumbnail","hentry"],"_links":{"self":[{"href":"https:\/\/fojo.se\/hathot\/wp-json\/wp\/v2\/pages\/156","targetHints":{"allow":["GET"]}}],"collection":[{"href":"https:\/\/fojo.se\/hathot\/wp-json\/wp\/v2\/pages"}],"about":[{"href":"https:\/\/fojo.se\/hathot\/wp-json\/wp\/v2\/types\/page"}],"author":[{"embeddable":true,"href":"https:\/\/fojo.se\/hathot\/wp-json\/wp\/v2\/users\/2"}],"replies":[{"embeddable":true,"href":"https:\/\/fojo.se\/hathot\/wp-json\/wp\/v2\/comments?post=156"}],"version-history":[{"count":13,"href":"https:\/\/fojo.se\/hathot\/wp-json\/wp\/v2\/pages\/156\/revisions"}],"predecessor-version":[{"id":300,"href":"https:\/\/fojo.se\/hathot\/wp-json\/wp\/v2\/pages\/156\/revisions\/300"}],"wp:featuredmedia":[{"embeddable":true,"href":"https:\/\/fojo.se\/hathot\/wp-json\/wp\/v2\/media\/282"}],"wp:attachment":[{"href":"https:\/\/fojo.se\/hathot\/wp-json\/wp\/v2\/media?parent=156"}],"curies":[{"name":"wp","href":"https:\/\/api.w.org\/{rel}","templated":true}]}}