{"id":2937,"date":"2022-03-30T12:50:01","date_gmt":"2022-03-30T12:50:01","guid":{"rendered":"https:\/\/eu-kollen.se\/eukoll2021\/?page_id=2937"},"modified":"2025-02-21T09:07:39","modified_gmt":"2025-02-21T08:07:39","slug":"offentligt-och-hemligt","status":"publish","type":"page","link":"https:\/\/fojo.se\/eu\/offentligt-och-hemligt\/","title":{"rendered":"Offentligt och hemligt"},"content":{"rendered":"\t\t<div data-elementor-type=\"wp-page\" data-elementor-id=\"2937\" class=\"elementor elementor-2937\" data-elementor-post-type=\"page\">\n\t\t\t\t<div class=\"elementor-element elementor-element-bddb197 e-flex e-con-boxed e-con e-parent\" data-id=\"bddb197\" data-element_type=\"container\" data-e-type=\"container\" data-settings=\"{&quot;background_background&quot;:&quot;classic&quot;}\">\n\t\t\t\t\t<div class=\"e-con-inner\">\n\t\t<div class=\"elementor-element elementor-element-6388d44 e-con-full e-flex e-con e-child\" data-id=\"6388d44\" data-element_type=\"container\" data-e-type=\"container\">\n\t\t\t\t<div class=\"elementor-element elementor-element-8f1f42a elementor-widget elementor-widget-heading\" data-id=\"8f1f42a\" data-element_type=\"widget\" data-e-type=\"widget\" data-widget_type=\"heading.default\">\n\t\t\t\t<div class=\"elementor-widget-container\">\n\t\t\t\t\t<h1 class=\"elementor-heading-title elementor-size-default\">Offentligt och hemligt<\/h1>\t\t\t\t<\/div>\n\t\t\t\t<\/div>\n\t\t\t\t<\/div>\n\t\t\t\t\t<\/div>\n\t\t\t\t<\/div>\n\t\t<div class=\"elementor-element elementor-element-b6bec8b e-flex e-con-boxed e-con e-parent\" data-id=\"b6bec8b\" data-element_type=\"container\" data-e-type=\"container\" data-settings=\"{&quot;background_background&quot;:&quot;classic&quot;,&quot;shape_divider_bottom&quot;:&quot;mountains&quot;}\">\n\t\t\t\t\t<div class=\"e-con-inner\">\n\t\t\t\t<div class=\"elementor-shape elementor-shape-bottom\" aria-hidden=\"true\" data-negative=\"false\">\n\t\t\t<svg xmlns=\"http:\/\/www.w3.org\/2000\/svg\" viewBox=\"0 0 1000 100\" preserveAspectRatio=\"none\">\n\t<path class=\"elementor-shape-fill\" opacity=\"0.33\" d=\"M473,67.3c-203.9,88.3-263.1-34-320.3,0C66,119.1,0,59.7,0,59.7V0h1000v59.7 c0,0-62.1,26.1-94.9,29.3c-32.8,3.3-62.8-12.3-75.8-22.1C806,49.6,745.3,8.7,694.9,4.7S492.4,59,473,67.3z\"\/>\n\t<path class=\"elementor-shape-fill\" opacity=\"0.66\" d=\"M734,67.3c-45.5,0-77.2-23.2-129.1-39.1c-28.6-8.7-150.3-10.1-254,39.1 s-91.7-34.4-149.2,0C115.7,118.3,0,39.8,0,39.8V0h1000v36.5c0,0-28.2-18.5-92.1-18.5C810.2,18.1,775.7,67.3,734,67.3z\"\/>\n\t<path class=\"elementor-shape-fill\" d=\"M766.1,28.9c-200-57.5-266,65.5-395.1,19.5C242,1.8,242,5.4,184.8,20.6C128,35.8,132.3,44.9,89.9,52.5C28.6,63.7,0,0,0,0 h1000c0,0-9.9,40.9-83.6,48.1S829.6,47,766.1,28.9z\"\/>\n<\/svg>\t\t<\/div>\n\t\t<div class=\"elementor-element elementor-element-fb107d8 e-con-full e-flex e-con e-child\" data-id=\"fb107d8\" data-element_type=\"container\" data-e-type=\"container\">\n\t\t\t\t<div class=\"elementor-element elementor-element-1873b3c elementor-widget elementor-widget-heading\" data-id=\"1873b3c\" data-element_type=\"widget\" data-e-type=\"widget\" data-widget_type=\"heading.default\">\n\t\t\t\t<div class=\"elementor-widget-container\">\n\t\t\t\t\t<h2 class=\"elementor-heading-title elementor-size-default\">Det finns en europeisk offentlighetsprincip som, precis som den svenska, ger r\u00e4tten att beg\u00e4ra ut allm\u00e4nna handlingar. Men det finns ocks\u00e5 en hel del intressant information fr\u00e5n EU-maskineriet utlagt \u00f6ppet p\u00e5 n\u00e4tet.<\/h2>\t\t\t\t<\/div>\n\t\t\t\t<\/div>\n\t\t\t\t<\/div>\n\t\t\t\t\t<\/div>\n\t\t\t\t<\/div>\n\t\t<div class=\"elementor-element elementor-element-63f5747 e-flex e-con-boxed e-con e-parent\" data-id=\"63f5747\" data-element_type=\"container\" data-e-type=\"container\">\n\t\t\t\t\t<div class=\"e-con-inner\">\n\t\t<div class=\"elementor-element elementor-element-6aab518 e-con-full e-flex e-con e-child\" data-id=\"6aab518\" data-element_type=\"container\" data-e-type=\"container\">\n\t\t\t\t<div class=\"elementor-element elementor-element-4018be9 elementor-widget elementor-widget-heading\" data-id=\"4018be9\" data-element_type=\"widget\" data-e-type=\"widget\" data-widget_type=\"heading.default\">\n\t\t\t\t<div class=\"elementor-widget-container\">\n\t\t\t\t\t<h3 class=\"elementor-heading-title elementor-size-default\">Offentlighetsprincipen<\/h3>\t\t\t\t<\/div>\n\t\t\t\t<\/div>\n\t\t\t\t<div class=\"elementor-element elementor-element-ffe5bfa elementor-widget elementor-widget-text-editor\" data-id=\"ffe5bfa\" data-element_type=\"widget\" data-e-type=\"widget\" data-widget_type=\"text-editor.default\">\n\t\t\t\t<div class=\"elementor-widget-container\">\n\t\t\t\t\t\t\t\t\t<p>Sedan 2001 har EU\u00a0<a href=\"https:\/\/eur-lex.europa.eu\/legal-content\/SV\/TXT\/HTML\/?uri=CELEX:32001R1049&amp;from=SV\" target=\"_blank\" rel=\"noopener noreferrer\">en offentlighetsprincip<\/a>. Alla medborgare kan allts\u00e5 beg\u00e4ra ut dokument som \u00e4r allm\u00e4nna handlingar fr\u00e5n EU:s institutioner.<\/p><p>De tre stora institutionerna har ett elektroniskt register och formul\u00e4r f\u00f6r att s\u00f6ka efter specifika dokument:<\/p><ul><li><a href=\"https:\/\/ec.europa.eu\/transparency\/documents-register\/\" target=\"_blank\" rel=\"noopener\">Kommissionens register<\/a><\/li><li><a href=\"https:\/\/www.consilium.europa.eu\/en\/documents-publications\/\" target=\"_blank\" rel=\"noopener noreferrer\">Ministerr\u00e5dets register<\/a><\/li><li><a href=\"http:\/\/www.europarl.europa.eu\/RegistreWeb\/search\/simple.htm?language=EN\" target=\"_blank\" rel=\"noopener noreferrer\">Parlamentets register<\/a><\/li><\/ul><p>Notera att \u00e4ven om man inte vet vad slags dokument man s\u00f6ker, finns formul\u00e4r f\u00f6r att s\u00f6ka ganska brett.<\/p><p>Ovanligt f\u00f6r svenska journalister \u00e4r ocks\u00e5 att arbetsdokument r\u00e4knas som allm\u00e4n handling i EU och kan beg\u00e4ras ut.<\/p><p>Institutionerna har 15 arbetsdagar p\u00e5 sig att svara \u2013 med m\u00f6jlighet att f\u00f6rl\u00e4nga 15 dagar till \u2013 s\u00e5 det kan ta l\u00e4ngre tid \u00e4n i Sverige.<\/p><p>Institutionerna har r\u00e4tt att avsl\u00e5 en beg\u00e4ran om insyn utifr\u00e5n en rad sk\u00e4l, t ex om det undergr\u00e4ver skyddet i f\u00f6rsvars- eller s\u00e4kerhetspolitiskt h\u00e4nseende, ekonomiska intressen, inneh\u00e5ller aff\u00e4rshemligheter eller avsl\u00f6jar en inspektion och s\u00e5 vidare (<a href=\"https:\/\/eur-lex.europa.eu\/legal-content\/SV\/TXT\/HTML\/?uri=CELEX:32001R1049&amp;from=SV\" target=\"_blank\" rel=\"noopener\">art 3.2 i f\u00f6rordning 1049\/2001)<\/a>.<\/p><p>Avslaget ska vara skriftligt s\u00e5 att det g\u00e5r att \u00f6verklaga.<\/p><p>Blir det kr\u00e5ngligt att r\u00e4kna ut var det dokument som \u00e4r intressant kan finnas \u2013 g\u00e5 via\u00a0<a href=\"https:\/\/www.asktheeu.org\/\" target=\"_blank\" rel=\"noopener noreferrer\">Ask the EU<\/a>\u00a0\u2013 en medborgarr\u00e4ttsorganisation som hj\u00e4lper till och g\u00f6r det lite enklare.<\/p>\t\t\t\t\t\t\t\t<\/div>\n\t\t\t\t<\/div>\n\t\t\t\t<div class=\"elementor-element elementor-element-06b30d7 elementor-widget-divider--view-line elementor-widget elementor-widget-divider\" data-id=\"06b30d7\" data-element_type=\"widget\" data-e-type=\"widget\" data-widget_type=\"divider.default\">\n\t\t\t\t<div class=\"elementor-widget-container\">\n\t\t\t\t\t\t\t<div class=\"elementor-divider\">\n\t\t\t<span class=\"elementor-divider-separator\">\n\t\t\t\t\t\t<\/span>\n\t\t<\/div>\n\t\t\t\t\t\t<\/div>\n\t\t\t\t<\/div>\n\t\t\t\t<div class=\"elementor-element elementor-element-7717651 elementor-widget elementor-widget-heading\" data-id=\"7717651\" data-element_type=\"widget\" data-e-type=\"widget\" data-widget_type=\"heading.default\">\n\t\t\t\t<div class=\"elementor-widget-container\">\n\t\t\t\t\t<h3 class=\"elementor-heading-title elementor-size-default\">Protokoll<\/h3>\t\t\t\t<\/div>\n\t\t\t\t<\/div>\n\t\t\t\t<div class=\"elementor-element elementor-element-3c13ac9 elementor-widget elementor-widget-text-editor\" data-id=\"3c13ac9\" data-element_type=\"widget\" data-e-type=\"widget\" data-widget_type=\"text-editor.default\">\n\t\t\t\t<div class=\"elementor-widget-container\">\n\t\t\t\t\t\t\t\t\t<p>Protokoll fr\u00e5n m\u00e5nga EU-m\u00f6ten \u00e4r faktiskt offentliga och g\u00e5r att l\u00e4sa direkt p\u00e5 n\u00e4tet.\u00a0Det g\u00e4ller t ex\u00a0EU-kommissionens <a href=\"https:\/\/commission.europa.eu\/strategy-and-policy\/decision-making-process\/decision-making-during-weekly-meetings_en\" target=\"_blank\" rel=\"noopener\">veckom\u00f6ten.<\/a><\/p><p>P\u00e5 kommissionens hemsida kan man ocks\u00e5 se vem\/vilken akt\u00f6r som EU-kommission\u00e4rerna eller deras kabinettschefer eller generaldirekt\u00f6rer har tr\u00e4ffat p\u00e5 sista tiden. Det \u00e4r ett s\u00e4tt att h\u00e5lla reda p\u00e5 vilka lobbyister som ges st\u00f6rst tillg\u00e5ng till makthavarna.<\/p><p>Man hittar infon p\u00e5\u00a0varje enskild kommission\u00e4rs hemsida, under <a href=\"https:\/\/commissioners.ec.europa.eu\/ylva-johansson_sv#ref-%C3%B6ppenhet-och-insyn\" target=\"_blank\" rel=\"noopener\">rubriken \u201d\u00f6ppenhet och insyn\u201d<\/a><\/p><p>\u00c4ven h\u00e4r finns en medborgarr\u00e4ttsorganisation som f\u00f6ljer detta noga och p\u00e5 sin hemsida erbjuder en lite enklare \u00f6verblick, <a href=\"https:\/\/www.integritywatch.eu\/\" target=\"_blank\" rel=\"noopener noreferrer\">Integritywatch.eu.<\/a><\/p><p>Kommission\u00e4rernas<a href=\"https:\/\/commissioners.ec.europa.eu\/calendar-items-commissioners_en\" target=\"_blank\" rel=\"noopener\"> m\u00f6tes- och reseprogram<\/a>\u00a0finns h\u00e4r.<\/p><p>Ministerr\u00e5det l\u00e4gger ut\u00a0<a href=\"https:\/\/www.consilium.europa.eu\/en\/meetings\/calendar\/\" target=\"_blank\" rel=\"noopener noreferrer\">dagordningen f\u00f6r sina m\u00f6ten, <\/a>slutresultat och <a href=\"https:\/\/www.consilium.europa.eu\/en\/press\/press-releases\/\" target=\"_blank\" rel=\"noopener noreferrer\">sammanfattande pressrelease<\/a>\u00a0efter avslutat m\u00f6te.<\/p>\t\t\t\t\t\t\t\t<\/div>\n\t\t\t\t<\/div>\n\t\t\t\t<div class=\"elementor-element elementor-element-7e478c6 elementor-widget-divider--view-line elementor-widget elementor-widget-divider\" data-id=\"7e478c6\" data-element_type=\"widget\" data-e-type=\"widget\" data-widget_type=\"divider.default\">\n\t\t\t\t<div class=\"elementor-widget-container\">\n\t\t\t\t\t\t\t<div class=\"elementor-divider\">\n\t\t\t<span class=\"elementor-divider-separator\">\n\t\t\t\t\t\t<\/span>\n\t\t<\/div>\n\t\t\t\t\t\t<\/div>\n\t\t\t\t<\/div>\n\t\t\t\t<div class=\"elementor-element elementor-element-c485dd0 elementor-widget elementor-widget-heading\" data-id=\"c485dd0\" data-element_type=\"widget\" data-e-type=\"widget\" data-widget_type=\"heading.default\">\n\t\t\t\t<div class=\"elementor-widget-container\">\n\t\t\t\t\t<h3 class=\"elementor-heading-title elementor-size-default\">Kommitt\u00e9er<\/h3>\t\t\t\t<\/div>\n\t\t\t\t<\/div>\n\t\t\t\t<div class=\"elementor-element elementor-element-c53a06f elementor-widget elementor-widget-text-editor\" data-id=\"c53a06f\" data-element_type=\"widget\" data-e-type=\"widget\" data-widget_type=\"text-editor.default\">\n\t\t\t\t<div class=\"elementor-widget-container\">\n\t\t\t\t\t\t\t\t\t<p>EU-kommissionen delegerar m\u00e5nga tekniska eller specialiserade beslut till kommitt\u00e9er. Ibland hamnar politiskt kontroversiella fr\u00e5gor h\u00e4r, som till exempel om en genmodifierad gr\u00f6da ska till\u00e5tas eller utsl\u00e4ppskontroller f\u00f6r dieselbilar sk\u00e4rpas.<\/p><p>I kommitt\u00e9erna sitter som regel medlemsl\u00e4ndernas myndigheter (t ex Transportstyrelsens eller Jordbruksverkets uts\u00e4nde) och de avg\u00f6r genom omr\u00f6stning.<\/p><p>Information om dessa \u2013 emellan\u00e5t \u00f6verraskande m\u00e4ktiga \u2013 kommitt\u00e9er, deras m\u00f6ten och hur de r\u00f6stat g\u00e5r att leta sig fram till\u00a0<a href=\"http:\/\/ec.europa.eu\/transparency\/regcomitology\/index.cfm\" target=\"_blank\" rel=\"noopener noreferrer\">p\u00e5 EU-kommissionens hemsida, h\u00e4r.<\/a><\/p>\t\t\t\t\t\t\t\t<\/div>\n\t\t\t\t<\/div>\n\t\t\t\t<div class=\"elementor-element elementor-element-7eb80af elementor-widget-divider--view-line elementor-widget elementor-widget-divider\" data-id=\"7eb80af\" data-element_type=\"widget\" data-e-type=\"widget\" data-widget_type=\"divider.default\">\n\t\t\t\t<div class=\"elementor-widget-container\">\n\t\t\t\t\t\t\t<div class=\"elementor-divider\">\n\t\t\t<span class=\"elementor-divider-separator\">\n\t\t\t\t\t\t<\/span>\n\t\t<\/div>\n\t\t\t\t\t\t<\/div>\n\t\t\t\t<\/div>\n\t\t\t\t<div class=\"elementor-element elementor-element-81f3fc7 elementor-widget elementor-widget-heading\" data-id=\"81f3fc7\" data-element_type=\"widget\" data-e-type=\"widget\" data-widget_type=\"heading.default\">\n\t\t\t\t<div class=\"elementor-widget-container\">\n\t\t\t\t\t<h3 class=\"elementor-heading-title elementor-size-default\">Ministerr\u00e5det<\/h3>\t\t\t\t<\/div>\n\t\t\t\t<\/div>\n\t\t\t\t<div class=\"elementor-element elementor-element-718d491 elementor-widget elementor-widget-text-editor\" data-id=\"718d491\" data-element_type=\"widget\" data-e-type=\"widget\" data-widget_type=\"text-editor.default\">\n\t\t\t\t<div class=\"elementor-widget-container\">\n\t\t\t\t\t\t\t\t\t<p>L\u00e4nderna r\u00f6star inte ofta i EU:s ministerr\u00e5d, de brukar ist\u00e4llet prata sig fram till enighet. D\u00e4rf\u00f6r syns det s\u00e4llan hur det ena eller andra landet har st\u00e4llt sig.<\/p><p>Efter ministerm\u00f6ten h\u00e5lls ofta en presskonferens,\u00a0<a href=\"https:\/\/video.consilium.europa.eu\/en\/webcasts\" target=\"_blank\" rel=\"noopener noreferrer\">dessa streamas och kan ses i efterhand<\/a> p\u00e5 r\u00e5dets hemsida. Vid toppm\u00f6ten hittar man videos \u00f6ver ankomsten och mediatr\u00e4ffar med de flesta stats- och regeringschefer utlagda h\u00e4r.<\/p><p>Dagordning med en specifik svensk vinkel inf\u00f6r EU:s ministerm\u00f6te kan man f\u00f6r \u00f6vrigt ofta hitta i\u00a0<a href=\"http:\/\/www.riksdagen.se\/sv\/utskotten-eu-namnden\/eu-namnden\/\" target=\"_blank\" rel=\"noopener noreferrer\">de kallelser<\/a>\u00a0som g\u00e5r ut till riksdagens EU-n\u00e4mnd inf\u00f6r de samr\u00e5d med riksdagsm\u00e4nnen som regeringen h\u00e5ller f\u00f6re EU:s ministerm\u00f6ten.<\/p>\t\t\t\t\t\t\t\t<\/div>\n\t\t\t\t<\/div>\n\t\t\t\t<div class=\"elementor-element elementor-element-55579b4 elementor-widget-divider--view-line elementor-widget elementor-widget-divider\" data-id=\"55579b4\" data-element_type=\"widget\" data-e-type=\"widget\" data-widget_type=\"divider.default\">\n\t\t\t\t<div class=\"elementor-widget-container\">\n\t\t\t\t\t\t\t<div class=\"elementor-divider\">\n\t\t\t<span class=\"elementor-divider-separator\">\n\t\t\t\t\t\t<\/span>\n\t\t<\/div>\n\t\t\t\t\t\t<\/div>\n\t\t\t\t<\/div>\n\t\t\t\t<div class=\"elementor-element elementor-element-73a16ea elementor-widget elementor-widget-heading\" data-id=\"73a16ea\" data-element_type=\"widget\" data-e-type=\"widget\" data-widget_type=\"heading.default\">\n\t\t\t\t<div class=\"elementor-widget-container\">\n\t\t\t\t\t<h3 class=\"elementor-heading-title elementor-size-default\">Utskottsm\u00f6ten<\/h3>\t\t\t\t<\/div>\n\t\t\t\t<\/div>\n\t\t\t\t<div class=\"elementor-element elementor-element-aac9931 elementor-widget elementor-widget-text-editor\" data-id=\"aac9931\" data-element_type=\"widget\" data-e-type=\"widget\" data-widget_type=\"text-editor.default\">\n\t\t\t\t<div class=\"elementor-widget-container\">\n\t\t\t\t\t\t\t\t\t<div class=\"fusion-text fusion-text-7\"><p>Europaparlamentets utskottsm\u00f6ten \u00e4r offentliga och\u00a0<a href=\"https:\/\/multimedia.europarl.europa.eu\/en\/home?referer=%22www.europarltv.europa.eu%22\" target=\"_blank\" rel=\"noopener noreferrer\">webbstreamas dessutom<\/a>\u00a0n\u00e4r parlamentet tror att det finns ett intresse (hela plenumsamlingen en vecka i m\u00e5naden\u00a0<a href=\"https:\/\/multimedia.europarl.europa.eu\/en\/home?referer=%22www.europarltv.europa.eu%22\" target=\"_blank\" rel=\"noopener noreferrer\">webbs\u00e4nds ocks\u00e5<\/a>).<\/p><p>Hur varje enskild parlamentariker har r\u00f6stat i en fr\u00e5ga g\u00e5r att se p\u00e5 n\u00e4tet i\u00a0<a href=\"http:\/\/www.europarl.europa.eu\/plenary\/en\/votes.html\" target=\"_blank\" rel=\"noopener noreferrer\">r\u00f6stningsprotokollen<\/a>. Dessa \u00e4r sorterade efter datum n\u00e4r \u00e4rendet klubbades.<br \/><br \/><\/p><\/div>\t\t\t\t\t\t\t\t<\/div>\n\t\t\t\t<\/div>\n\t\t\t\t<\/div>\n\t\t\t\t\t<\/div>\n\t\t\t\t<\/div>\n\t\t\t\t<\/div>\n\t\t","protected":false},"excerpt":{"rendered":"<p>Offentligt och hemligt Det finns en europeisk offentlighetsprincip som, precis som den svenska, ger r\u00e4tten att beg\u00e4ra ut allm\u00e4nna handlingar. Men det finns ocks\u00e5 en hel del intressant information fr\u00e5n EU-maskineriet utlagt \u00f6ppet p\u00e5 n\u00e4tet. Offentlighetsprincipen Sedan 2001 har EU\u00a0en offentlighetsprincip. Alla medborgare kan allts\u00e5 beg\u00e4ra ut dokument som \u00e4r allm\u00e4nna handlingar fr\u00e5n EU:s institutioner. [&hellip;]<\/p>\n","protected":false},"author":18,"featured_media":2939,"parent":0,"menu_order":20,"comment_status":"closed","ping_status":"closed","template":"","meta":{"_acf_changed":false,"_monsterinsights_skip_tracking":false,"_monsterinsights_sitenote_active":false,"_monsterinsights_sitenote_note":"","_monsterinsights_sitenote_category":0,"footnotes":""},"class_list":["post-2937","page","type-page","status-publish","has-post-thumbnail","hentry"],"acf":[],"_links":{"self":[{"href":"https:\/\/fojo.se\/eu\/wp-json\/wp\/v2\/pages\/2937","targetHints":{"allow":["GET"]}}],"collection":[{"href":"https:\/\/fojo.se\/eu\/wp-json\/wp\/v2\/pages"}],"about":[{"href":"https:\/\/fojo.se\/eu\/wp-json\/wp\/v2\/types\/page"}],"author":[{"embeddable":true,"href":"https:\/\/fojo.se\/eu\/wp-json\/wp\/v2\/users\/18"}],"replies":[{"embeddable":true,"href":"https:\/\/fojo.se\/eu\/wp-json\/wp\/v2\/comments?post=2937"}],"version-history":[{"count":3,"href":"https:\/\/fojo.se\/eu\/wp-json\/wp\/v2\/pages\/2937\/revisions"}],"predecessor-version":[{"id":4946,"href":"https:\/\/fojo.se\/eu\/wp-json\/wp\/v2\/pages\/2937\/revisions\/4946"}],"wp:featuredmedia":[{"embeddable":true,"href":"https:\/\/fojo.se\/eu\/wp-json\/wp\/v2\/media\/2939"}],"wp:attachment":[{"href":"https:\/\/fojo.se\/eu\/wp-json\/wp\/v2\/media?parent=2937"}],"curies":[{"name":"wp","href":"https:\/\/api.w.org\/{rel}","templated":true}]}}