{"id":2905,"date":"2022-03-30T12:08:54","date_gmt":"2022-03-30T12:08:54","guid":{"rendered":"https:\/\/eu-kollen.se\/eukoll2021\/?page_id=2905"},"modified":"2025-02-21T14:47:35","modified_gmt":"2025-02-21T13:47:35","slug":"hall-dig-uppdaterad","status":"publish","type":"page","link":"https:\/\/fojo.se\/eu\/hall-dig-uppdaterad\/","title":{"rendered":"H\u00e5ll dig uppdaterad"},"content":{"rendered":"\t\t<div data-elementor-type=\"wp-page\" data-elementor-id=\"2905\" class=\"elementor elementor-2905\" data-elementor-post-type=\"page\">\n\t\t\t\t<div class=\"elementor-element elementor-element-f6248e8 e-flex e-con-boxed e-con e-parent\" data-id=\"f6248e8\" data-element_type=\"container\" data-e-type=\"container\" data-settings=\"{&quot;background_background&quot;:&quot;classic&quot;}\">\n\t\t\t\t\t<div class=\"e-con-inner\">\n\t\t<div class=\"elementor-element elementor-element-57cedc9 e-con-full e-flex e-con e-child\" data-id=\"57cedc9\" data-element_type=\"container\" data-e-type=\"container\">\n\t\t\t\t<div class=\"elementor-element elementor-element-8edf565 elementor-widget elementor-widget-heading\" data-id=\"8edf565\" data-element_type=\"widget\" data-e-type=\"widget\" data-widget_type=\"heading.default\">\n\t\t\t\t<div class=\"elementor-widget-container\">\n\t\t\t\t\t<h1 class=\"elementor-heading-title elementor-size-default\">H\u00e5ll dig uppdaterad<\/h1>\t\t\t\t<\/div>\n\t\t\t\t<\/div>\n\t\t\t\t<\/div>\n\t\t\t\t\t<\/div>\n\t\t\t\t<\/div>\n\t\t<div class=\"elementor-element elementor-element-546861b e-flex e-con-boxed e-con e-parent\" data-id=\"546861b\" data-element_type=\"container\" data-e-type=\"container\" data-settings=\"{&quot;background_background&quot;:&quot;classic&quot;,&quot;shape_divider_bottom&quot;:&quot;mountains&quot;}\">\n\t\t\t\t\t<div class=\"e-con-inner\">\n\t\t\t\t<div class=\"elementor-shape elementor-shape-bottom\" aria-hidden=\"true\" data-negative=\"false\">\n\t\t\t<svg xmlns=\"http:\/\/www.w3.org\/2000\/svg\" viewBox=\"0 0 1000 100\" preserveAspectRatio=\"none\">\n\t<path class=\"elementor-shape-fill\" opacity=\"0.33\" d=\"M473,67.3c-203.9,88.3-263.1-34-320.3,0C66,119.1,0,59.7,0,59.7V0h1000v59.7 c0,0-62.1,26.1-94.9,29.3c-32.8,3.3-62.8-12.3-75.8-22.1C806,49.6,745.3,8.7,694.9,4.7S492.4,59,473,67.3z\"\/>\n\t<path class=\"elementor-shape-fill\" opacity=\"0.66\" d=\"M734,67.3c-45.5,0-77.2-23.2-129.1-39.1c-28.6-8.7-150.3-10.1-254,39.1 s-91.7-34.4-149.2,0C115.7,118.3,0,39.8,0,39.8V0h1000v36.5c0,0-28.2-18.5-92.1-18.5C810.2,18.1,775.7,67.3,734,67.3z\"\/>\n\t<path class=\"elementor-shape-fill\" d=\"M766.1,28.9c-200-57.5-266,65.5-395.1,19.5C242,1.8,242,5.4,184.8,20.6C128,35.8,132.3,44.9,89.9,52.5C28.6,63.7,0,0,0,0 h1000c0,0-9.9,40.9-83.6,48.1S829.6,47,766.1,28.9z\"\/>\n<\/svg>\t\t<\/div>\n\t\t<div class=\"elementor-element elementor-element-2a57d77 e-con-full e-flex e-con e-child\" data-id=\"2a57d77\" data-element_type=\"container\" data-e-type=\"container\">\n\t\t\t\t<div class=\"elementor-element elementor-element-32d1f29 elementor-widget elementor-widget-heading\" data-id=\"32d1f29\" data-element_type=\"widget\" data-e-type=\"widget\" data-widget_type=\"heading.default\">\n\t\t\t\t<div class=\"elementor-widget-container\">\n\t\t\t\t\t<h2 class=\"elementor-heading-title elementor-size-default\">Det finns bara en handfull svenska journalister stationerade i Bryssel f\u00f6r att bevaka allt som h\u00e4nder i EU. D\u00e4rf\u00f6r r\u00e4cker det inte med den vanliga kollen p\u00e5 de stora medierna f\u00f6r att f\u00f6lja med. H\u00e4r \u00e4r n\u00e5gra fler val f\u00f6r den intresserade.<\/h2>\t\t\t\t<\/div>\n\t\t\t\t<\/div>\n\t\t\t\t<\/div>\n\t\t\t\t\t<\/div>\n\t\t\t\t<\/div>\n\t\t<div class=\"elementor-element elementor-element-265db2c e-flex e-con-boxed e-con e-parent\" data-id=\"265db2c\" data-element_type=\"container\" data-e-type=\"container\">\n\t\t\t\t\t<div class=\"e-con-inner\">\n\t\t<div class=\"elementor-element elementor-element-4a9fbd4 e-con-full e-flex e-con e-child\" data-id=\"4a9fbd4\" data-element_type=\"container\" data-e-type=\"container\">\n\t\t\t\t<div class=\"elementor-element elementor-element-1d8ebae elementor-toc--minimized-on-tablet elementor-widget elementor-widget-table-of-contents\" data-id=\"1d8ebae\" data-element_type=\"widget\" data-e-type=\"widget\" data-settings=\"{&quot;headings_by_tags&quot;:[&quot;h3&quot;],&quot;exclude_headings_by_selector&quot;:[],&quot;sticky&quot;:&quot;top&quot;,&quot;sticky_offset&quot;:20,&quot;sticky_parent&quot;:&quot;yes&quot;,&quot;no_headings_message&quot;:&quot;Inga rubriker hittades p\\u00e5 denna sida.&quot;,&quot;marker_view&quot;:&quot;numbers&quot;,&quot;minimize_box&quot;:&quot;yes&quot;,&quot;minimized_on&quot;:&quot;tablet&quot;,&quot;hierarchical_view&quot;:&quot;yes&quot;,&quot;min_height&quot;:{&quot;unit&quot;:&quot;px&quot;,&quot;size&quot;:&quot;&quot;,&quot;sizes&quot;:[]},&quot;min_height_laptop&quot;:{&quot;unit&quot;:&quot;px&quot;,&quot;size&quot;:&quot;&quot;,&quot;sizes&quot;:[]},&quot;min_height_tablet&quot;:{&quot;unit&quot;:&quot;px&quot;,&quot;size&quot;:&quot;&quot;,&quot;sizes&quot;:[]},&quot;min_height_mobile&quot;:{&quot;unit&quot;:&quot;px&quot;,&quot;size&quot;:&quot;&quot;,&quot;sizes&quot;:[]},&quot;sticky_on&quot;:[&quot;desktop&quot;,&quot;laptop&quot;,&quot;tablet&quot;,&quot;mobile&quot;],&quot;sticky_effects_offset&quot;:0,&quot;sticky_anchor_link_offset&quot;:0}\" data-widget_type=\"table-of-contents.default\">\n\t\t\t\t<div class=\"elementor-widget-container\">\n\t\t\t\t\t\t\t\t\t<div class=\"elementor-toc__header\">\n\t\t\t\t\t\t<h6 class=\"elementor-toc__header-title\">\n\t\t\t\tInneh\u00e5llsf\u00f6rteckning\t\t\t<\/h6>\n\t\t\t\t\t\t\t\t\t\t<div class=\"elementor-toc__toggle-button elementor-toc__toggle-button--expand\" role=\"button\" tabindex=\"0\" aria-controls=\"elementor-toc__1d8ebae\" aria-expanded=\"true\" aria-label=\"\u00d6ppna inneh\u00e5llsf\u00f6rteckning\"><svg aria-hidden=\"true\" class=\"e-font-icon-svg e-fas-chevron-down\" viewBox=\"0 0 448 512\" xmlns=\"http:\/\/www.w3.org\/2000\/svg\"><path d=\"M207.029 381.476L12.686 187.132c-9.373-9.373-9.373-24.569 0-33.941l22.667-22.667c9.357-9.357 24.522-9.375 33.901-.04L224 284.505l154.745-154.021c9.379-9.335 24.544-9.317 33.901.04l22.667 22.667c9.373 9.373 9.373 24.569 0 33.941L240.971 381.476c-9.373 9.372-24.569 9.372-33.942 0z\"><\/path><\/svg><\/div>\n\t\t\t\t<div class=\"elementor-toc__toggle-button elementor-toc__toggle-button--collapse\" role=\"button\" tabindex=\"0\" aria-controls=\"elementor-toc__1d8ebae\" aria-expanded=\"true\" aria-label=\"St\u00e4ng inneh\u00e5llsf\u00f6rteckning\"><svg aria-hidden=\"true\" class=\"e-font-icon-svg e-fas-chevron-up\" viewBox=\"0 0 448 512\" xmlns=\"http:\/\/www.w3.org\/2000\/svg\"><path d=\"M240.971 130.524l194.343 194.343c9.373 9.373 9.373 24.569 0 33.941l-22.667 22.667c-9.357 9.357-24.522 9.375-33.901.04L224 227.495 69.255 381.516c-9.379 9.335-24.544 9.317-33.901-.04l-22.667-22.667c-9.373-9.373-9.373-24.569 0-33.941L207.03 130.525c9.372-9.373 24.568-9.373 33.941-.001z\"><\/path><\/svg><\/div>\n\t\t\t\t\t<\/div>\n\t\t\t\t<div id=\"elementor-toc__1d8ebae\" class=\"elementor-toc__body\">\n\t\t\t<div class=\"elementor-toc__spinner-container\">\n\t\t\t\t<svg class=\"elementor-toc__spinner eicon-animation-spin e-font-icon-svg e-eicon-loading\" aria-hidden=\"true\" viewBox=\"0 0 1000 1000\" xmlns=\"http:\/\/www.w3.org\/2000\/svg\"><path d=\"M500 975V858C696 858 858 696 858 500S696 142 500 142 142 304 142 500H25C25 237 238 25 500 25S975 237 975 500 763 975 500 975Z\"><\/path><\/svg>\t\t\t<\/div>\n\t\t<\/div>\n\t\t\t\t\t\t<\/div>\n\t\t\t\t<\/div>\n\t\t\t\t<\/div>\n\t\t<div class=\"elementor-element elementor-element-55c1300 e-con-full e-flex e-con e-child\" data-id=\"55c1300\" data-element_type=\"container\" data-e-type=\"container\">\n\t\t\t\t<div class=\"elementor-element elementor-element-0ae4628 elementor-widget elementor-widget-heading\" data-id=\"0ae4628\" data-element_type=\"widget\" data-e-type=\"widget\" data-widget_type=\"heading.default\">\n\t\t\t\t<div class=\"elementor-widget-container\">\n\t\t\t\t\t<h3 class=\"elementor-heading-title elementor-size-default\">EU-nyheter p\u00e5 svenska<\/h3>\t\t\t\t<\/div>\n\t\t\t\t<\/div>\n\t\t\t\t<div class=\"elementor-element elementor-element-d85d650 elementor-widget elementor-widget-text-editor\" data-id=\"d85d650\" data-element_type=\"widget\" data-e-type=\"widget\" data-widget_type=\"text-editor.default\">\n\t\t\t\t<div class=\"elementor-widget-container\">\n\t\t\t\t\t\t\t\t\t<ul><li><a href=\"https:\/\/www.altinget.se\/\" target=\"_blank\" rel=\"noopener noreferrer\">Altinget.se<\/a><\/li><li><a href=\"https:\/\/www.europaportalen.se\/\" target=\"_blank\" rel=\"noopener noreferrer\">Europaportalen<\/a><\/li><\/ul>\t\t\t\t\t\t\t\t<\/div>\n\t\t\t\t<\/div>\n\t\t\t\t<div class=\"elementor-element elementor-element-f5416e4 elementor-widget elementor-widget-heading\" data-id=\"f5416e4\" data-element_type=\"widget\" data-e-type=\"widget\" data-widget_type=\"heading.default\">\n\t\t\t\t<div class=\"elementor-widget-container\">\n\t\t\t\t\t<h3 class=\"elementor-heading-title elementor-size-default\">EU-nyheter p\u00e5 engelska<\/h3>\t\t\t\t<\/div>\n\t\t\t\t<\/div>\n\t\t\t\t<div class=\"elementor-element elementor-element-2365d41 elementor-widget elementor-widget-text-editor\" data-id=\"2365d41\" data-element_type=\"widget\" data-e-type=\"widget\" data-widget_type=\"text-editor.default\">\n\t\t\t\t<div class=\"elementor-widget-container\">\n\t\t\t\t\t\t\t\t\t<ul><li><a href=\"https:\/\/www.euractiv.com\/\" target=\"_blank\" rel=\"noopener noreferrer\">Euractiv.com<\/a><\/li><li><a href=\"https:\/\/www.euronews.com\/\" target=\"_blank\" rel=\"noopener\">Euronews<\/a><\/li><li><a href=\"https:\/\/euobserver.com\/\" target=\"_blank\" rel=\"noopener noreferrer\">EUObserver.com<\/a>\u00a0(betalv\u00e4gg)<\/li><li><a href=\"https:\/\/www.theparliamentmagazine.eu\/\" target=\"_blank\" rel=\"noopener noreferrer\">The Parliament Magazine<\/a><\/li><li><a href=\"https:\/\/www.politico.eu\/\" target=\"_blank\" rel=\"noopener\">Politico.eu<\/a><\/li><\/ul>\t\t\t\t\t\t\t\t<\/div>\n\t\t\t\t<\/div>\n\t\t\t\t<div class=\"elementor-element elementor-element-a557f0e elementor-widget elementor-widget-heading\" data-id=\"a557f0e\" data-element_type=\"widget\" data-e-type=\"widget\" data-widget_type=\"heading.default\">\n\t\t\t\t<div class=\"elementor-widget-container\">\n\t\t\t\t\t<h3 class=\"elementor-heading-title elementor-size-default\">Svensk fackpress<\/h3>\t\t\t\t<\/div>\n\t\t\t\t<\/div>\n\t\t\t\t<div class=\"elementor-element elementor-element-03e0430 elementor-widget elementor-widget-text-editor\" data-id=\"03e0430\" data-element_type=\"widget\" data-e-type=\"widget\" data-widget_type=\"text-editor.default\">\n\t\t\t\t<div class=\"elementor-widget-container\">\n\t\t\t\t\t\t\t\t\t<p>Bland svenska massmedia hittar man s\u00e4rskilt kompetent och detaljerad bevakning av EU-nyheter i fackmedia. N\u00e5gra exempel d\u00e4r det l\u00f6nar sig att s\u00f6ka \u00e4r:<\/p><ul><li><a href=\"https:\/\/www.dagenssamhalle.se\/\" target=\"_blank\" rel=\"noopener noreferrer\">Dagens Samh\u00e4lle<\/a>\u00a0f\u00f6r regionala fr\u00e5gor<\/li><li><a href=\"https:\/\/www.nyteknik.se\/\" target=\"_blank\" rel=\"noopener noreferrer\">Ny Teknik<\/a>\u00a0f\u00f6r milj\u00f6fr\u00e5gor<\/li><li><a href=\"https:\/\/www.arbetsvarlden.se\/\" target=\"_blank\" rel=\"noopener noreferrer\">Arbetsv\u00e4rlden<\/a>\u00a0och\u00a0<a href=\"https:\/\/arbetet.se\/\" target=\"_blank\" rel=\"noopener noreferrer\">Arbetet<\/a>\u00a0f\u00f6r arbetsmilj\u00f6 och arbetsr\u00e4ttsfr\u00e5gor<\/li><li><a href=\"https:\/\/www.atl.nu\/\" target=\"_blank\" rel=\"noopener noreferrer\">ATL<\/a>\u00a0och\u00a0<a href=\"https:\/\/www.landlantbruk.se\/\" target=\"_blank\" rel=\"noopener noreferrer\">Tidningen Land\/Lantbruk<\/a>\u00a0f\u00f6r jordbruks- och landsbygdsfr\u00e5gor<\/li><li><a href=\"http:\/\/www.dagensjuridik.se\/\" target=\"_blank\" rel=\"noopener noreferrer\">Dagens Juridik<\/a>\u00a0eller\u00a0<a href=\"https:\/\/www.lag-avtal.se\/\" target=\"_blank\" rel=\"noopener noreferrer\">Lag&amp;Avtal<\/a>\u00a0f\u00f6r nya regler<\/li><li><a href=\"https:\/\/computersweden.idg.se\/\" target=\"_blank\" rel=\"noopener noreferrer\">Computer Sweden<\/a>\u00a0och\u00a0<a href=\"https:\/\/www.idg.se\/\" target=\"_blank\" rel=\"noopener noreferrer\">IDG<\/a>\u00a0f\u00f6r data och internet<\/li><li><a href=\"https:\/\/www.utrikesmagasinet.se\/\" target=\"_blank\" rel=\"noopener noreferrer\">Utrikesmagasinet<\/a>\u00a0f\u00f6r utrikespolitiken<\/li><\/ul>\t\t\t\t\t\t\t\t<\/div>\n\t\t\t\t<\/div>\n\t\t\t\t<div class=\"elementor-element elementor-element-b321402 elementor-widget elementor-widget-heading\" data-id=\"b321402\" data-element_type=\"widget\" data-e-type=\"widget\" data-widget_type=\"heading.default\">\n\t\t\t\t<div class=\"elementor-widget-container\">\n\t\t\t\t\t<h3 class=\"elementor-heading-title elementor-size-default\">Internationell press<\/h3>\t\t\t\t<\/div>\n\t\t\t\t<\/div>\n\t\t\t\t<div class=\"elementor-element elementor-element-b7c06c0 elementor-widget elementor-widget-text-editor\" data-id=\"b7c06c0\" data-element_type=\"widget\" data-e-type=\"widget\" data-widget_type=\"text-editor.default\">\n\t\t\t\t<div class=\"elementor-widget-container\">\n\t\t\t\t\t\t\t\t\t<p>Man kan med f\u00f6rdel l\u00e4sa tidningar fr\u00e5n andra l\u00e4nder f\u00f6r att f\u00e5 en annan vinkel p\u00e5 samma nyhet. Flera av dem har ocks\u00e5 en engelsktalande sida:<\/p><ul><li><a href=\"https:\/\/politiken.dk\/\" target=\"_blank\" rel=\"noopener noreferrer\">Politiken<\/a> (Danmark)<\/li><li><a href=\"https:\/\/svenska.yle.fi\/\" target=\"_blank\" rel=\"noopener noreferrer\">Svenska Yle<\/a> (finlandssvensk)<\/li><li><a href=\"https:\/\/www.ft.com\/\" target=\"_blank\" rel=\"noopener noreferrer\">Financial Times<\/a> (UK)<\/li><li><a href=\"https:\/\/www.lemonde.fr\/\" target=\"_blank\" rel=\"noopener noreferrer\">Le Monde<\/a> (Frankrike)<\/li><li><a href=\"https:\/\/elpais.com\/\" target=\"_blank\" rel=\"noopener noreferrer\">El Pais<\/a> (Spanien)<\/li><li><a href=\"http:\/\/www.ekathimerini.com\/\" target=\"_blank\" rel=\"noopener noreferrer\">Ekathimerini<\/a> (Grekland)<\/li><li><a href=\"https:\/\/www.handelsblatt.com\/\" target=\"_blank\" rel=\"noopener noreferrer\">Handelsblatt<\/a> (Tyskland)<\/li><li><a href=\"https:\/\/www.welt.de\/\" target=\"_blank\" rel=\"noopener noreferrer\">Die Welt<\/a> (Tyskland)<\/li><li><a href=\"https:\/\/www.irishtimes.com\/\" target=\"_blank\" rel=\"noopener noreferrer\">Irish Times<\/a>\u00a0(Irland)<\/li><\/ul>\t\t\t\t\t\t\t\t<\/div>\n\t\t\t\t<\/div>\n\t\t\t\t<div class=\"elementor-element elementor-element-22cd339 elementor-widget elementor-widget-heading\" data-id=\"22cd339\" data-element_type=\"widget\" data-e-type=\"widget\" data-widget_type=\"heading.default\">\n\t\t\t\t<div class=\"elementor-widget-container\">\n\t\t\t\t\t<h3 class=\"elementor-heading-title elementor-size-default\">Nyhetsbrev<\/h3>\t\t\t\t<\/div>\n\t\t\t\t<\/div>\n\t\t\t\t<div class=\"elementor-element elementor-element-ced36e1 elementor-widget elementor-widget-text-editor\" data-id=\"ced36e1\" data-element_type=\"widget\" data-e-type=\"widget\" data-widget_type=\"text-editor.default\">\n\t\t\t\t<div class=\"elementor-widget-container\">\n\t\t\t\t\t\t\t\t\t<p>F\u00f6r en mer detaljerad bevakning finns nyhetsbrev eller webbsidor som det kan vara v\u00e4rt att f\u00f6lja.<\/p><ul><li><a href=\"https:\/\/europa.eu\/newsroom\/home_en\" target=\"_blank\" rel=\"noopener noreferrer\">Dagliga nyheter<\/a>\u00a0kommer fr\u00e5n EU-kommissionens presstj\u00e4nst i Bryssel<\/li><li>Svenska riksdagens\u00a0<a href=\"http:\/\/www.riksdagen.se\/sv\/utskotten-eu-namnden\/eu-namnden\/\" target=\"_blank\" rel=\"noopener noreferrer\">EU-n\u00e4mnd<\/a>\u00a0h\u00e5ller samr\u00e5d f\u00f6re varje ministerm\u00f6te<\/li><li>Sveriges Kommuner och Landsting <a href=\"https:\/\/skr.se\/skr\/demokratiledningstyrning\/euinternationellt.400.html\" target=\"_blank\" rel=\"noopener\">ger ut \u00f6versikter<\/a> en eller ett par g\u00e5nger om \u00e5ret.<\/li><li>Svenskt N\u00e4ringsliv kommenterar regelbundet <a href=\"https:\/\/www.svensktnaringsliv.se\/fragor\/europa\/\" target=\"_blank\" rel=\"noopener noreferrer\">\u00a0EU-nyheter.<\/a><\/li><li>EU-domstolen erbjuder nyhetsbrev f\u00f6r den som vill f\u00f6lja skandinaviska domar,\u00a0<a href=\"mailto:Gitte.Stadler@curia.europa.eu\">maila till Gitte Stadler<\/a><\/li><\/ul>\t\t\t\t\t\t\t\t<\/div>\n\t\t\t\t<\/div>\n\t\t\t\t<div class=\"elementor-element elementor-element-5f447b6 elementor-widget elementor-widget-heading\" data-id=\"5f447b6\" data-element_type=\"widget\" data-e-type=\"widget\" data-widget_type=\"heading.default\">\n\t\t\t\t<div class=\"elementor-widget-container\">\n\t\t\t\t\t<h3 class=\"elementor-heading-title elementor-size-default\">Bloggar<\/h3>\t\t\t\t<\/div>\n\t\t\t\t<\/div>\n\t\t\t\t<div class=\"elementor-element elementor-element-eb4240f elementor-widget elementor-widget-text-editor\" data-id=\"eb4240f\" data-element_type=\"widget\" data-e-type=\"widget\" data-widget_type=\"text-editor.default\">\n\t\t\t\t<div class=\"elementor-widget-container\">\n\t\t\t\t\t\t\t\t\t<div class=\"fusion-text fusion-text-7\"><p>Bloggar och poddar om EU ger lite mer om spelet runt nyheterna.<\/p><\/div><div class=\"fusion-li-item-content\"><ul><li><a href=\"https:\/\/omeuropa.se\/\" target=\"_blank\" rel=\"noopener noreferrer\">omeuropa.se<\/a> \u2013 EU-journalisterna Henrik Brors och Ylva Nilsson<\/li><li><a href=\"https:\/\/sverigesradio.se\/sida\/artikel.aspx?programid=4941&amp;artikel=6621969\" target=\"_blank\" rel=\"noopener noreferrer\">Europapodden<\/a> \u2013 Sveriges Radios podd d\u00e4r Caroline Salzinger bjuder in g\u00e4ster<\/li><li>Sieps har en <a href=\"https:\/\/www.sieps.se\/sieps-podcast\/\" target=\"_blank\" rel=\"noopener\">Europa-podcast<\/a> med aktuella g\u00e4ster<\/li><\/ul><\/div><ul><li style=\"list-style-type: none;\">\u00a0<\/li><\/ul>\t\t\t\t\t\t\t\t<\/div>\n\t\t\t\t<\/div>\n\t\t\t\t<\/div>\n\t\t\t\t\t<\/div>\n\t\t\t\t<\/div>\n\t\t\t\t<\/div>\n\t\t","protected":false},"excerpt":{"rendered":"<p>H\u00e5ll dig uppdaterad Det finns bara en handfull svenska journalister stationerade i Bryssel f\u00f6r att bevaka allt som h\u00e4nder i EU. D\u00e4rf\u00f6r r\u00e4cker det inte med den vanliga kollen p\u00e5 de stora medierna f\u00f6r att f\u00f6lja med. H\u00e4r \u00e4r n\u00e5gra fler val f\u00f6r den intresserade. Inneh\u00e5llsf\u00f6rteckning EU-nyheter p\u00e5 svenska Altinget.se Europaportalen EU-nyheter p\u00e5 engelska Euractiv.com [&hellip;]<\/p>\n","protected":false},"author":18,"featured_media":2907,"parent":0,"menu_order":20,"comment_status":"closed","ping_status":"closed","template":"","meta":{"_acf_changed":false,"_monsterinsights_skip_tracking":false,"_monsterinsights_sitenote_active":false,"_monsterinsights_sitenote_note":"","_monsterinsights_sitenote_category":0,"footnotes":""},"class_list":["post-2905","page","type-page","status-publish","has-post-thumbnail","hentry"],"acf":[],"_links":{"self":[{"href":"https:\/\/fojo.se\/eu\/wp-json\/wp\/v2\/pages\/2905","targetHints":{"allow":["GET"]}}],"collection":[{"href":"https:\/\/fojo.se\/eu\/wp-json\/wp\/v2\/pages"}],"about":[{"href":"https:\/\/fojo.se\/eu\/wp-json\/wp\/v2\/types\/page"}],"author":[{"embeddable":true,"href":"https:\/\/fojo.se\/eu\/wp-json\/wp\/v2\/users\/18"}],"replies":[{"embeddable":true,"href":"https:\/\/fojo.se\/eu\/wp-json\/wp\/v2\/comments?post=2905"}],"version-history":[{"count":12,"href":"https:\/\/fojo.se\/eu\/wp-json\/wp\/v2\/pages\/2905\/revisions"}],"predecessor-version":[{"id":4969,"href":"https:\/\/fojo.se\/eu\/wp-json\/wp\/v2\/pages\/2905\/revisions\/4969"}],"wp:featuredmedia":[{"embeddable":true,"href":"https:\/\/fojo.se\/eu\/wp-json\/wp\/v2\/media\/2907"}],"wp:attachment":[{"href":"https:\/\/fojo.se\/eu\/wp-json\/wp\/v2\/media?parent=2905"}],"curies":[{"name":"wp","href":"https:\/\/api.w.org\/{rel}","templated":true}]}}