{"id":2870,"date":"2022-03-29T16:28:17","date_gmt":"2022-03-29T16:28:17","guid":{"rendered":"https:\/\/eu-kollen.se\/eukoll2021\/?page_id=2870"},"modified":"2022-03-29T16:28:17","modified_gmt":"2022-03-29T16:28:17","slug":"har-ar-lankarna","status":"publish","type":"page","link":"https:\/\/fojo.se\/eu\/har-ar-lankarna\/","title":{"rendered":"H\u00e4r \u00e4r l\u00e4nkarna"},"content":{"rendered":"\t\t<div data-elementor-type=\"wp-page\" data-elementor-id=\"2870\" class=\"elementor elementor-2870\" data-elementor-post-type=\"page\">\n\t\t\t\t\t\t<section class=\"elementor-section elementor-top-section elementor-element elementor-element-2cae4cf elementor-section-boxed elementor-section-height-default elementor-section-height-default\" data-id=\"2cae4cf\" data-element_type=\"section\" data-e-type=\"section\" data-settings=\"{&quot;background_background&quot;:&quot;classic&quot;}\">\n\t\t\t\t\t\t<div class=\"elementor-container elementor-column-gap-default\">\n\t\t\t\t\t<div class=\"elementor-column elementor-col-100 elementor-top-column elementor-element elementor-element-002d9ba\" data-id=\"002d9ba\" data-element_type=\"column\" data-e-type=\"column\">\n\t\t\t<div class=\"elementor-widget-wrap elementor-element-populated\">\n\t\t\t\t\t\t<div class=\"elementor-element elementor-element-7aa9404 elementor-widget elementor-widget-heading\" data-id=\"7aa9404\" data-element_type=\"widget\" data-e-type=\"widget\" data-widget_type=\"heading.default\">\n\t\t\t\t<div class=\"elementor-widget-container\">\n\t\t\t\t\t<h1 class=\"elementor-heading-title elementor-size-default\">H\u00e4r \u00e4r l\u00e4nkarna<\/h1>\t\t\t\t<\/div>\n\t\t\t\t<\/div>\n\t\t\t\t\t<\/div>\n\t\t<\/div>\n\t\t\t\t\t<\/div>\n\t\t<\/section>\n\t\t\t\t<section class=\"elementor-section elementor-top-section elementor-element elementor-element-8f47a2e elementor-section-boxed elementor-section-height-default elementor-section-height-default\" data-id=\"8f47a2e\" data-element_type=\"section\" data-e-type=\"section\" data-settings=\"{&quot;background_background&quot;:&quot;classic&quot;,&quot;shape_divider_bottom&quot;:&quot;mountains&quot;}\">\n\t\t\t\t\t<div class=\"elementor-shape elementor-shape-bottom\" aria-hidden=\"true\" data-negative=\"false\">\n\t\t\t<svg xmlns=\"http:\/\/www.w3.org\/2000\/svg\" viewBox=\"0 0 1000 100\" preserveAspectRatio=\"none\">\n\t<path class=\"elementor-shape-fill\" opacity=\"0.33\" d=\"M473,67.3c-203.9,88.3-263.1-34-320.3,0C66,119.1,0,59.7,0,59.7V0h1000v59.7 c0,0-62.1,26.1-94.9,29.3c-32.8,3.3-62.8-12.3-75.8-22.1C806,49.6,745.3,8.7,694.9,4.7S492.4,59,473,67.3z\"\/>\n\t<path class=\"elementor-shape-fill\" opacity=\"0.66\" d=\"M734,67.3c-45.5,0-77.2-23.2-129.1-39.1c-28.6-8.7-150.3-10.1-254,39.1 s-91.7-34.4-149.2,0C115.7,118.3,0,39.8,0,39.8V0h1000v36.5c0,0-28.2-18.5-92.1-18.5C810.2,18.1,775.7,67.3,734,67.3z\"\/>\n\t<path class=\"elementor-shape-fill\" d=\"M766.1,28.9c-200-57.5-266,65.5-395.1,19.5C242,1.8,242,5.4,184.8,20.6C128,35.8,132.3,44.9,89.9,52.5C28.6,63.7,0,0,0,0 h1000c0,0-9.9,40.9-83.6,48.1S829.6,47,766.1,28.9z\"\/>\n<\/svg>\t\t<\/div>\n\t\t\t\t\t<div class=\"elementor-container elementor-column-gap-default\">\n\t\t\t\t\t<div class=\"elementor-column elementor-col-100 elementor-top-column elementor-element elementor-element-c378650\" data-id=\"c378650\" data-element_type=\"column\" data-e-type=\"column\">\n\t\t\t<div class=\"elementor-widget-wrap elementor-element-populated\">\n\t\t\t\t\t\t<div class=\"elementor-element elementor-element-63e60a9 elementor-widget elementor-widget-text-editor\" data-id=\"63e60a9\" data-element_type=\"widget\" data-e-type=\"widget\" data-widget_type=\"text-editor.default\">\n\t\t\t\t<div class=\"elementor-widget-container\">\n\t\t\t\t\t\t\t\t\t<h5 class=\"fusion-responsive-typography-calculated\" data-fontsize=\"23.94\" data-lineheight=\"27.0522px\">Genom alla texter p\u00e5 denna sajt finns l\u00e4nkar inlagda. H\u00e4r nedanf\u00f6r finns n\u00e5gra av de viktigaste p\u00e5 nytt, samlade f\u00f6r enkel \u00e5tkomst.\u00a0 Men h\u00e4r finns dessutom \u00e4nnu n\u00e5gra fler som kan vara till hj\u00e4lp.<\/h5>\t\t\t\t\t\t\t\t<\/div>\n\t\t\t\t<\/div>\n\t\t\t\t\t<\/div>\n\t\t<\/div>\n\t\t\t\t\t<\/div>\n\t\t<\/section>\n\t\t\t\t<section class=\"elementor-section elementor-top-section elementor-element elementor-element-048cb1d elementor-section-boxed elementor-section-height-default elementor-section-height-default\" data-id=\"048cb1d\" data-element_type=\"section\" data-e-type=\"section\">\n\t\t\t\t\t\t<div class=\"elementor-container elementor-column-gap-wider\">\n\t\t\t\t\t<div class=\"elementor-column elementor-col-33 elementor-top-column elementor-element elementor-element-f413bd1\" data-id=\"f413bd1\" data-element_type=\"column\" data-e-type=\"column\">\n\t\t\t<div class=\"elementor-widget-wrap elementor-element-populated\">\n\t\t\t\t\t\t<div class=\"elementor-element elementor-element-d27b9e9 elementor-toc--minimized-on-tablet elementor-widget elementor-widget-table-of-contents\" data-id=\"d27b9e9\" data-element_type=\"widget\" data-e-type=\"widget\" data-settings=\"{&quot;headings_by_tags&quot;:[&quot;h2&quot;,&quot;h3&quot;,&quot;h4&quot;,&quot;h6&quot;],&quot;exclude_headings_by_selector&quot;:[],&quot;sticky&quot;:&quot;top&quot;,&quot;sticky_offset&quot;:20,&quot;sticky_parent&quot;:&quot;yes&quot;,&quot;marker_view&quot;:&quot;numbers&quot;,&quot;no_headings_message&quot;:&quot;Inga rubriker hittades p\\u00e5 denna sida.&quot;,&quot;minimize_box&quot;:&quot;yes&quot;,&quot;minimized_on&quot;:&quot;tablet&quot;,&quot;hierarchical_view&quot;:&quot;yes&quot;,&quot;min_height&quot;:{&quot;unit&quot;:&quot;px&quot;,&quot;size&quot;:&quot;&quot;,&quot;sizes&quot;:[]},&quot;min_height_laptop&quot;:{&quot;unit&quot;:&quot;px&quot;,&quot;size&quot;:&quot;&quot;,&quot;sizes&quot;:[]},&quot;min_height_tablet&quot;:{&quot;unit&quot;:&quot;px&quot;,&quot;size&quot;:&quot;&quot;,&quot;sizes&quot;:[]},&quot;min_height_mobile&quot;:{&quot;unit&quot;:&quot;px&quot;,&quot;size&quot;:&quot;&quot;,&quot;sizes&quot;:[]},&quot;sticky_on&quot;:[&quot;desktop&quot;,&quot;laptop&quot;,&quot;tablet&quot;,&quot;mobile&quot;],&quot;sticky_effects_offset&quot;:0,&quot;sticky_anchor_link_offset&quot;:0}\" data-widget_type=\"table-of-contents.default\">\n\t\t\t\t<div class=\"elementor-widget-container\">\n\t\t\t\t\t\t\t\t\t<div class=\"elementor-toc__header\">\n\t\t\t\t\t\t<h6 class=\"elementor-toc__header-title\">\n\t\t\t\tInneh\u00e5llsf\u00f6rteckning\t\t\t<\/h6>\n\t\t\t\t\t\t\t\t\t\t<div class=\"elementor-toc__toggle-button elementor-toc__toggle-button--expand\" role=\"button\" tabindex=\"0\" aria-controls=\"elementor-toc__d27b9e9\" aria-expanded=\"true\" aria-label=\"\u00d6ppna inneh\u00e5llsf\u00f6rteckning\"><svg aria-hidden=\"true\" class=\"e-font-icon-svg e-fas-chevron-down\" viewBox=\"0 0 448 512\" xmlns=\"http:\/\/www.w3.org\/2000\/svg\"><path d=\"M207.029 381.476L12.686 187.132c-9.373-9.373-9.373-24.569 0-33.941l22.667-22.667c9.357-9.357 24.522-9.375 33.901-.04L224 284.505l154.745-154.021c9.379-9.335 24.544-9.317 33.901.04l22.667 22.667c9.373 9.373 9.373 24.569 0 33.941L240.971 381.476c-9.373 9.372-24.569 9.372-33.942 0z\"><\/path><\/svg><\/div>\n\t\t\t\t<div class=\"elementor-toc__toggle-button elementor-toc__toggle-button--collapse\" role=\"button\" tabindex=\"0\" aria-controls=\"elementor-toc__d27b9e9\" aria-expanded=\"true\" aria-label=\"St\u00e4ng inneh\u00e5llsf\u00f6rteckning\"><svg aria-hidden=\"true\" class=\"e-font-icon-svg e-fas-chevron-up\" viewBox=\"0 0 448 512\" xmlns=\"http:\/\/www.w3.org\/2000\/svg\"><path d=\"M240.971 130.524l194.343 194.343c9.373 9.373 9.373 24.569 0 33.941l-22.667 22.667c-9.357 9.357-24.522 9.375-33.901.04L224 227.495 69.255 381.516c-9.379 9.335-24.544 9.317-33.901-.04l-22.667-22.667c-9.373-9.373-9.373-24.569 0-33.941L207.03 130.525c9.372-9.373 24.568-9.373 33.941-.001z\"><\/path><\/svg><\/div>\n\t\t\t\t\t<\/div>\n\t\t\t\t<div id=\"elementor-toc__d27b9e9\" class=\"elementor-toc__body\">\n\t\t\t<div class=\"elementor-toc__spinner-container\">\n\t\t\t\t<svg class=\"elementor-toc__spinner eicon-animation-spin e-font-icon-svg e-eicon-loading\" aria-hidden=\"true\" viewBox=\"0 0 1000 1000\" xmlns=\"http:\/\/www.w3.org\/2000\/svg\"><path d=\"M500 975V858C696 858 858 696 858 500S696 142 500 142 142 304 142 500H25C25 237 238 25 500 25S975 237 975 500 763 975 500 975Z\"><\/path><\/svg>\t\t\t<\/div>\n\t\t<\/div>\n\t\t\t\t\t\t<\/div>\n\t\t\t\t<\/div>\n\t\t\t\t\t<\/div>\n\t\t<\/div>\n\t\t\t\t<div class=\"elementor-column elementor-col-66 elementor-top-column elementor-element elementor-element-28c669b\" data-id=\"28c669b\" data-element_type=\"column\" data-e-type=\"column\">\n\t\t\t<div class=\"elementor-widget-wrap elementor-element-populated\">\n\t\t\t\t\t\t<div class=\"elementor-element elementor-element-66b3ec5 elementor-widget elementor-widget-heading\" data-id=\"66b3ec5\" data-element_type=\"widget\" data-e-type=\"widget\" data-widget_type=\"heading.default\">\n\t\t\t\t<div class=\"elementor-widget-container\">\n\t\t\t\t\t<h3 class=\"elementor-heading-title elementor-size-default\">De stora EU-institutionerna<\/h3>\t\t\t\t<\/div>\n\t\t\t\t<\/div>\n\t\t\t\t<div class=\"elementor-element elementor-element-3abb5d2 elementor-widget elementor-widget-text-editor\" data-id=\"3abb5d2\" data-element_type=\"widget\" data-e-type=\"widget\" data-widget_type=\"text-editor.default\">\n\t\t\t\t<div class=\"elementor-widget-container\">\n\t\t\t\t\t\t\t\t\t<ul><li><a href=\"https:\/\/ec.europa.eu\/\" target=\"_blank\" rel=\"noopener\">EU-kommissionen<\/a><ul><li><a href=\"https:\/\/europa.eu\/newsroom\/home_en\" target=\"_blank\" rel=\"noopener\">Press<\/a><\/li><li><a href=\"https:\/\/ec.europa.eu\/sweden\/home_sv\" target=\"_blank\" rel=\"noopener\">Svenska kontoret<\/a><\/li><\/ul><\/li><li><a href=\"http:\/\/www.europarl.europa.eu\/portal\/en\" target=\"_blank\" rel=\"noopener\">Europaparlamentet<\/a><ul><li><a href=\"http:\/\/www.europarl.europa.eu\/sweden\/sv\/information-och-material\/sverigekontoret.html\" target=\"_blank\" rel=\"noopener\">Svenska kontoret<\/a><\/li><\/ul><\/li><li><a href=\"https:\/\/www.consilium.europa.eu\/en\/council-eu\/\" target=\"_blank\" rel=\"noopener\">Ministerr\u00e5det<\/a><\/li><li><a href=\"https:\/\/www.regeringen.se\/sverige-i-eu\/eu-representationen\/\" target=\"_blank\" rel=\"noopener\">Svenska rep:en<\/a><\/li><\/ul>\t\t\t\t\t\t\t\t<\/div>\n\t\t\t\t<\/div>\n\t\t\t\t<div class=\"elementor-element elementor-element-b6dd6eb elementor-widget elementor-widget-heading\" data-id=\"b6dd6eb\" data-element_type=\"widget\" data-e-type=\"widget\" data-widget_type=\"heading.default\">\n\t\t\t\t<div class=\"elementor-widget-container\">\n\t\t\t\t\t<h3 class=\"elementor-heading-title elementor-size-default\">Om EU:s pengar<\/h3>\t\t\t\t<\/div>\n\t\t\t\t<\/div>\n\t\t\t\t<div class=\"elementor-element elementor-element-919d047 elementor-widget elementor-widget-text-editor\" data-id=\"919d047\" data-element_type=\"widget\" data-e-type=\"widget\" data-widget_type=\"text-editor.default\">\n\t\t\t\t<div class=\"elementor-widget-container\">\n\t\t\t\t\t\t\t\t\t<ul><li><a href=\"https:\/\/www.eca.europa.eu\/en\/Pages\/ecadefault.aspx\" target=\"_blank\" rel=\"noopener\">EUs revisionsr\u00e4tt<\/a><\/li><li><a href=\"https:\/\/ec.europa.eu\/anti-fraud\/home_en\" target=\"_blank\" rel=\"noopener\">Olaf, utredare av EU-bedr\u00e4gerier<\/a><\/li><li><a href=\"https:\/\/www.europarl.europa.eu\/committees\/en\/cont\/home\/highlights\" target=\"_blank\" rel=\"noopener\">Parlamentets budgetkontrollutskott<\/a><\/li><li><a href=\"https:\/\/www.eppo.europa.eu\/en\" target=\"_blank\" rel=\"noopener\">EPPO, \u00e5klagare mot EU-bedr\u00e4gerier<\/a><\/li><li><a href=\"https:\/\/www.ecb.europa.eu\/home\/html\/index.en.html\" target=\"_blank\" rel=\"noopener\">Europeiska centralbanken<\/a><\/li><li><a href=\"https:\/\/www.eib.org\/en\/\" target=\"_blank\" rel=\"noopener\">Europeiska investeringsbanken<\/a><\/li><\/ul>\t\t\t\t\t\t\t\t<\/div>\n\t\t\t\t<\/div>\n\t\t\t\t<div class=\"elementor-element elementor-element-727ce29 elementor-widget elementor-widget-heading\" data-id=\"727ce29\" data-element_type=\"widget\" data-e-type=\"widget\" data-widget_type=\"heading.default\">\n\t\t\t\t<div class=\"elementor-widget-container\">\n\t\t\t\t\t<h3 class=\"elementor-heading-title elementor-size-default\">Brott och straff<\/h3>\t\t\t\t<\/div>\n\t\t\t\t<\/div>\n\t\t\t\t<div class=\"elementor-element elementor-element-37e9d51 elementor-widget elementor-widget-text-editor\" data-id=\"37e9d51\" data-element_type=\"widget\" data-e-type=\"widget\" data-widget_type=\"text-editor.default\">\n\t\t\t\t<div class=\"elementor-widget-container\">\n\t\t\t\t\t\t\t\t\t<ul><li><a href=\"https:\/\/www.europol.europa.eu\/\" target=\"_blank\" rel=\"noopener\">Europol<\/a>\u00a0\u2013 polissamarbetet<\/li><li><a href=\"http:\/\/www.eurojust.europa.eu\/Pages\/home.aspx\" target=\"_blank\" rel=\"noopener\">Eurojust<\/a>\u00a0\u2013 \u00e5klagarsamarbetet<\/li><li><a href=\"http:\/\/www.emcdda.europa.eu\/emcdda-home-page_en\" target=\"_blank\" rel=\"noopener\">EMCDDA<\/a> \u2013 narkotikabyr\u00e5n<\/li><li><a href=\"https:\/\/www.enisa.europa.eu\/\" target=\"_blank\" rel=\"noopener\">Enisa<\/a>\u00a0\u2013 cybers\u00e4kerhet<\/li><li><a href=\"https:\/\/www.consilium.europa.eu\/sv\/policies\/fight-against-terrorism\/counter-terrorism-coordinator\/\" target=\"_blank\" rel=\"noopener\">EUs antiterror-samordnare<\/a><\/li><li><a href=\"https:\/\/euvsdisinfo.eu\/\" target=\"_blank\" rel=\"noopener\">EU versus Desinfo<\/a>\u00a0\u2013 desinformationsbek\u00e4mpning<strong><br \/><\/strong><\/li><li><a href=\"https:\/\/curia.europa.eu\/jcms\/jcms\/index.html\" target=\"_blank\" rel=\"noopener\">EU-domstolen<\/a><\/li><li><a href=\"https:\/\/fra.europa.eu\/en\" target=\"_blank\" rel=\"noopener\">Efra<\/a>\u00a0\u2013 medborgerliga r\u00e4ttigheter<\/li><li><a href=\"https:\/\/www.ombudsman.europa.eu\/sv\/home\" target=\"_blank\" rel=\"noopener\">Ombudsmannen<\/a><\/li><\/ul>\t\t\t\t\t\t\t\t<\/div>\n\t\t\t\t<\/div>\n\t\t\t\t<div class=\"elementor-element elementor-element-a762678 elementor-widget elementor-widget-heading\" data-id=\"a762678\" data-element_type=\"widget\" data-e-type=\"widget\" data-widget_type=\"heading.default\">\n\t\t\t\t<div class=\"elementor-widget-container\">\n\t\t\t\t\t<h3 class=\"elementor-heading-title elementor-size-default\">Om svenska EU-bidragen<\/h3>\t\t\t\t<\/div>\n\t\t\t\t<\/div>\n\t\t\t\t<div class=\"elementor-element elementor-element-8a122c9 elementor-widget elementor-widget-text-editor\" data-id=\"8a122c9\" data-element_type=\"widget\" data-e-type=\"widget\" data-widget_type=\"text-editor.default\">\n\t\t\t\t<div class=\"elementor-widget-container\">\n\t\t\t\t\t\t\t\t\t<ul><li><a href=\"https:\/\/jordbruksverket.se\/aktuellt\/stod-till-konkurrenskraft-miljo-och-levande-landsbygder\" target=\"_blank\" rel=\"noopener\">Jordbruksverket<\/a><\/li><li><a href=\"https:\/\/tillvaxtverket.se\/eu-program.html\" target=\"_blank\" rel=\"noopener\">Tillv\u00e4xtverket<\/a> \u2013 regionala st\u00f6d<\/li><li><a href=\"https:\/\/www.esf.se\/\" target=\"_blank\" rel=\"noopener\">Esf-r\u00e5det<\/a> \u2013 kompetensutveckling, integration, osv<\/li><li><a href=\"https:\/\/www.vinnova.se\/m\/horisont-europa\/\" target=\"_blank\" rel=\"noopener\">Vinnova <\/a>\u2013 forskningsbidrag<\/li><\/ul>\t\t\t\t\t\t\t\t<\/div>\n\t\t\t\t<\/div>\n\t\t\t\t<div class=\"elementor-element elementor-element-4f2aff0 elementor-widget elementor-widget-heading\" data-id=\"4f2aff0\" data-element_type=\"widget\" data-e-type=\"widget\" data-widget_type=\"heading.default\">\n\t\t\t\t<div class=\"elementor-widget-container\">\n\t\t\t\t\t<h3 class=\"elementor-heading-title elementor-size-default\">Kommunalt och regionalt<\/h3>\t\t\t\t<\/div>\n\t\t\t\t<\/div>\n\t\t\t\t<div class=\"elementor-element elementor-element-b659a05 elementor-widget elementor-widget-text-editor\" data-id=\"b659a05\" data-element_type=\"widget\" data-e-type=\"widget\" data-widget_type=\"text-editor.default\">\n\t\t\t\t<div class=\"elementor-widget-container\">\n\t\t\t\t\t\t\t\t\t<ul><li><a href=\"https:\/\/cor.europa.eu\/en\" target=\"_blank\" rel=\"noopener\">EUs regionkommitt\u00e9<\/a><\/li><li><a href=\"https:\/\/skr.se\/skr\/demokratiledningstyrning\/euinternationellt.400.html\" target=\"_blank\" rel=\"noopener\">Sveriges Kommuner och landsting<\/a><\/li><li><a href=\"https:\/\/skr.se\/skr\/omskr\/kontaktaskr\/brysselskrskontor.2042.html\" target=\"_blank\" rel=\"noopener\">SKRs Brysselkontor<\/a><\/li><li><a href=\"https:\/\/skr.se\/skr\/demokratiledningstyrning\/euinternationellt\/skrsochsvenskaregionkontorbryssel.3569.html\" target=\"_blank\" rel=\"noopener\">De svenska regionernas Brysselkontor<\/a><\/li><\/ul>\t\t\t\t\t\t\t\t<\/div>\n\t\t\t\t<\/div>\n\t\t\t\t<div class=\"elementor-element elementor-element-f67884d elementor-widget elementor-widget-heading\" data-id=\"f67884d\" data-element_type=\"widget\" data-e-type=\"widget\" data-widget_type=\"heading.default\">\n\t\t\t\t<div class=\"elementor-widget-container\">\n\t\t\t\t\t<h3 class=\"elementor-heading-title elementor-size-default\">EU p\u00e5 universitetsniv\u00e5<\/h3>\t\t\t\t<\/div>\n\t\t\t\t<\/div>\n\t\t\t\t<div class=\"elementor-element elementor-element-5de7370 elementor-widget elementor-widget-text-editor\" data-id=\"5de7370\" data-element_type=\"widget\" data-e-type=\"widget\" data-widget_type=\"text-editor.default\">\n\t\t\t\t<div class=\"elementor-widget-container\">\n\t\t\t\t\t\t\t\t\t<ul><li><a href=\"http:\/\/www.sieps.se\/\" target=\"_blank\" rel=\"noopener\">Sieps \u2013 svenska institutet f\u00f6r Europastudier<\/a><\/li><li><a href=\"https:\/\/www.cfe.lu.se\/\" target=\"_blank\" rel=\"noopener\">Lunds universitets Europacentrum<\/a><\/li><li><a href=\"https:\/\/www.gu.se\/pressrum\/expertarkivet\/experter-europa-eu-eu-val-brexit\" target=\"_blank\" rel=\"noopener\">G\u00f6teborgs universitets EU-experter<\/a><\/li><\/ul>\t\t\t\t\t\t\t\t<\/div>\n\t\t\t\t<\/div>\n\t\t\t\t<div class=\"elementor-element elementor-element-d4b8bff elementor-widget elementor-widget-heading\" data-id=\"d4b8bff\" data-element_type=\"widget\" data-e-type=\"widget\" data-widget_type=\"heading.default\">\n\t\t\t\t<div class=\"elementor-widget-container\">\n\t\t\t\t\t<h3 class=\"elementor-heading-title elementor-size-default\">Medborgarorganisationer som bevakar EU<\/h3>\t\t\t\t<\/div>\n\t\t\t\t<\/div>\n\t\t\t\t<div class=\"elementor-element elementor-element-7e720b4 elementor-widget elementor-widget-text-editor\" data-id=\"7e720b4\" data-element_type=\"widget\" data-e-type=\"widget\" data-widget_type=\"text-editor.default\">\n\t\t\t\t<div class=\"elementor-widget-container\">\n\t\t\t\t\t\t\t\t\t<p>\u00a0<\/p><ul><li><a href=\"https:\/\/corporateeurope.org\/\" target=\"_blank\" rel=\"noopener\">Corporate Europe Observatory<\/a>\u00a0\u2013 lobbying i EU<\/li><li><a href=\"https:\/\/www.integritywatch.eu\/\" target=\"_blank\" rel=\"noopener\">Integritywatch<\/a>\u00a0\u2013 makthavares m\u00f6ten<\/li><li><a href=\"http:\/\/www.statewatch.org\/\" target=\"_blank\" rel=\"noopener\">Statewatch<\/a>\u00a0\u2013 asyl och m\u00e4nskliga r\u00e4ttigheter<\/li><li><a href=\"https:\/\/www.transparency.org\/\" target=\"_blank\" rel=\"noopener\">Transparency International<\/a>\u00a0\u2013 korruption<\/li><li><a href=\"https:\/\/www.asktheeu.org\/\" target=\"_blank\" rel=\"noopener\">AskTheEU<\/a>\u00a0\u2013 hj\u00e4lp att beg\u00e4ra ut EU-handlingar<\/li><li><a href=\"http:\/\/www.nuclear-transparency-watch.eu\/\" target=\"_blank\" rel=\"noopener\">NuclearWatch<\/a>\u00a0\u2013 k\u00e4rnkraft och atomenergi<\/li><\/ul>\t\t\t\t\t\t\t\t<\/div>\n\t\t\t\t<\/div>\n\t\t\t\t<div class=\"elementor-element elementor-element-3c208e7 elementor-widget elementor-widget-heading\" data-id=\"3c208e7\" data-element_type=\"widget\" data-e-type=\"widget\" data-widget_type=\"heading.default\">\n\t\t\t\t<div class=\"elementor-widget-container\">\n\t\t\t\t\t<h3 class=\"elementor-heading-title elementor-size-default\">Europeiska tankesmedjor<\/h3>\t\t\t\t<\/div>\n\t\t\t\t<\/div>\n\t\t\t\t<div class=\"elementor-element elementor-element-a2bc89c elementor-widget elementor-widget-text-editor\" data-id=\"a2bc89c\" data-element_type=\"widget\" data-e-type=\"widget\" data-widget_type=\"text-editor.default\">\n\t\t\t\t<div class=\"elementor-widget-container\">\n\t\t\t\t\t\t\t\t\t<ul><li><a href=\"http:\/\/bruegel.org\/\" target=\"_blank\" rel=\"noopener\">Bruegel<\/a>\u00a0\u2013 om europeisk ekonomi<\/li><li><a href=\"https:\/\/www.ceps.eu\/\" target=\"_blank\" rel=\"noopener\">Ceps<\/a>\u00a0\u2013 europapolitik, brysselsbaserad<\/li><li><a href=\"http:\/\/www.epc.eu\/\" target=\"_blank\" rel=\"noopener\">EPC<\/a>\u00a0\u2013 akademisk, europapolitk<\/li><li><a href=\"http:\/\/www.kas.de\/\" target=\"_blank\" rel=\"noopener\">Konrad Adenauer Stiftung<\/a>\u00a0\u2013 tysk, global<\/li><li><a href=\"https:\/\/www.bertelsmann-stiftung.de\/de\/startseite\/\" target=\"_blank\" rel=\"noopener\">Bertelsmann Stiftung<\/a>\u00a0\u2013 tysk, europapolitik<\/li><li><a href=\"http:\/\/institutdelors.eu\/\" target=\"_blank\" rel=\"noopener\">Notre Europe<\/a>\u00a0\u2013 fransk, europapolitik och ekonomi<\/li><li><a href=\"https:\/\/www.cer.eu\/\" target=\"_blank\" rel=\"noopener\">CER<\/a>\u00a0\u2013 brittisk om Europa<\/li><li><a href=\"https:\/\/carnegieeurope.eu\/strategiceurope\" target=\"_blank\" rel=\"noopener\">Carnegie<\/a>\u00a0\u2013 amerikansk om Europa<\/li><\/ul>\t\t\t\t\t\t\t\t<\/div>\n\t\t\t\t<\/div>\n\t\t\t\t<div class=\"elementor-element elementor-element-7e8b6b3 elementor-widget elementor-widget-heading\" data-id=\"7e8b6b3\" data-element_type=\"widget\" data-e-type=\"widget\" data-widget_type=\"heading.default\">\n\t\t\t\t<div class=\"elementor-widget-container\">\n\t\t\t\t\t<h3 class=\"elementor-heading-title elementor-size-default\">F\u00f6rbund som bevakar pressfriheten och journalisters arbetsvillkor i Europa<\/h3>\t\t\t\t<\/div>\n\t\t\t\t<\/div>\n\t\t\t\t<div class=\"elementor-element elementor-element-02a17f1 elementor-widget elementor-widget-text-editor\" data-id=\"02a17f1\" data-element_type=\"widget\" data-e-type=\"widget\" data-widget_type=\"text-editor.default\">\n\t\t\t\t<div class=\"elementor-widget-container\">\n\t\t\t\t\t\t\t\t\t<ul><li><a href=\"https:\/\/www.aej.org\/\" target=\"_blank\" rel=\"noopener\">Europeiska journalisters f\u00f6rbund<\/a>, AEJ<\/li><li><a href=\"https:\/\/europeanjournalists.org\/\" target=\"_blank\" rel=\"noopener\">Europeiska journalistf\u00f6rbundet<\/a>, EFJ<\/li><\/ul>\t\t\t\t\t\t\t\t<\/div>\n\t\t\t\t<\/div>\n\t\t\t\t\t<\/div>\n\t\t<\/div>\n\t\t\t\t\t<\/div>\n\t\t<\/section>\n\t\t\t\t<\/div>\n\t\t","protected":false},"excerpt":{"rendered":"<p>H\u00e4r \u00e4r l\u00e4nkarna Genom alla texter p\u00e5 denna sajt finns l\u00e4nkar inlagda. H\u00e4r nedanf\u00f6r finns n\u00e5gra av de viktigaste p\u00e5 nytt, samlade f\u00f6r enkel \u00e5tkomst.\u00a0 Men h\u00e4r finns dessutom \u00e4nnu n\u00e5gra fler som kan vara till hj\u00e4lp. Inneh\u00e5llsf\u00f6rteckning De stora EU-institutionerna EU-kommissionen Press Svenska kontoret Europaparlamentet Svenska kontoret Ministerr\u00e5det Svenska rep:en Om EU:s pengar EUs [&hellip;]<\/p>\n","protected":false},"author":18,"featured_media":2821,"parent":0,"menu_order":20,"comment_status":"closed","ping_status":"closed","template":"","meta":{"_acf_changed":false,"_monsterinsights_skip_tracking":false,"_monsterinsights_sitenote_active":false,"_monsterinsights_sitenote_note":"","_monsterinsights_sitenote_category":0,"footnotes":""},"class_list":["post-2870","page","type-page","status-publish","has-post-thumbnail","hentry"],"acf":[],"_links":{"self":[{"href":"https:\/\/fojo.se\/eu\/wp-json\/wp\/v2\/pages\/2870","targetHints":{"allow":["GET"]}}],"collection":[{"href":"https:\/\/fojo.se\/eu\/wp-json\/wp\/v2\/pages"}],"about":[{"href":"https:\/\/fojo.se\/eu\/wp-json\/wp\/v2\/types\/page"}],"author":[{"embeddable":true,"href":"https:\/\/fojo.se\/eu\/wp-json\/wp\/v2\/users\/18"}],"replies":[{"embeddable":true,"href":"https:\/\/fojo.se\/eu\/wp-json\/wp\/v2\/comments?post=2870"}],"version-history":[{"count":0,"href":"https:\/\/fojo.se\/eu\/wp-json\/wp\/v2\/pages\/2870\/revisions"}],"wp:featuredmedia":[{"embeddable":true,"href":"https:\/\/fojo.se\/eu\/wp-json\/wp\/v2\/media\/2821"}],"wp:attachment":[{"href":"https:\/\/fojo.se\/eu\/wp-json\/wp\/v2\/media?parent=2870"}],"curies":[{"name":"wp","href":"https:\/\/api.w.org\/{rel}","templated":true}]}}