{"id":2818,"date":"2022-03-29T14:33:24","date_gmt":"2022-03-29T14:33:24","guid":{"rendered":"https:\/\/eu-kollen.se\/eukoll2021\/?page_id=2818"},"modified":"2025-02-21T14:46:39","modified_gmt":"2025-02-21T13:46:39","slug":"hit-ringer-du","status":"publish","type":"page","link":"https:\/\/fojo.se\/eu\/hit-ringer-du\/","title":{"rendered":"Hit ringer du"},"content":{"rendered":"\t\t<div data-elementor-type=\"wp-page\" data-elementor-id=\"2818\" class=\"elementor elementor-2818\" data-elementor-post-type=\"page\">\n\t\t\t\t<div class=\"elementor-element elementor-element-1202a0d e-flex e-con-boxed e-con e-parent\" data-id=\"1202a0d\" data-element_type=\"container\" data-e-type=\"container\" data-settings=\"{&quot;background_background&quot;:&quot;classic&quot;}\">\n\t\t\t\t\t<div class=\"e-con-inner\">\n\t\t<div class=\"elementor-element elementor-element-b5f55b6 e-con-full e-flex e-con e-child\" data-id=\"b5f55b6\" data-element_type=\"container\" data-e-type=\"container\">\n\t\t\t\t<div class=\"elementor-element elementor-element-1708c96 elementor-widget elementor-widget-heading\" data-id=\"1708c96\" data-element_type=\"widget\" data-e-type=\"widget\" data-widget_type=\"heading.default\">\n\t\t\t\t<div class=\"elementor-widget-container\">\n\t\t\t\t\t<h1 class=\"elementor-heading-title elementor-size-default\">Hit ringer du<\/h1>\t\t\t\t<\/div>\n\t\t\t\t<\/div>\n\t\t\t\t<\/div>\n\t\t\t\t\t<\/div>\n\t\t\t\t<\/div>\n\t\t<div class=\"elementor-element elementor-element-1d7d3f7 e-flex e-con-boxed e-con e-parent\" data-id=\"1d7d3f7\" data-element_type=\"container\" data-e-type=\"container\" data-settings=\"{&quot;background_background&quot;:&quot;classic&quot;}\">\n\t\t\t\t\t<div class=\"e-con-inner\">\n\t\t\t\t<div class=\"elementor-element elementor-element-c5268c0 elementor-widget elementor-widget-heading\" data-id=\"c5268c0\" data-element_type=\"widget\" data-e-type=\"widget\" data-widget_type=\"heading.default\">\n\t\t\t\t<div class=\"elementor-widget-container\">\n\t\t\t\t\t<h2 class=\"elementor-heading-title elementor-size-default\">Att l\u00e4sa dokument \u00e4r klokt men vid tidsbrist \u00e4r det bara snabba svar som g\u00e4ller. F\u00f6r att veta vad fr\u00e5gan g\u00e4ller, ring de som sysslar med EU-\u00e4renden. F\u00f6r en kommentar, ring europaparlamentari-kerna eller r\u00e4tt intressegrupp.<\/h2>\t\t\t\t<\/div>\n\t\t\t\t<\/div>\n\t\t\t\t\t<\/div>\n\t\t\t\t<\/div>\n\t\t<div class=\"elementor-element elementor-element-9e3002f e-flex e-con-boxed e-con e-parent\" data-id=\"9e3002f\" data-element_type=\"container\" data-e-type=\"container\">\n\t\t\t\t\t<div class=\"e-con-inner\">\n\t\t<div class=\"elementor-element elementor-element-ce96e3b e-con-full e-flex e-con e-child\" data-id=\"ce96e3b\" data-element_type=\"container\" data-e-type=\"container\">\n\t\t\t\t<div class=\"elementor-element elementor-element-a16bb7e elementor-toc--minimized-on-tablet elementor-widget elementor-widget-table-of-contents\" data-id=\"a16bb7e\" data-element_type=\"widget\" data-e-type=\"widget\" data-settings=\"{&quot;headings_by_tags&quot;:[&quot;h3&quot;,&quot;h4&quot;],&quot;exclude_headings_by_selector&quot;:[],&quot;sticky&quot;:&quot;top&quot;,&quot;sticky_offset&quot;:20,&quot;sticky_parent&quot;:&quot;yes&quot;,&quot;no_headings_message&quot;:&quot;Inga rubriker hittades p\\u00e5 denna sida.&quot;,&quot;marker_view&quot;:&quot;bullets&quot;,&quot;icon&quot;:{&quot;value&quot;:&quot;fas fa-circle&quot;,&quot;library&quot;:&quot;fa-solid&quot;,&quot;rendered_tag&quot;:&quot;&lt;svg class=\\&quot;e-font-icon-svg e-fas-circle\\&quot; viewBox=\\&quot;0 0 512 512\\&quot; xmlns=\\&quot;http:\\\/\\\/www.w3.org\\\/2000\\\/svg\\&quot;&gt;&lt;path d=\\&quot;M256 8C119 8 8 119 8 256s111 248 248 248 248-111 248-248S393 8 256 8z\\&quot;&gt;&lt;\\\/path&gt;&lt;\\\/svg&gt;&quot;},&quot;minimize_box&quot;:&quot;yes&quot;,&quot;minimized_on&quot;:&quot;tablet&quot;,&quot;hierarchical_view&quot;:&quot;yes&quot;,&quot;min_height&quot;:{&quot;unit&quot;:&quot;px&quot;,&quot;size&quot;:&quot;&quot;,&quot;sizes&quot;:[]},&quot;min_height_laptop&quot;:{&quot;unit&quot;:&quot;px&quot;,&quot;size&quot;:&quot;&quot;,&quot;sizes&quot;:[]},&quot;min_height_tablet&quot;:{&quot;unit&quot;:&quot;px&quot;,&quot;size&quot;:&quot;&quot;,&quot;sizes&quot;:[]},&quot;min_height_mobile&quot;:{&quot;unit&quot;:&quot;px&quot;,&quot;size&quot;:&quot;&quot;,&quot;sizes&quot;:[]},&quot;sticky_on&quot;:[&quot;desktop&quot;,&quot;laptop&quot;,&quot;tablet&quot;,&quot;mobile&quot;],&quot;sticky_effects_offset&quot;:0,&quot;sticky_anchor_link_offset&quot;:0}\" data-widget_type=\"table-of-contents.default\">\n\t\t\t\t<div class=\"elementor-widget-container\">\n\t\t\t\t\t\t\t\t\t<div class=\"elementor-toc__header\">\n\t\t\t\t\t\t<h6 class=\"elementor-toc__header-title\">\n\t\t\t\tInneh\u00e5llsf\u00f6rteckning\t\t\t<\/h6>\n\t\t\t\t\t\t\t\t\t\t<div class=\"elementor-toc__toggle-button elementor-toc__toggle-button--expand\" role=\"button\" tabindex=\"0\" aria-controls=\"elementor-toc__a16bb7e\" aria-expanded=\"true\" aria-label=\"\u00d6ppna inneh\u00e5llsf\u00f6rteckning\"><svg aria-hidden=\"true\" class=\"e-font-icon-svg e-fas-chevron-down\" viewBox=\"0 0 448 512\" xmlns=\"http:\/\/www.w3.org\/2000\/svg\"><path d=\"M207.029 381.476L12.686 187.132c-9.373-9.373-9.373-24.569 0-33.941l22.667-22.667c9.357-9.357 24.522-9.375 33.901-.04L224 284.505l154.745-154.021c9.379-9.335 24.544-9.317 33.901.04l22.667 22.667c9.373 9.373 9.373 24.569 0 33.941L240.971 381.476c-9.373 9.372-24.569 9.372-33.942 0z\"><\/path><\/svg><\/div>\n\t\t\t\t<div class=\"elementor-toc__toggle-button elementor-toc__toggle-button--collapse\" role=\"button\" tabindex=\"0\" aria-controls=\"elementor-toc__a16bb7e\" aria-expanded=\"true\" aria-label=\"St\u00e4ng inneh\u00e5llsf\u00f6rteckning\"><svg aria-hidden=\"true\" class=\"e-font-icon-svg e-fas-chevron-up\" viewBox=\"0 0 448 512\" xmlns=\"http:\/\/www.w3.org\/2000\/svg\"><path d=\"M240.971 130.524l194.343 194.343c9.373 9.373 9.373 24.569 0 33.941l-22.667 22.667c-9.357 9.357-24.522 9.375-33.901.04L224 227.495 69.255 381.516c-9.379 9.335-24.544 9.317-33.901-.04l-22.667-22.667c-9.373-9.373-9.373-24.569 0-33.941L207.03 130.525c9.372-9.373 24.568-9.373 33.941-.001z\"><\/path><\/svg><\/div>\n\t\t\t\t\t<\/div>\n\t\t\t\t<div id=\"elementor-toc__a16bb7e\" class=\"elementor-toc__body\">\n\t\t\t<div class=\"elementor-toc__spinner-container\">\n\t\t\t\t<svg class=\"elementor-toc__spinner eicon-animation-spin e-font-icon-svg e-eicon-loading\" aria-hidden=\"true\" viewBox=\"0 0 1000 1000\" xmlns=\"http:\/\/www.w3.org\/2000\/svg\"><path d=\"M500 975V858C696 858 858 696 858 500S696 142 500 142 142 304 142 500H25C25 237 238 25 500 25S975 237 975 500 763 975 500 975Z\"><\/path><\/svg>\t\t\t<\/div>\n\t\t<\/div>\n\t\t\t\t\t\t<\/div>\n\t\t\t\t<\/div>\n\t\t\t\t<\/div>\n\t\t<div class=\"elementor-element elementor-element-34a33cb e-con-full e-flex e-con e-child\" data-id=\"34a33cb\" data-element_type=\"container\" data-e-type=\"container\">\n\t\t\t\t<div class=\"elementor-element elementor-element-f0fae8c elementor-widget elementor-widget-heading\" data-id=\"f0fae8c\" data-element_type=\"widget\" data-e-type=\"widget\" data-widget_type=\"heading.default\">\n\t\t\t\t<div class=\"elementor-widget-container\">\n\t\t\t\t\t<h3 class=\"elementor-heading-title elementor-size-default\">F\u00f6r att s\u00e4tta sig in i l\u00e4get<\/h3>\t\t\t\t<\/div>\n\t\t\t\t<\/div>\n\t\t\t\t<div class=\"elementor-element elementor-element-dc04c63 elementor-widget elementor-widget-heading\" data-id=\"dc04c63\" data-element_type=\"widget\" data-e-type=\"widget\" data-widget_type=\"heading.default\">\n\t\t\t\t<div class=\"elementor-widget-container\">\n\t\t\t\t\t<h4 class=\"elementor-heading-title elementor-size-default\">EU-kommissionen<\/h4>\t\t\t\t<\/div>\n\t\t\t\t<\/div>\n\t\t\t\t<div class=\"elementor-element elementor-element-dba9d5e elementor-widget elementor-widget-text-editor\" data-id=\"dba9d5e\" data-element_type=\"widget\" data-e-type=\"widget\" data-widget_type=\"text-editor.default\">\n\t\t\t\t<div class=\"elementor-widget-container\">\n\t\t\t\t\t\t\t\t\t<p>Om det g\u00e4ller ett\u00a0<strong>EU-f\u00f6rslag<\/strong>, ett\u00a0<strong>konkurrens\u00e4rende<\/strong>, eller\u00a0<strong>statistik<\/strong>.<\/p><p>Enklast kanske \u00e4r att b\u00f6rja p\u00e5\u00a0<a href=\"https:\/\/ec.europa.eu\/sweden\/home_sv\" target=\"_blank\" rel=\"noopener noreferrer\">EU-kommissionens kontor i Stockholm<\/a>. De har en presstj\u00e4nst som kan svara p\u00e5 en del men framf\u00f6rallt kan de ta reda p\u00e5 det du beh\u00f6ver veta. Eller slussa vidare.<\/p><p><a href=\"https:\/\/ec.europa.eu\/info\/contact\/press-services\/press-contacts\/press-contacts-spokespersons-service_sv\" target=\"_blank\" rel=\"noopener noreferrer\">EU-kommissionens presstj\u00e4nst<\/a>\u00a0i Bryssel \u00e4r annars v\u00e4lbemannad. Den best\u00e5r av en talesperson per kommission\u00e4r (= olika sakomr\u00e5den) och dessutom har alla talespersoner assistenter.<\/p><p>De har bakgrund, fakta och statistik, de vet hur l\u00e4get ser ut i olika EU-l\u00e4nder, de kan f\u00f6rklara avsikten med ett f\u00f6rslag och hur EU-lagstiftningen fungerar.<br \/>Obs, inte alla f\u00e5r uttala sig med namn till massmedia och de kan d\u00e4rf\u00f6r be om att inte bli citerade.<\/p><p>Att prata med handl\u00e4ggare p\u00e5 EU-kommissionen \u00e4r inte om\u00f6jligt men kom ih\u00e5g att de f\u00e5r inte heller uttala sig till media i EU-kommissionens namn och kan d\u00e4rf\u00f6r inte citeras. Den information du f\u00e5r \u00e4r d\u00e4rf\u00f6r enbart bakgrund. (Som regel skickar de dock dig tillbaka till presstj\u00e4nsten f\u00f6r att slippa r\u00e5ka illa ut med en journalist som inte respekterar \u201doff the record-principen\u201d.)<\/p>\t\t\t\t\t\t\t\t<\/div>\n\t\t\t\t<\/div>\n\t\t\t\t<div class=\"elementor-element elementor-element-08e3b81 elementor-widget elementor-widget-heading\" data-id=\"08e3b81\" data-element_type=\"widget\" data-e-type=\"widget\" data-widget_type=\"heading.default\">\n\t\t\t\t<div class=\"elementor-widget-container\">\n\t\t\t\t\t<h4 class=\"elementor-heading-title elementor-size-default\">Ministerr\u00e5det<\/h4>\t\t\t\t<\/div>\n\t\t\t\t<\/div>\n\t\t\t\t<div class=\"elementor-element elementor-element-266d23e elementor-widget elementor-widget-text-editor\" data-id=\"266d23e\" data-element_type=\"widget\" data-e-type=\"widget\" data-widget_type=\"text-editor.default\">\n\t\t\t\t<div class=\"elementor-widget-container\">\n\t\t\t\t\t\t\t\t\t<p>Om det p\u00e5g\u00e5r\u00a0<strong>f\u00f6rhandlingar<\/strong>, om\u00a0<strong>utrikespolitik<\/strong>\u00a0och\u00a0<strong>toppm\u00f6ten<\/strong>\u00a0\u00e4r ministerr\u00e5det eller parlamentet r\u00e4tt plats.<\/p><p><a href=\"https:\/\/www.consilium.europa.eu\/en\/press\/contacts\/\" target=\"_blank\" rel=\"noopener noreferrer\">EU:s ministerr\u00e5d har en presstj\u00e4nst<\/a>\u00a0d\u00e4r talesm\u00e4nnen \u00e4r uppdelade per ministerr\u00e5d (= olika sakomr\u00e5den).<br \/>De har all bakgrund, de vet var skiljelinjerna g\u00e5r mellan olika l\u00e4nder och kan ofta gissa hur n\u00e4ra ett f\u00f6rslag i f\u00f6rhandlingarna \u00e4r att n\u00e5 i m\u00e5l.<\/p><p>Ministrar \u00e4r ju inte alltid p\u00e5 plats i Bryssel och n\u00e4r de inte \u00e4r det, f\u00f6rhandlas fr\u00e5gorna mellan EU-l\u00e4ndernas permanenta representationer i Bryssel. N\u00e4r ambassad\u00f6rerna m\u00f6ts heter de\u00a0<a href=\"https:\/\/www.consilium.europa.eu\/sv\/council-eu\/preparatory-bodies\/coreper-i\/\" target=\"_blank\" rel=\"noopener noreferrer\">Coreper I<\/a>\u00a0(fiske och jordbruk, konkurrens, arbetsmarknad, milj\u00f6 och transport) eller\u00a0<a href=\"https:\/\/www.consilium.europa.eu\/sv\/council-eu\/preparatory-bodies\/coreper-ii\/\" target=\"_blank\" rel=\"noopener noreferrer\">Coreper II<\/a>\u00a0(utrikes, ekofin, inrikes och juridiska fr\u00e5gor, toppm\u00f6tet).<\/p><p>Den\u00a0<a href=\"https:\/\/www.regeringen.se\/sverige-i-eu\/eu-representationen\/\" target=\"_blank\" rel=\"noopener noreferrer\">svenska representationen i Bryssel<\/a> har under ledning av sin ambassad\u00f6r (f\u00f6r n\u00e4rvarande Mikaela Kumlin) 120 personer anst\u00e4llda vilka ofta h\u00e4mtats direkt fr\u00e5n sakdepartement f\u00f6r att f\u00f6lja sina fr\u00e5gor i EUs beslutsprocess.<\/p><p>H\u00e4r\u00a0<a href=\"https:\/\/www.regeringen.se\/sverige-i-eu\/eu-representationen\/eu-representationens-presskontakter\/\" target=\"_blank\" rel=\"noopener noreferrer\">finns ett svenskt pressr\u00e5d<\/a>\u00a0med flera assistenter.<\/p><p>Varje EU-land har sin egen\u00a0<strong>permanenta representation<\/strong>\u00a0i Bryssel med uts\u00e4nda.\u00a0Talespersonen d\u00e4r, p\u00e5 respektive lands representation, kan ber\u00e4tta hur deras land ser p\u00e5 olika EU-f\u00f6rslag.<\/p>\t\t\t\t\t\t\t\t<\/div>\n\t\t\t\t<\/div>\n\t\t\t\t<div class=\"elementor-element elementor-element-c23a09d elementor-widget elementor-widget-heading\" data-id=\"c23a09d\" data-element_type=\"widget\" data-e-type=\"widget\" data-widget_type=\"heading.default\">\n\t\t\t\t<div class=\"elementor-widget-container\">\n\t\t\t\t\t<h3 class=\"elementor-heading-title elementor-size-default\">F\u00f6r att f\u00e5 kommentarer<\/h3>\t\t\t\t<\/div>\n\t\t\t\t<\/div>\n\t\t\t\t<div class=\"elementor-element elementor-element-0269f1c elementor-widget elementor-widget-heading\" data-id=\"0269f1c\" data-element_type=\"widget\" data-e-type=\"widget\" data-widget_type=\"heading.default\">\n\t\t\t\t<div class=\"elementor-widget-container\">\n\t\t\t\t\t<h4 class=\"elementor-heading-title elementor-size-default\">Europaparlamentet<\/h4>\t\t\t\t<\/div>\n\t\t\t\t<\/div>\n\t\t\t\t<div class=\"elementor-element elementor-element-097dc59 elementor-widget elementor-widget-text-editor\" data-id=\"097dc59\" data-element_type=\"widget\" data-e-type=\"widget\" data-widget_type=\"text-editor.default\">\n\t\t\t\t<div class=\"elementor-widget-container\">\n\t\t\t\t\t\t\t\t\t<p>Europaparlamentet \u00e4r allts\u00e5 med-lagstiftare i EU. Ledam\u00f6terna h\u00e4r blir v\u00e4ldigt glada att h\u00f6ra av journalister och kommenterar g\u00e4rna det som p\u00e5g\u00e5r. \u00c4ven Europaparlamentet har ett <a href=\"http:\/\/www.europarl.europa.eu\/europahuset\/\" target=\"_blank\" rel=\"noopener noreferrer\">kontor i Stockholm<\/a>\u00a0d\u00e4r man kan f\u00e5 hj\u00e4lp att hitta r\u00e4tt.<\/p><p>Europaparlamentet har f\u00f6rst\u00e5s ocks\u00e5\u00a0<a href=\"http:\/\/www.europarl.europa.eu\/pdfs\/news\/public\/contact\/ep-presscontact-en.pdf\" target=\"_blank\" rel=\"noopener noreferrer\">en presstj\u00e4nst<\/a>\u00a0som kan bist\u00e5 med information om var f\u00f6rslagen ligger, vem som \u00e4r rapport\u00f6r, n\u00e4r en fr\u00e5ga kommer upp till behandling, och s\u00e5 vidare.<\/p><p>F\u00f6r att f\u00e5 veta mer om inneh\u00e5ll i en specifik politisk diskussionen, \u00e4r r\u00e4tt person den som \u00e4r rapport\u00f6r (beredande parlamentsledamot) i ett \u00e4rende. Vem rapport\u00f6ren \u00e4r i ditt \u00e4rende <a href=\"https:\/\/oeil.secure.europarl.europa.eu\/oeil\/home\/home.do\" target=\"_blank\" rel=\"noopener noreferrer\">hittar du h\u00e4r.<\/a><\/p><p>Kontaktuppgifter f\u00f6r\u00a0<a href=\"http:\/\/www.europarl.europa.eu\/meps\/en\/search\/advanced\" target=\"_blank\" rel=\"noopener noreferrer\">alla ledam\u00f6ter finns h\u00e4r.<\/a><\/p><p>F\u00f6r varje rapport\u00f6r finns dessutom skuggrapport\u00f6rer i \u00f6vriga partigrupper som f\u00f6ljer \u00e4rendet n\u00e4ra <a href=\"https:\/\/oeil.secure.europarl.europa.eu\/oeil\/home\/home.do\" target=\"_blank\" rel=\"noopener noreferrer\">(samma l\u00e4nk som ovan)<\/a>.<br \/>Alternativt kan man g\u00e5 till det utskott d\u00e4r rapporten behandlas (<a href=\"https:\/\/oeil.secure.europarl.europa.eu\/oeil\/home\/home.do\" target=\"_blank\" rel=\"noopener noreferrer\">l\u00e4nken ovan igen)<\/a>\u00a0och se om det inte finns en svensk ledamot i utskottet.<\/p>\t\t\t\t\t\t\t\t<\/div>\n\t\t\t\t<\/div>\n\t\t\t\t<div class=\"elementor-element elementor-element-50ff88b elementor-widget elementor-widget-heading\" data-id=\"50ff88b\" data-element_type=\"widget\" data-e-type=\"widget\" data-widget_type=\"heading.default\">\n\t\t\t\t<div class=\"elementor-widget-container\">\n\t\t\t\t\t<h4 class=\"elementor-heading-title elementor-size-default\">Lobbyister<\/h4>\t\t\t\t<\/div>\n\t\t\t\t<\/div>\n\t\t\t\t<div class=\"elementor-element elementor-element-5df0c80 elementor-widget elementor-widget-text-editor\" data-id=\"5df0c80\" data-element_type=\"widget\" data-e-type=\"widget\" data-widget_type=\"text-editor.default\">\n\t\t\t\t<div class=\"elementor-widget-container\">\n\t\t\t\t\t\t\t\t\t<p>Varje EU-fr\u00e5ga har sina\u00a0<a href=\"http:\/\/ec.europa.eu\/transparencyregister\/public\/homePage.do?redir=false&amp;locale=en\" target=\"_blank\" rel=\"noopener noreferrer\">lobbyister<\/a>\u00a0\u2013 f\u00f6retag eller intresseorganisationer fr\u00e5n n\u00e4ringslivet, milj\u00f6r\u00f6relsen, medborgarr\u00e4ttsgrupper, fackf\u00f6rbund, konsumentintressen, och s\u00e5 vidare. De f\u00f6ljer \u201dsina\u201d lagstiftnings\u00e4renden extremt n\u00e4ra, de kan ber\u00e4tta om problem eller f\u00f6rdelar med f\u00f6rslaget f\u00f6r just deras grupp.<\/p><p>De allra flesta har kontor i Bryssel f\u00f6r att inte missa n\u00e5got.<\/p><p>Paraply f\u00f6r n\u00e4ringslivet heter\u00a0<a href=\"https:\/\/www.businesseurope.eu\/\" target=\"_blank\" rel=\"noopener noreferrer\">Business Europe.<\/a><\/p><p>Fackf\u00f6rbunden finns hos\u00a0<a href=\"https:\/\/www.etuc.org\/en\" target=\"_blank\" rel=\"noopener noreferrer\">Etuc<\/a>.<\/p><p>I Bryssel finns sedan alla stora grupper representerade som Amnesty, Greenpeace, R\u00e4dda Barnen, konsumentorganisationerna, kyrkorna, jordbrukssektorn, migrantorganisationer\u2026<\/p><p>Alla lobbyister som har registrerat sig finns i detta\u00a0<a href=\"http:\/\/ec.europa.eu\/transparencyregister\/public\/homePage.do\" target=\"_blank\" rel=\"noopener noreferrer\">\u201dTransparency Register.\u201d<\/a><\/p>\t\t\t\t\t\t\t\t<\/div>\n\t\t\t\t<\/div>\n\t\t\t\t<div class=\"elementor-element elementor-element-2b3f444 elementor-widget elementor-widget-heading\" data-id=\"2b3f444\" data-element_type=\"widget\" data-e-type=\"widget\" data-widget_type=\"heading.default\">\n\t\t\t\t<div class=\"elementor-widget-container\">\n\t\t\t\t\t<h4 class=\"elementor-heading-title elementor-size-default\">Regionala och lokala organ<\/h4>\t\t\t\t<\/div>\n\t\t\t\t<\/div>\n\t\t\t\t<div class=\"elementor-element elementor-element-59153e5 elementor-widget elementor-widget-text-editor\" data-id=\"59153e5\" data-element_type=\"widget\" data-e-type=\"widget\" data-widget_type=\"text-editor.default\">\n\t\t\t\t<div class=\"elementor-widget-container\">\n\t\t\t\t\t\t\t\t\t<p>Det finns mer \u00e4n 300 kontor fr\u00e5n regionala och lokala organ i Bryssel som f\u00f6ljer med i allt som kan ang\u00e5 dem.<\/p><p>Tio av dessa \u00e4r <a href=\"https:\/\/skr.se\/skr\/demokratiledningstyrning\/euinternationellt\/skrsochsvenskaregionkontorbryssel.3569.html\" target=\"_blank\" rel=\"noopener\">svenska regionalkontor<\/a>. Dessutom har\u00a0Sveriges Kommuner och Landsting, SKL, <a href=\"https:\/\/skr.se\/skr\/demokratiledningstyrning\/euinternationellt\/skrsochsvenskaregionkontorbryssel.3569.html\" target=\"_blank\" rel=\"noopener\">ett eget Brysselkontor.<\/a><br \/><br \/>EU har ett remissorgan f\u00f6r alla fr\u00e5gor som ber\u00f6r regioner &#8211; det heter<a href=\"https:\/\/cor.europa.eu\/sv\" target=\"_blank\" rel=\"noopener\"> EU:s regionkommitt\u00e9.<\/a><\/p>\t\t\t\t\t\t\t\t<\/div>\n\t\t\t\t<\/div>\n\t\t\t\t<div class=\"elementor-element elementor-element-83676be elementor-widget elementor-widget-heading\" data-id=\"83676be\" data-element_type=\"widget\" data-e-type=\"widget\" data-widget_type=\"heading.default\">\n\t\t\t\t<div class=\"elementor-widget-container\">\n\t\t\t\t\t<h4 class=\"elementor-heading-title elementor-size-default\">EU-n\u00e4mnden<\/h4>\t\t\t\t<\/div>\n\t\t\t\t<\/div>\n\t\t\t\t<div class=\"elementor-element elementor-element-69705d6 elementor-widget elementor-widget-text-editor\" data-id=\"69705d6\" data-element_type=\"widget\" data-e-type=\"widget\" data-widget_type=\"text-editor.default\">\n\t\t\t\t<div class=\"elementor-widget-container\">\n\t\t\t\t\t\t\t\t\t<p>I Sverige behandlas EU-f\u00f6rslag dels i\u00a0<a href=\"http:\/\/www.riksdagen.se\/sv\/sa-funkar-riksdagen\/arbetet-i-riksdagen\/sa-arbetar-utskotten\/\" target=\"_blank\" rel=\"noopener noreferrer\">riksdagens fackutskott<\/a>\u00a0men kanske framf\u00f6rallt i\u00a0<a href=\"http:\/\/www.riksdagen.se\/sv\/sa-funkar-riksdagen\/arbetet-i-riksdagen\/sa-arbetar-eu-namnden\/\" target=\"_blank\" rel=\"noopener noreferrer\">EU-n\u00e4mnden<\/a>, det utskott som ger mandat till svenska ministrar p\u00e5 v\u00e4g ner till Bryssel f\u00f6r att f\u00f6rhandla.<\/p><p>Ledam\u00f6terna i EU-n\u00e4mnden b\u00f6r kunna ber\u00e4tta vad deras parti har f\u00f6r \u00e5sikt om p\u00e5g\u00e5ende EU-diskussioner.<\/p>\t\t\t\t\t\t\t\t<\/div>\n\t\t\t\t<\/div>\n\t\t\t\t<div class=\"elementor-element elementor-element-c2cca05 elementor-widget elementor-widget-heading\" data-id=\"c2cca05\" data-element_type=\"widget\" data-e-type=\"widget\" data-widget_type=\"heading.default\">\n\t\t\t\t<div class=\"elementor-widget-container\">\n\t\t\t\t\t<h4 class=\"elementor-heading-title elementor-size-default\">Europaministern<\/h4>\t\t\t\t<\/div>\n\t\t\t\t<\/div>\n\t\t\t\t<div class=\"elementor-element elementor-element-eb998c8 elementor-widget elementor-widget-text-editor\" data-id=\"eb998c8\" data-element_type=\"widget\" data-e-type=\"widget\" data-widget_type=\"text-editor.default\">\n\t\t\t\t<div class=\"elementor-widget-container\">\n\t\t\t\t\t\t\t\t\t<p><a href=\"https:\/\/www.regeringen.se\/sveriges-regering\/statsradsberedningen\/jessika-roswall\/\" target=\"_blank\" rel=\"noopener\">Europaministern<\/a> deltar i vissa r\u00e5dsm\u00f6ten i Bryssel och har inte minst ett ansvar f\u00f6r EU-information p\u00e5 hemmaplan.<\/p>\t\t\t\t\t\t\t\t<\/div>\n\t\t\t\t<\/div>\n\t\t\t\t<div class=\"elementor-element elementor-element-3f8e9e2 elementor-widget elementor-widget-heading\" data-id=\"3f8e9e2\" data-element_type=\"widget\" data-e-type=\"widget\" data-widget_type=\"heading.default\">\n\t\t\t\t<div class=\"elementor-widget-container\">\n\t\t\t\t\t<h4 class=\"elementor-heading-title elementor-size-default\">Svenska myndigheter<\/h4>\t\t\t\t<\/div>\n\t\t\t\t<\/div>\n\t\t\t\t<div class=\"elementor-element elementor-element-4cd4c33 elementor-widget elementor-widget-text-editor\" data-id=\"4cd4c33\" data-element_type=\"widget\" data-e-type=\"widget\" data-widget_type=\"text-editor.default\">\n\t\t\t\t<div class=\"elementor-widget-container\">\n\t\t\t\t\t\t\t\t\t<p><a href=\"https:\/\/www.regeringen.se\/lattlast-information-om-regeringen-och-regeringskansliet\/myndigheter\/\" target=\"_blank\" rel=\"noopener noreferrer\">Svenska myndigheter<\/a>\u00a0ber\u00f6rs ofta direkt av EU-lagstiftning och bist\u00e5r departementen n\u00e4r en svensk st\u00e5ndpunkt ska arbetas ut inf\u00f6r f\u00f6rhandlingarna.<br \/>Deras handl\u00e4ggare ing\u00e5r ofta i EU-kommissionens expertgrupper som beslutar om teknikaliteter i lagstiftningen.<\/p><p>Vissa myndigheter ber\u00e4ttar p\u00e5 sin hemsida vilka EU-kommitt\u00e9er de sitter i och vilken handl\u00e4ggare man kan s\u00f6ka. <br \/>Andra g\u00f6r det inte. Men det l\u00f6nar sig alltid att ringa v\u00e4xeln, n\u00e5gon har alltid ett direkt ansvar att f\u00f6lja den fr\u00e5ga du jobbar med.<\/p>\t\t\t\t\t\t\t\t<\/div>\n\t\t\t\t<\/div>\n\t\t\t\t<div class=\"elementor-element elementor-element-adb849b elementor-widget elementor-widget-heading\" data-id=\"adb849b\" data-element_type=\"widget\" data-e-type=\"widget\" data-widget_type=\"heading.default\">\n\t\t\t\t<div class=\"elementor-widget-container\">\n\t\t\t\t\t<h4 class=\"elementor-heading-title elementor-size-default\">Akademiker<\/h4>\t\t\t\t<\/div>\n\t\t\t\t<\/div>\n\t\t\t\t<div class=\"elementor-element elementor-element-1bf521f elementor-widget elementor-widget-text-editor\" data-id=\"1bf521f\" data-element_type=\"widget\" data-e-type=\"widget\" data-widget_type=\"text-editor.default\">\n\t\t\t\t<div class=\"elementor-widget-container\">\n\t\t\t\t\t\t\t\t\t<p>Akademiker sitter ofta p\u00e5 god sakkunskap och kan kommentera:<\/p><ul><li><a href=\"http:\/\/www.sieps.se\/\" target=\"_blank\" rel=\"noopener noreferrer\">Sieps \u2013 svenska institutet f\u00f6r europastudier<\/a><\/li><li><a href=\"https:\/\/www.cfe.lu.se\/\" target=\"_blank\" rel=\"noopener noreferrer\">Lunds universitets europacentrum<\/a><\/li><li><a href=\"https:\/\/www.gu.se\/pressrum\/expertarkivet\/experter-europa-eu-eu-val-brexit\" target=\"_blank\" rel=\"noopener\">G\u00f6teborgs universitets EU-experter<\/a><\/li><li><a href=\"https:\/\/www.ui.se\/\" target=\"_blank\" rel=\"noopener noreferrer\">Utrikespolitiska institutet<\/a><\/li><\/ul>\t\t\t\t\t\t\t\t<\/div>\n\t\t\t\t<\/div>\n\t\t\t\t<\/div>\n\t\t\t\t\t<\/div>\n\t\t\t\t<\/div>\n\t\t\t\t<\/div>\n\t\t","protected":false},"excerpt":{"rendered":"<p>Hit ringer du Att l\u00e4sa dokument \u00e4r klokt men vid tidsbrist \u00e4r det bara snabba svar som g\u00e4ller. F\u00f6r att veta vad fr\u00e5gan g\u00e4ller, ring de som sysslar med EU-\u00e4renden. F\u00f6r en kommentar, ring europaparlamentari-kerna eller r\u00e4tt intressegrupp. Inneh\u00e5llsf\u00f6rteckning F\u00f6r att s\u00e4tta sig in i l\u00e4get EU-kommissionen Om det g\u00e4ller ett\u00a0EU-f\u00f6rslag, ett\u00a0konkurrens\u00e4rende, eller\u00a0statistik. Enklast kanske [&hellip;]<\/p>\n","protected":false},"author":18,"featured_media":2821,"parent":0,"menu_order":20,"comment_status":"closed","ping_status":"closed","template":"","meta":{"_acf_changed":false,"_monsterinsights_skip_tracking":false,"_monsterinsights_sitenote_active":false,"_monsterinsights_sitenote_note":"","_monsterinsights_sitenote_category":0,"footnotes":""},"class_list":["post-2818","page","type-page","status-publish","has-post-thumbnail","hentry"],"acf":[],"_links":{"self":[{"href":"https:\/\/fojo.se\/eu\/wp-json\/wp\/v2\/pages\/2818","targetHints":{"allow":["GET"]}}],"collection":[{"href":"https:\/\/fojo.se\/eu\/wp-json\/wp\/v2\/pages"}],"about":[{"href":"https:\/\/fojo.se\/eu\/wp-json\/wp\/v2\/types\/page"}],"author":[{"embeddable":true,"href":"https:\/\/fojo.se\/eu\/wp-json\/wp\/v2\/users\/18"}],"replies":[{"embeddable":true,"href":"https:\/\/fojo.se\/eu\/wp-json\/wp\/v2\/comments?post=2818"}],"version-history":[{"count":3,"href":"https:\/\/fojo.se\/eu\/wp-json\/wp\/v2\/pages\/2818\/revisions"}],"predecessor-version":[{"id":4960,"href":"https:\/\/fojo.se\/eu\/wp-json\/wp\/v2\/pages\/2818\/revisions\/4960"}],"wp:featuredmedia":[{"embeddable":true,"href":"https:\/\/fojo.se\/eu\/wp-json\/wp\/v2\/media\/2821"}],"wp:attachment":[{"href":"https:\/\/fojo.se\/eu\/wp-json\/wp\/v2\/media?parent=2818"}],"curies":[{"name":"wp","href":"https:\/\/api.w.org\/{rel}","templated":true}]}}